{"id":13314,"date":"2023-04-16T00:12:40","date_gmt":"2023-04-15T22:12:40","guid":{"rendered":"https:\/\/oip-import-export.com\/?page_id=13314"},"modified":"2023-11-13T22:33:48","modified_gmt":"2023-11-13T21:33:48","slug":"mbl-noble-line","status":"publish","type":"page","link":"http:\/\/oip-luxware.com\/de\/mbl-noble-line\/","title":{"rendered":"MBL &#8211; NOBLE LINE"},"content":{"rendered":"<section class=\"wpb-content-wrapper\"><div class=\"vc-custom-col-spacing clearfix vc-col-spacing-30\"><section class=\"wpb_row vc_row-fluid no-padding row-content-position-Default\"><div class=\"row-inner clearfix\"><div class=\"wpb_column vc_column_container vc_col-sm-12\"><div class=\"vc_column-inner\"><div class=\"wpb_wrapper\"><div class=\"prelude-simple-image simple\" style=\"\">\r\n\t\t\t\t<img alt=\"image\" src=\"https:\/\/oip-luxware.com\/wp-content\/uploads\/2023\/04\/NobleLine_Main-Picture-scaled-e1682442854574.jpg\" \/> \r\n\t\t\t<\/div><\/div><\/div><\/div><\/div><\/section><\/div><div class=\"vc-custom-col-spacing clearfix vc-col-spacing-30\"><section class=\"wpb_row vc_row-fluid row-content-position-Default\"><div class=\"prelude-container\"><div class=\"row-inner clearfix\"><div class=\"wpb_column vc_column_container vc_col-sm-12\"><div class=\"vc_column-inner\"><div class=\"wpb_wrapper\">\r\n\t<div class=\"prelude-spacer clearfix\" data-desktop=\"97\" data-mobi=\"60\" data-smobi=\"60\"><\/div><div class=\"prelude-headings clearfix\" data-font=\"14\" style=\"\"><h3 class=\"heading clearfix  accent\" style=\"font-weight:500;letter-spacing:0.25px;margin-bottom:15px;font-size:14px;\">\r\n\t\tAkribie mit Absicht. Starke Statement.\r\n\t<\/h3><\/div>\n\t<div class=\"wpb_text_column wpb_content_element\" >\n\t\t<div class=\"wpb_wrapper\">\n\t\t\t<h2 style=\"max-width: 700px; font-weight: 600; margin-bottom: 0;\"><b>MBL NOBLE LINE<\/b><\/h2>\n\n\t\t<\/div>\n\t<\/div>\n\r\n\t<div class=\"prelude-spacer clearfix\" data-desktop=\"80\" data-mobi=\"50\" data-smobi=\"50\"><\/div><div class=\"prelude-content-box clearfix\" ><div class=\"vc-custom-col-inner-spacing clearfix vc-col-inner-spacing-30\"><div class=\"wpb_row vc_inner vc_row-fluid\"><div class=\"wpb_column vc_column_container vc_col-sm-12\"><div class=\"vc_column-inner\"><div class=\"wpb_wrapper\">\n\t<div class=\"wpb_text_column wpb_content_element\" >\n\t\t<div class=\"wpb_wrapper\">\n\t\t\t<p><span style=\"font-weight: 400;\">Die Noble Line von MBL vereint funktionale Eleganz, Spitzentechnologie und eine Klangqualit\u00e4t, die geradezu transzendent ist, zu einer gro\u00dfartigen Serie von Bestsellern. Gleichzeitig bietet die Noble Line eine euphorische Kombination aus Qualit\u00e4t, Leistung und Wertigkeit, die den H\u00f6rer in eine v\u00f6llig neue Dimension des H\u00f6rvergn\u00fcgens entf\u00fchrt.<\/span><\/p>\n<p><span style=\"font-weight: 400;\">Die Noble Line wurde von Anfang bis Ende in den MBL-Ingenieurslabors entwickelt und konstruiert. Sie baut auf dem erfolgreichen Designansatz und den Materialien der ber\u00fchmten Reference Line auf und rundet sie mit bahnbrechenden technischen Innovationen, Schaltungen und Betriebskonzepten ab. MBLs einzigartige\u00a0<\/span><i><span style=\"font-weight: 400;\">Linear Analogue Switching Amplifier<\/span><\/i><span style=\"font-weight: 400;\">\u00a0Technologie (LASA 2.0), die auf der bahnbrechenden LASA-Technologie aufbaut, die urspr\u00fcnglich f\u00fcr die Cadenza Line entwickelt wurde, erm\u00f6glicht es den Verst\u00e4rkern der Noble Line, auch die anspruchsvollsten Lautsprecher anzusteuern und zu kontrollieren.\u00a0<\/span><i><span style=\"font-weight: 400;\">Die True Peak-<\/span><\/i><span style=\"font-weight: 400;\">\u00a0Technologie erm\u00f6glicht es dem D\/A-Wandler des CD-Players, \u00fcbersteuerte Signale zu kompensieren, die h\u00e4ufig beim Mastering einer Aufnahme auftreten; die kleinste Verzerrung hat keine Chance mehr, den musikalischen Fluss zu unterbrechen.\u00a0<\/span><i><span style=\"font-weight: 400;\">Die Unity-Gain<\/span><\/i><span style=\"font-weight: 400;\">\u00a0Funktion von MBL passt die Signalst\u00e4rke des Vorverst\u00e4rkerausgangs an den Eingang des Endverst\u00e4rkers an und sorgt so f\u00fcr eine maximale, naturgetreue Dynamik und das Verschwinden jeglicher Verzerrungen. Das intelligente Netzwerksystem\u00a0<\/span><i><span style=\"font-weight: 400;\">SmartLink 2.0<\/span><\/i><span style=\"font-weight: 400;\">\u00a0von MBL vereinfacht die Steuerung des gesamten Noble Line Systems auf Knopfdruck und erleichtert so die Bedienung. Die Firmware kann \u00fcber einen eingebauten SD-Kartenleser aktualisiert werden, und ein optionales MBL SmartControl-Modul erm\u00f6glicht die Anbindung an ein Hausautomatisierungssystem.<\/span><\/p>\n<p><span style=\"font-weight: 400;\">Unser MBL-Servicepersonal unterst\u00fctzt Sie gerne bei allen Ideen zur Anbindung des MBL-Systems an unser Hausautomationssystem.<\/span><\/p>\n<p><span style=\"font-weight: 400;\">Jede Komponente der Noble Line strahlt zeitlose Sch\u00f6nheit, hochwertige Eleganz und ein klares, von der klassischen Moderne inspiriertes Design aus. Farben und Oberfl\u00e4chen betonen den individuellen Charakter jedes Ger\u00e4ts, indem sie eine Vielzahl von exquisiten Klavierlacken mit kontrastierenden, feinen Metalldetails bieten, die selbst die vornehmsten H\u00f6rumgebungen erg\u00e4nzen. Alle Attribute vereinen sich zu einem dauerhaften Statement von gediegenem Luxus, das Jahrzehnte \u00fcberdauern wird - innen wie au\u00dfen. Alle Komponenten der Noble Line werden in den hochmodernen Produktionsst\u00e4tten von MBL zu hundert Prozent in Deutschland hergestellt, und auf jede Komponente wird eine uneingeschr\u00e4nkte 5-Jahres-Garantie gew\u00e4hrt.<\/span><\/p>\n<p><span style=\"font-weight: 400;\">Die Geschichte besagt, dass \"Nobles\" entweder geboren oder gemacht werden. MBLs 40-j\u00e4hriges Erbe an hervorragenden Produkten beweist, dass beides zutrifft. Erleben Sie die Pracht der Noble Line von MBL.<\/span><\/p>\n\n\t\t<\/div>\n\t<\/div>\n\r\n\t<div class=\"prelude-spacer clearfix\" data-desktop=\"80\" data-mobi=\"50\" data-smobi=\"50\"><\/div><\/div><\/div><\/div><\/div><\/div><\/div><\/div><\/div><\/div><\/div><\/div><\/section><\/div><div class=\"vc-custom-col-spacing clearfix vc-col-spacing-30\"><section class=\"wpb_row vc_row-fluid row-content-position-Default\"><div class=\"prelude-container\"><div class=\"row-inner clearfix\"><div class=\"wpb_column vc_column_container vc_col-sm-12\"><div class=\"vc_column-inner\"><div class=\"wpb_wrapper\"><div class=\"prelude-images-grid clearfix\" data-layout=\"slider\" data-column=\"4\" data-column2=\"3\" data-column3=\"2\" data-column4=\"1\" data-gaph=\"0\" data-gapv=\"0\"><div id=\"images-wrap\" class=\"cbp\"><div class=\"cbp-item\"><div class=\"item-wrap\" style=\"\"><a class=\"zoom-popup cbp-lightbox\" href=\"https:\/\/oip-luxware.com\/wp-content\/uploads\/2023\/11\/NobleLine1b.jpg\"><\/a><img src=\"https:\/\/oip-luxware.com\/wp-content\/uploads\/2023\/11\/NobleLine1b-570x570.jpg\" alt=\"image\" \/><\/div><\/div><div class=\"cbp-item\"><div class=\"item-wrap\" style=\"\"><a class=\"zoom-popup cbp-lightbox\" href=\"https:\/\/oip-luxware.com\/wp-content\/uploads\/2023\/04\/1605_MBL_NOBEL_N51_N113000x2250.jpg\"><\/a><img src=\"https:\/\/oip-luxware.com\/wp-content\/uploads\/2023\/04\/1605_MBL_NOBEL_N51_N113000x2250-570x570.jpg\" alt=\"image\" \/><\/div><\/div><div class=\"cbp-item\"><div class=\"item-wrap\" style=\"\"><a class=\"zoom-popup cbp-lightbox\" href=\"https:\/\/oip-luxware.com\/wp-content\/uploads\/2023\/04\/N51_White_Gold.jpg\"><\/a><img src=\"https:\/\/oip-luxware.com\/wp-content\/uploads\/2023\/04\/N51_White_Gold-570x570.jpg\" alt=\"image\" \/><\/div><\/div><div class=\"cbp-item\"><div class=\"item-wrap\" style=\"\"><a class=\"zoom-popup cbp-lightbox\" href=\"https:\/\/oip-luxware.com\/wp-content\/uploads\/2023\/04\/116F_08-scaled.jpg\"><\/a><img src=\"https:\/\/oip-luxware.com\/wp-content\/uploads\/2023\/04\/116F_08-570x570.jpg\" alt=\"image\" \/><\/div><\/div><div class=\"cbp-item\"><div class=\"item-wrap\" style=\"\"><a class=\"zoom-popup cbp-lightbox\" href=\"https:\/\/oip-luxware.com\/wp-content\/uploads\/2023\/04\/1605_MBL_CORONA_C15_bl3000x2250.jpg\"><\/a><img src=\"https:\/\/oip-luxware.com\/wp-content\/uploads\/2023\/04\/1605_MBL_CORONA_C15_bl3000x2250-570x570.jpg\" alt=\"image\" \/><\/div><\/div><div class=\"cbp-item\"><div class=\"item-wrap\" style=\"\"><a class=\"zoom-popup cbp-lightbox\" href=\"https:\/\/oip-luxware.com\/wp-content\/uploads\/2023\/04\/111F_06-scaled.jpg\"><\/a><img src=\"https:\/\/oip-luxware.com\/wp-content\/uploads\/2023\/04\/111F_06-570x570.jpg\" alt=\"image\" \/><\/div><\/div><div class=\"cbp-item\"><div class=\"item-wrap\" style=\"\"><a class=\"zoom-popup cbp-lightbox\" href=\"https:\/\/oip-luxware.com\/wp-content\/uploads\/2023\/04\/N31_Detail08-1.jpg\"><\/a><img src=\"https:\/\/oip-luxware.com\/wp-content\/uploads\/2023\/04\/N31_Detail08-1-570x570.jpg\" alt=\"image\" \/><\/div><\/div><div class=\"cbp-item\"><div class=\"item-wrap\" style=\"\"><a class=\"zoom-popup cbp-lightbox\" href=\"https:\/\/oip-luxware.com\/wp-content\/uploads\/2023\/04\/C11_2-1.jpg\"><\/a><img src=\"https:\/\/oip-luxware.com\/wp-content\/uploads\/2023\/04\/C11_2-1-570x570.jpg\" alt=\"image\" \/><\/div><\/div><div class=\"cbp-item\"><div class=\"item-wrap\" style=\"\"><a class=\"zoom-popup cbp-lightbox\" href=\"https:\/\/oip-luxware.com\/wp-content\/uploads\/2023\/04\/C31WG2-.png\"><\/a><img src=\"https:\/\/oip-luxware.com\/wp-content\/uploads\/2023\/04\/C31WG2--570x570.png\" alt=\"image\" \/><\/div><\/div><div class=\"cbp-item\"><div class=\"item-wrap\" style=\"\"><a class=\"zoom-popup cbp-lightbox\" href=\"https:\/\/oip-luxware.com\/wp-content\/uploads\/2023\/04\/C51_06-1-scaled.jpg\"><\/a><img src=\"https:\/\/oip-luxware.com\/wp-content\/uploads\/2023\/04\/C51_06-1-570x570.jpg\" alt=\"image\" \/><\/div><\/div><div class=\"cbp-item\"><div class=\"item-wrap\" style=\"\"><a class=\"zoom-popup cbp-lightbox\" href=\"https:\/\/oip-luxware.com\/wp-content\/uploads\/2023\/04\/C51_10-1.jpg\"><\/a><img src=\"https:\/\/oip-luxware.com\/wp-content\/uploads\/2023\/04\/C51_10-1-570x570.jpg\" alt=\"image\" \/><\/div><\/div><div class=\"cbp-item\"><div class=\"item-wrap\" style=\"\"><a class=\"zoom-popup cbp-lightbox\" href=\"https:\/\/oip-luxware.com\/wp-content\/uploads\/2023\/04\/111FBG--scaled.jpg\"><\/a><img src=\"https:\/\/oip-luxware.com\/wp-content\/uploads\/2023\/04\/111FBG--570x570.jpg\" alt=\"image\" \/><\/div><\/div><div class=\"cbp-item\"><div class=\"item-wrap\" style=\"\"><a class=\"zoom-popup cbp-lightbox\" href=\"https:\/\/oip-luxware.com\/wp-content\/uploads\/2023\/04\/N21_White_Palinux.jpg\"><\/a><img src=\"https:\/\/oip-luxware.com\/wp-content\/uploads\/2023\/04\/N21_White_Palinux-570x570.jpg\" alt=\"image\" \/><\/div><\/div><div class=\"cbp-item\"><div class=\"item-wrap\" style=\"\"><a class=\"zoom-popup cbp-lightbox\" href=\"https:\/\/oip-luxware.com\/wp-content\/uploads\/2023\/04\/116F_04-scaled.jpg\"><\/a><img src=\"https:\/\/oip-luxware.com\/wp-content\/uploads\/2023\/04\/116F_04-570x570.jpg\" alt=\"image\" \/><\/div><\/div><div class=\"cbp-item\"><div class=\"item-wrap\" style=\"\"><a class=\"zoom-popup cbp-lightbox\" href=\"https:\/\/oip-luxware.com\/wp-content\/uploads\/2023\/04\/N31_Detail07-1-scaled.jpg\"><\/a><img src=\"https:\/\/oip-luxware.com\/wp-content\/uploads\/2023\/04\/N31_Detail07-1-570x570.jpg\" alt=\"image\" \/><\/div><\/div><div class=\"cbp-item\"><div class=\"item-wrap\" style=\"\"><a class=\"zoom-popup cbp-lightbox\" href=\"https:\/\/oip-luxware.com\/wp-content\/uploads\/2023\/04\/N51_Detail13-1.jpg\"><\/a><img src=\"https:\/\/oip-luxware.com\/wp-content\/uploads\/2023\/04\/N51_Detail13-1-570x570.jpg\" alt=\"image\" \/><\/div><\/div><div class=\"cbp-item\"><div class=\"item-wrap\" style=\"\"><a class=\"zoom-popup cbp-lightbox\" href=\"https:\/\/oip-luxware.com\/wp-content\/uploads\/2023\/04\/C31WP2-.png\"><\/a><img src=\"https:\/\/oip-luxware.com\/wp-content\/uploads\/2023\/04\/C31WP2--570x570.png\" alt=\"image\" \/><\/div><\/div><div class=\"cbp-item\"><div class=\"item-wrap\" style=\"\"><a class=\"zoom-popup cbp-lightbox\" href=\"https:\/\/oip-luxware.com\/wp-content\/uploads\/2023\/04\/NobleLine_Main-Picture-scaled-e1682442854574.jpg\"><\/a><img src=\"https:\/\/oip-luxware.com\/wp-content\/uploads\/2023\/04\/NobleLine_Main-Picture-scaled-e1682442854574-570x570.jpg\" alt=\"image\" \/><\/div><\/div><\/div><\/div>\r\n\t<div class=\"prelude-spacer clearfix\" data-desktop=\"90\" data-mobi=\"40\" data-smobi=\"30\"><\/div><\/div><\/div><\/div><\/div><\/div><\/section><\/div><div class=\"vc-custom-col-spacing clearfix vc-col-spacing-30\"><section class=\"wpb_row vc_row-fluid row-content-position-Default\"><div class=\"prelude-container\"><div class=\"row-inner clearfix\"><div class=\"wpb_column vc_column_container vc_col-sm-6\"><div class=\"vc_column-inner\"><div class=\"wpb_wrapper\"><div class=\"button-wrap icon-right\" style=\"\" ><a href=\"https:\/\/oip-luxware.com\/de\/contact-us\/\" target=\"_self\" class=\"prelude-button btn-2139542480 medium no_icon custom custom outline solid custom\" style=\"border-width:1px;\"  data-background=\"\" data-text=\"\" data-border=\"\">\r\n\t\t<span style=\"\">Hier anfragen <\/span>\r\n\t<\/a><\/div><\/div><\/div><\/div><div class=\"wpb_column vc_column_container vc_col-sm-6\"><div class=\"vc_column-inner\"><div class=\"wpb_wrapper\"><div class=\"button-wrap icon-right\" style=\"\" ><a href=\"https:\/\/www.mbl.de\/de\/electronics\/noble-line\" target=\"_blank\" class=\"prelude-button btn-1310306530 medium no_icon custom custom outline solid custom\" style=\"border-width:1px;\"  data-background=\"\" data-text=\"\" data-border=\"\">\r\n\t\t<span style=\"\">Siehe weitere Details auf der MBL-Website <\/span>\r\n\t<\/a><\/div><\/div><\/div><\/div><\/div><\/div><\/section><\/div><div class=\"vc-custom-col-spacing clearfix vc-col-spacing-30\"><section class=\"wpb_row vc_row-fluid row-content-position-Default\"><div class=\"prelude-container\"><div class=\"row-inner clearfix\"><div class=\"wpb_column vc_column_container vc_col-sm-12\"><div class=\"vc_column-inner\"><div class=\"wpb_wrapper\">\r\n\t<div class=\"prelude-spacer clearfix\" data-desktop=\"100\" data-mobi=\"80\" data-smobi=\"80\"><\/div><\/div><\/div><\/div><\/div><\/div><\/section><\/div>\n<\/section>","protected":false},"excerpt":{"rendered":"Uncoincidental meticulousness. Powerful statement. MBL NOBLE LINE The MBL\u2019s Noble Line combines functional elegance, cutting-edge technology, and a quality of sound that is nothing short of transcendent into a magnificent series of best-selling components. At the very same time the Noble Line delivers a euphoric combination of quality, power and","protected":false},"author":5,"featured_media":0,"parent":0,"menu_order":0,"comment_status":"closed","ping_status":"closed","template":"","meta":[],"_links":{"self":[{"href":"http:\/\/oip-luxware.com\/de\/wp-json\/wp\/v2\/pages\/13314"}],"collection":[{"href":"http:\/\/oip-luxware.com\/de\/wp-json\/wp\/v2\/pages"}],"about":[{"href":"http:\/\/oip-luxware.com\/de\/wp-json\/wp\/v2\/types\/page"}],"author":[{"embeddable":true,"href":"http:\/\/oip-luxware.com\/de\/wp-json\/wp\/v2\/users\/5"}],"replies":[{"embeddable":true,"href":"http:\/\/oip-luxware.com\/de\/wp-json\/wp\/v2\/comments?post=13314"}],"version-history":[{"count":25,"href":"http:\/\/oip-luxware.com\/de\/wp-json\/wp\/v2\/pages\/13314\/revisions"}],"predecessor-version":[{"id":14272,"href":"http:\/\/oip-luxware.com\/de\/wp-json\/wp\/v2\/pages\/13314\/revisions\/14272"}],"wp:attachment":[{"href":"http:\/\/oip-luxware.com\/de\/wp-json\/wp\/v2\/media?parent=13314"}],"curies":[{"name":"wp","href":"https:\/\/api.w.org\/{rel}","templated":true}]}}