{"id":13361,"date":"2023-04-16T00:26:13","date_gmt":"2023-04-15T22:26:13","guid":{"rendered":"https:\/\/oip-import-export.com\/?page_id=13361"},"modified":"2023-11-13T22:18:42","modified_gmt":"2023-11-13T21:18:42","slug":"mbl-reference-line","status":"publish","type":"page","link":"http:\/\/oip-luxware.com\/de\/mbl-reference-line\/","title":{"rendered":"MBL &#8211; REFERENCE LINE"},"content":{"rendered":"<section class=\"wpb-content-wrapper\"><div class=\"vc-custom-col-spacing clearfix vc-col-spacing-30\"><section class=\"wpb_row vc_row-fluid no-padding row-content-position-Default\"><div class=\"row-inner clearfix\"><div class=\"wpb_column vc_column_container vc_col-sm-12\"><div class=\"vc_column-inner\"><div class=\"wpb_wrapper\"><div class=\"prelude-simple-image simple\" style=\"\">\r\n\t\t\t\t<img alt=\"image\" src=\"https:\/\/oip-luxware.com\/wp-content\/uploads\/2023\/04\/ReferenceLine_Main-Picture-scaled-e1682442963906.jpg\" \/> \r\n\t\t\t<\/div><\/div><\/div><\/div><\/div><\/section><\/div><div class=\"vc-custom-col-spacing clearfix vc-col-spacing-30\"><section class=\"wpb_row vc_row-fluid row-content-position-Default\"><div class=\"prelude-container\"><div class=\"row-inner clearfix\"><div class=\"wpb_column vc_column_container vc_col-sm-12\"><div class=\"vc_column-inner\"><div class=\"wpb_wrapper\">\r\n\t<div class=\"prelude-spacer clearfix\" data-desktop=\"97\" data-mobi=\"60\" data-smobi=\"60\"><\/div><div class=\"prelude-headings clearfix\" data-font=\"14\" style=\"\"><h3 class=\"heading clearfix  accent\" style=\"font-weight:500;letter-spacing:0.25px;margin-bottom:15px;font-size:14px;\">\r\n\t\tDesign aus einer anderen Welt. Majest\u00e4tische Erscheinung.\r\n\t<\/h3><\/div>\n\t<div class=\"wpb_text_column wpb_content_element\" >\n\t\t<div class=\"wpb_wrapper\">\n\t\t\t<h2 style=\"max-width: 700px; font-weight: 600; margin-bottom: 0;\"><b>MBL &#8211; REFERENCE LINE<\/b><\/h2>\n\n\t\t<\/div>\n\t<\/div>\n\r\n\t<div class=\"prelude-spacer clearfix\" data-desktop=\"80\" data-mobi=\"50\" data-smobi=\"50\"><\/div><div class=\"prelude-content-box clearfix\" ><div class=\"vc-custom-col-inner-spacing clearfix vc-col-inner-spacing-30\"><div class=\"wpb_row vc_inner vc_row-fluid\"><div class=\"wpb_column vc_column_container vc_col-sm-12\"><div class=\"vc_column-inner\"><div class=\"wpb_wrapper\">\n\t<div class=\"wpb_text_column wpb_content_element\" >\n\t\t<div class=\"wpb_wrapper\">\n\t\t\t<p><span style=\"font-weight: 400;\">Forschung und Entwicklung k\u00f6nnen bahnbrechende Ergebnisse liefern, wenn sie innerhalb eines klar definierten Rahmens das bestm\u00f6gliche Ergebnis anstreben. So ist die Reference Line entstanden - mit einem laserartigen Fokus auf das Beste. Ohne Zw\u00e4nge, ohne Grenzen und ohne Entschuldigungen. Gebaut f\u00fcr die Ewigkeit, entwickelt f\u00fcr die Leistung. F\u00fcr Musikliebhaber und Kenner, die nichts weniger als Perfektion erwarten, ohne Kompromisse bei Material, Verarbeitung, \u00c4sthetik oder Klang einzugehen. Musikliebhaber und Audiophile, die ihre klanglichen Tr\u00e4ume leben wollen und sich mit nichts weniger als der reinen Perfektion zufriedengeben.<\/span><\/p>\n<p><span style=\"font-weight: 400;\">Die MBL Reference Line ist das ultimative Statement. Schwarz-gold schimmernde* Kunstobjekte aus feinsten Materialien, die schon vor dem ersten Ton Respekt und Bewunderung einfl\u00f6\u00dfen. Allein die Haptik der Schalter und Regler l\u00e4sst das Herz eines jeden h\u00f6her schlagen, das unvergleichliche Design und die un\u00fcbertroffene Verarbeitung hochwertiger Materialien zu sch\u00e4tzen wei\u00df - ganz in der historischen Tradition deutscher Handwerkskunst.<\/span><\/p>\n<p><span style=\"font-weight: 400;\">Der entscheidende Moment ist, wenn die ersten T\u00f6ne durch die Luft schweben, wenn kristalline T\u00f6ne den Raum durchfluten und in ihren Bann ziehen - musikalische Perfektion mit ruhiger Autorit\u00e4t und \u00e4therischer Beschwingtheit, erg\u00e4nzt durch warme, ausdrucksstarke Klangfarben. Wie diese au\u00dfergew\u00f6hnlich klare Musik zustande kommt, kann der H\u00f6rer nur erahnen und dar\u00fcber spekulieren, was sich hinter den massiven, goldbarrenstarken Frontplatten abspielt. Hier treffen sich ausgekl\u00fcgelte digitale Schaltungen und modernste Technik in den seltenen H\u00f6hen klanglicher Perfektion. Edle Metalle, empfindliche Legierungen und seltene Erden treffen in einer Konfiguration aufeinander, die durch Zeit, Erfahrung und MBL-Know-how optimiert wurde.<\/span><\/p>\n<p><span style=\"font-weight: 400;\">Legenden entstehen aus dem Streben nach Perfektion. Lernen Sie die legend\u00e4ren Komponenten der MBL Reference Line kennen.<\/span><\/p>\n\n\t\t<\/div>\n\t<\/div>\n\r\n\t<div class=\"prelude-spacer clearfix\" data-desktop=\"80\" data-mobi=\"50\" data-smobi=\"50\"><\/div><\/div><\/div><\/div><\/div><\/div><\/div><\/div><\/div><\/div><\/div><\/div><\/section><\/div><div class=\"vc-custom-col-spacing clearfix vc-col-spacing-30\"><section class=\"wpb_row vc_row-fluid row-content-position-Default\"><div class=\"prelude-container\"><div class=\"row-inner clearfix\"><div class=\"wpb_column vc_column_container vc_col-sm-12\"><div class=\"vc_column-inner\"><div class=\"wpb_wrapper\"><div class=\"prelude-images-grid clearfix\" data-layout=\"slider\" data-column=\"4\" data-column2=\"3\" data-column3=\"2\" data-column4=\"1\" data-gaph=\"0\" data-gapv=\"0\"><div id=\"images-wrap\" class=\"cbp\"><div class=\"cbp-item\"><div class=\"item-wrap\" style=\"\"><a class=\"zoom-popup cbp-lightbox\" href=\"https:\/\/oip-luxware.com\/wp-content\/uploads\/2023\/04\/ReferenceLine1jpg-7-scaled.jpg\"><\/a><img src=\"https:\/\/oip-luxware.com\/wp-content\/uploads\/2023\/04\/ReferenceLine1jpg-7-570x570.jpg\" alt=\"image\" \/><\/div><\/div><div class=\"cbp-item\"><div class=\"item-wrap\" style=\"\"><a class=\"zoom-popup cbp-lightbox\" href=\"https:\/\/oip-luxware.com\/wp-content\/uploads\/2023\/04\/MBL_101X_01.jpg\"><\/a><img src=\"https:\/\/oip-luxware.com\/wp-content\/uploads\/2023\/04\/MBL_101X_01-570x570.jpg\" alt=\"image\" \/><\/div><\/div><div class=\"cbp-item\"><div class=\"item-wrap\" style=\"\"><a class=\"zoom-popup cbp-lightbox\" href=\"https:\/\/oip-luxware.com\/wp-content\/uploads\/2023\/04\/101EBG--scaled.jpg\"><\/a><img src=\"https:\/\/oip-luxware.com\/wp-content\/uploads\/2023\/04\/101EBG--570x570.jpg\" alt=\"image\" \/><\/div><\/div><div class=\"cbp-item\"><div class=\"item-wrap\" style=\"\"><a class=\"zoom-popup cbp-lightbox\" href=\"https:\/\/oip-luxware.com\/wp-content\/uploads\/2023\/04\/1605_MBL_REFERENCE_101EMKII3000x2250.jpg\"><\/a><img src=\"https:\/\/oip-luxware.com\/wp-content\/uploads\/2023\/04\/1605_MBL_REFERENCE_101EMKII3000x2250-570x570.jpg\" alt=\"image\" \/><\/div><\/div><div class=\"cbp-item\"><div class=\"item-wrap\" style=\"\"><a class=\"zoom-popup cbp-lightbox\" href=\"https:\/\/oip-luxware.com\/wp-content\/uploads\/2023\/04\/101EWC-.jpg\"><\/a><img src=\"https:\/\/oip-luxware.com\/wp-content\/uploads\/2023\/04\/101EWC--570x570.jpg\" alt=\"image\" \/><\/div><\/div><div class=\"cbp-item\"><div class=\"item-wrap\" style=\"\"><a class=\"zoom-popup cbp-lightbox\" href=\"https:\/\/oip-luxware.com\/wp-content\/uploads\/2023\/04\/101X_9-scaled.jpg\"><\/a><img src=\"https:\/\/oip-luxware.com\/wp-content\/uploads\/2023\/04\/101X_9-570x570.jpg\" alt=\"image\" \/><\/div><\/div><div class=\"cbp-item\"><div class=\"item-wrap\" style=\"\"><a class=\"zoom-popup cbp-lightbox\" href=\"https:\/\/oip-luxware.com\/wp-content\/uploads\/2023\/04\/101X_14-scaled.jpg\"><\/a><img src=\"https:\/\/oip-luxware.com\/wp-content\/uploads\/2023\/04\/101X_14-570x570.jpg\" alt=\"image\" \/><\/div><\/div><div class=\"cbp-item\"><div class=\"item-wrap\" style=\"\"><a class=\"zoom-popup cbp-lightbox\" href=\"https:\/\/oip-luxware.com\/wp-content\/uploads\/2023\/04\/1605_MBL_REFERENCE_1621A3000x2250.jpg\"><\/a><img src=\"https:\/\/oip-luxware.com\/wp-content\/uploads\/2023\/04\/1605_MBL_REFERENCE_1621A3000x2250-570x570.jpg\" alt=\"image\" \/><\/div><\/div><div class=\"cbp-item\"><div class=\"item-wrap\" style=\"\"><a class=\"zoom-popup cbp-lightbox\" href=\"https:\/\/oip-luxware.com\/wp-content\/uploads\/2023\/04\/1605_MBL_REFERENCE_9008A_bl3000x2250.jpg\"><\/a><img src=\"https:\/\/oip-luxware.com\/wp-content\/uploads\/2023\/04\/1605_MBL_REFERENCE_9008A_bl3000x2250-570x570.jpg\" alt=\"image\" \/><\/div><\/div><div class=\"cbp-item\"><div class=\"item-wrap\" style=\"\"><a class=\"zoom-popup cbp-lightbox\" href=\"https:\/\/oip-luxware.com\/wp-content\/uploads\/2023\/04\/1621A_3-1.jpg\"><\/a><img src=\"https:\/\/oip-luxware.com\/wp-content\/uploads\/2023\/04\/1621A_3-1-570x570.jpg\" alt=\"image\" \/><\/div><\/div><div class=\"cbp-item\"><div class=\"item-wrap\" style=\"\"><a class=\"zoom-popup cbp-lightbox\" href=\"https:\/\/oip-luxware.com\/wp-content\/uploads\/2023\/04\/1621A_Laufwerkskammer_2-1.jpg\"><\/a><img src=\"https:\/\/oip-luxware.com\/wp-content\/uploads\/2023\/04\/1621A_Laufwerkskammer_2-1-570x570.jpg\" alt=\"image\" \/><\/div><\/div><div class=\"cbp-item\"><div class=\"item-wrap\" style=\"\"><a class=\"zoom-popup cbp-lightbox\" href=\"https:\/\/oip-luxware.com\/wp-content\/uploads\/2023\/04\/MBL_101X_03-scaled.jpg\"><\/a><img src=\"https:\/\/oip-luxware.com\/wp-content\/uploads\/2023\/04\/MBL_101X_03-570x570.jpg\" alt=\"image\" \/><\/div><\/div><div class=\"cbp-item\"><div class=\"item-wrap\" style=\"\"><a class=\"zoom-popup cbp-lightbox\" href=\"https:\/\/oip-luxware.com\/wp-content\/uploads\/2023\/04\/1605_MBL_REFERENCE_9011_wh3000x2250.jpg\"><\/a><img src=\"https:\/\/oip-luxware.com\/wp-content\/uploads\/2023\/04\/1605_MBL_REFERENCE_9011_wh3000x2250-570x570.jpg\" alt=\"image\" \/><\/div><\/div><div class=\"cbp-item\"><div class=\"item-wrap\" style=\"\"><a class=\"zoom-popup cbp-lightbox\" href=\"https:\/\/oip-luxware.com\/wp-content\/uploads\/2023\/04\/101E_13.jpg\"><\/a><img src=\"https:\/\/oip-luxware.com\/wp-content\/uploads\/2023\/04\/101E_13-570x570.jpg\" alt=\"image\" \/><\/div><\/div><div class=\"cbp-item\"><div class=\"item-wrap\" style=\"\"><a class=\"zoom-popup cbp-lightbox\" href=\"https:\/\/oip-luxware.com\/wp-content\/uploads\/2023\/04\/MBL_101X_08-scaled.jpg\"><\/a><img src=\"https:\/\/oip-luxware.com\/wp-content\/uploads\/2023\/04\/MBL_101X_08-570x570.jpg\" alt=\"image\" \/><\/div><\/div><\/div><\/div>\r\n\t<div class=\"prelude-spacer clearfix\" data-desktop=\"90\" data-mobi=\"40\" data-smobi=\"30\"><\/div><\/div><\/div><\/div><\/div><\/div><\/section><\/div><div class=\"vc-custom-col-spacing clearfix vc-col-spacing-30\"><section class=\"wpb_row vc_row-fluid row-content-position-Default\"><div class=\"prelude-container\"><div class=\"row-inner clearfix\"><div class=\"wpb_column vc_column_container vc_col-sm-6\"><div class=\"vc_column-inner\"><div class=\"wpb_wrapper\"><div class=\"button-wrap icon-right\" style=\"\" ><a href=\"https:\/\/oip-luxware.com\/de\/contact-us\/\" target=\"_self\" class=\"prelude-button btn-40860710 medium no_icon custom custom outline solid custom\" style=\"border-width:1px;\"  data-background=\"\" data-text=\"\" data-border=\"\">\r\n\t\t<span style=\"\">Hier anfragen <\/span>\r\n\t<\/a><\/div><\/div><\/div><\/div><div class=\"wpb_column vc_column_container vc_col-sm-6\"><div class=\"vc_column-inner\"><div class=\"wpb_wrapper\"><div class=\"button-wrap icon-right\" style=\"\" ><a href=\"https:\/\/www.mbl.de\/de\/electronics\/reference-line\" target=\"_blank\" class=\"prelude-button btn-712996357 medium no_icon custom custom outline solid custom\" style=\"border-width:1px;\"  data-background=\"\" data-text=\"\" data-border=\"\">\r\n\t\t<span style=\"\">Siehe weitere Details auf der MBL-Website <\/span>\r\n\t<\/a><\/div><\/div><\/div><\/div><\/div><\/div><\/section><\/div><div class=\"vc-custom-col-spacing clearfix vc-col-spacing-30\"><section class=\"wpb_row vc_row-fluid row-content-position-Default\"><div class=\"prelude-container\"><div class=\"row-inner clearfix\"><div class=\"wpb_column vc_column_container vc_col-sm-12\"><div class=\"vc_column-inner\"><div class=\"wpb_wrapper\">\r\n\t<div class=\"prelude-spacer clearfix\" data-desktop=\"100\" data-mobi=\"80\" data-smobi=\"80\"><\/div><\/div><\/div><\/div><\/div><\/div><\/section><\/div>\n<\/section>","protected":false},"excerpt":{"rendered":"Design from a world beyond. Majestic Appearance. MBL - REFERENCE LINE Research and development can deliver game-changing outcomes when aiming for the best possible result within a clearly defined framework. This is how the Reference Line was born \u2013 from a laser-like focus on achieving the best. With no constraints,","protected":false},"author":5,"featured_media":0,"parent":0,"menu_order":0,"comment_status":"closed","ping_status":"closed","template":"","meta":[],"_links":{"self":[{"href":"http:\/\/oip-luxware.com\/de\/wp-json\/wp\/v2\/pages\/13361"}],"collection":[{"href":"http:\/\/oip-luxware.com\/de\/wp-json\/wp\/v2\/pages"}],"about":[{"href":"http:\/\/oip-luxware.com\/de\/wp-json\/wp\/v2\/types\/page"}],"author":[{"embeddable":true,"href":"http:\/\/oip-luxware.com\/de\/wp-json\/wp\/v2\/users\/5"}],"replies":[{"embeddable":true,"href":"http:\/\/oip-luxware.com\/de\/wp-json\/wp\/v2\/comments?post=13361"}],"version-history":[{"count":11,"href":"http:\/\/oip-luxware.com\/de\/wp-json\/wp\/v2\/pages\/13361\/revisions"}],"predecessor-version":[{"id":14269,"href":"http:\/\/oip-luxware.com\/de\/wp-json\/wp\/v2\/pages\/13361\/revisions\/14269"}],"wp:attachment":[{"href":"http:\/\/oip-luxware.com\/de\/wp-json\/wp\/v2\/media?parent=13361"}],"curies":[{"name":"wp","href":"https:\/\/api.w.org\/{rel}","templated":true}]}}