{"id":13437,"date":"2023-04-16T01:33:28","date_gmt":"2023-04-15T23:33:28","guid":{"rendered":"https:\/\/oip-import-export.com\/?page_id=13437"},"modified":"2023-11-13T21:42:23","modified_gmt":"2023-11-13T20:42:23","slug":"high-end-product-distribution","status":"publish","type":"page","link":"http:\/\/oip-luxware.com\/de\/high-end-product-distribution\/","title":{"rendered":"Fortschrittliche High-End-Produkte"},"content":{"rendered":"<section class=\"wpb-content-wrapper\"><div class=\"vc-custom-col-spacing clearfix vc-col-spacing-30\"><section class=\"wpb_row vc_row-fluid no-padding row-content-position-Default\"><div class=\"row-inner clearfix\"><div class=\"wpb_column vc_column_container vc_col-sm-12\"><div class=\"vc_column-inner\"><div class=\"wpb_wrapper\"><div class=\"prelude-simple-image simple\" style=\"\">\r\n\t\t\t\t<img alt=\"image\" src=\"https:\/\/oip-luxware.com\/wp-content\/uploads\/2023\/11\/N51_Detail01b.jpg\" \/> \r\n\t\t\t<\/div><\/div><\/div><\/div><\/div><\/section><\/div><div class=\"vc-custom-col-spacing clearfix vc-col-spacing-30\"><section class=\"wpb_row vc_row-fluid row-content-position-Default\"><div class=\"prelude-container\"><div class=\"row-inner clearfix\"><div class=\"wpb_column vc_column_container vc_col-sm-12\"><div class=\"vc_column-inner\"><div class=\"wpb_wrapper\">\r\n\t<div class=\"prelude-spacer clearfix\" data-desktop=\"80\" data-mobi=\"50\" data-smobi=\"50\"><\/div><div class=\"prelude-single-heading clearfix  has-line\" style=\"\"><span class=\"inner\"><span class=\"line accent\" style=\"width:40px;height:2px;\"><\/span><span class=\"heading clearfix\" style=\"font-weight:700;color:#0a0a0a;\">\r\n\t\tFortschrittliche High-End-Produkte\r\n\t<\/span><\/span><\/div><div class=\"prelude-list clearfix icon-middle\" >\r\n\t\t<div style=\"\">\r\n\t\t\t<span style=\"padding-left:30px;\"> <span style=\"\">Netzwerk von Premium Class OEMs:<\/span><\/span>\r\n\t\t<\/div>\r\n\t<\/div><div class=\"prelude-list clearfix icon-middle\" >\r\n\t\t<div style=\"\">\r\n\t\t\t<span style=\"padding-left:30px;\"> <span style=\"\">Netz von zuverl\u00e4ssigen lokalen Partnern:<\/span><\/span>\r\n\t\t<\/div>\r\n\t<\/div>\r\n\t<div class=\"prelude-spacer clearfix\" data-desktop=\"100\" data-mobi=\"80\" data-smobi=\"80\"><\/div><div class=\"prelude-content-box clearfix\" ><div class=\"vc-custom-col-inner-spacing clearfix vc-col-inner-spacing-30\"><div class=\"wpb_row vc_inner vc_row-fluid\"><div class=\"wpb_column vc_column_container vc_col-sm-3\/5\"><div class=\"vc_column-inner\"><div class=\"wpb_wrapper\">\r\n\t<div class=\"prelude-spacer clearfix\" data-desktop=\"60\" data-mobi=\"40\" data-smobi=\"40\"><\/div><div class=\"prelude-single-heading clearfix  has-line\" style=\"\"><span class=\"inner\"><span class=\"line accent\" style=\"width:40px;height:2px;\"><\/span><span class=\"heading clearfix\" style=\"font-weight:700;color:#0a0a0a;\">\r\n\t\tNetzwerk von Premium Class OEMs:\r\n\t<\/span><\/span><\/div>\n\t<div class=\"wpb_text_column wpb_content_element\" >\n\t\t<div class=\"wpb_wrapper\">\n\t\t\t<p><span>Willkommen bei OIP Luxware - Ihr vertrauensw\u00fcrdiger Partner f\u00fcr Produkte von h\u00f6chster Qualit\u00e4t. Wir bei OIP Luxware sind stolz auf unser Engagement, unseren gesch\u00e4tzten Kunden auf der ganzen Welt eine unvergleichliche Produktqualit\u00e4t zu liefern. Als f\u00fchrender Anbieter arbeiten wir mit hochrangigen Originalger\u00e4teherstellern (OEMs) zusammen, um sicherzustellen, dass Sie nur das Beste erhalten. Unser Engagement f\u00fcr hervorragende Qualit\u00e4t spiegelt sich in jedem Aspekt unseres Gesch\u00e4fts wider. Von der Auswahl erstklassiger OEMs bis hin zu den sorgf\u00e4ltigen Qualit\u00e4tskontrollprozessen legen wir gr\u00f6\u00dften Wert auf die Lieferung von Produkten, die die Erwartungen unserer anspruchsvollen Kunden erf\u00fcllen und \u00fcbertreffen.<\/span><\/p>\n<ol><\/ol>\n\n\t\t<\/div>\n\t<\/div>\n<\/div><\/div><\/div><div class=\"wpb_column vc_column_container vc_col-sm-2\/5\"><div class=\"vc_column-inner\"><div class=\"wpb_wrapper\"><div class=\"prelude-image-box clearfix style-1\" style=\"\" >\r\n        <div class=\"item\">\r\n            <div class=\"inner\">\r\n                <div class=\"thumb\" style=\"\"><img width=\"2560\" height=\"1707\" src=\"https:\/\/oip-luxware.com\/wp-content\/uploads\/2023\/04\/Network-of-OEMs_Option_01-scaled.jpg\" class=\"attachment-full size-full\" alt=\"\" decoding=\"async\" loading=\"lazy\" srcset=\"https:\/\/oip-luxware.com\/wp-content\/uploads\/2023\/04\/Network-of-OEMs_Option_01-scaled.jpg 2560w, https:\/\/oip-luxware.com\/wp-content\/uploads\/2023\/04\/Network-of-OEMs_Option_01-300x200.jpg 300w, https:\/\/oip-luxware.com\/wp-content\/uploads\/2023\/04\/Network-of-OEMs_Option_01-1024x683.jpg 1024w, https:\/\/oip-luxware.com\/wp-content\/uploads\/2023\/04\/Network-of-OEMs_Option_01-768x512.jpg 768w, https:\/\/oip-luxware.com\/wp-content\/uploads\/2023\/04\/Network-of-OEMs_Option_01-1536x1024.jpg 1536w, https:\/\/oip-luxware.com\/wp-content\/uploads\/2023\/04\/Network-of-OEMs_Option_01-2048x1365.jpg 2048w, https:\/\/oip-luxware.com\/wp-content\/uploads\/2023\/04\/Network-of-OEMs_Option_01-535x357.jpg 535w\" sizes=\"(max-width: 2560px) 100vw, 2560px\" \/> <\/div>\r\n                <div class=\"text-wrap\" style=\"\">\r\n                      \r\n                <\/div>\r\n                \r\n            <\/div>\r\n        <\/div>\r\n    <\/div>\r\n\t<div class=\"prelude-spacer clearfix\" data-desktop=\"40\" data-mobi=\"20\" data-smobi=\"20\"><\/div><\/div><\/div><\/div><\/div><\/div><\/div>\n\t<div class=\"wpb_text_column wpb_content_element\" >\n\t\t<div class=\"wpb_wrapper\">\n\t\t\t<p><strong>Hauptmerkmale der OIP Luxware Produkte:<\/strong><\/p>\n<ol>\n<li><strong>Partnerschaften mit hochrangigen OEMs:<\/strong><span> Wir arbeiten mit branchenf\u00fchrenden Erstausr\u00fcstern zusammen, um sicherzustellen, dass unsere Produkte mit Pr\u00e4zision gefertigt werden und den h\u00f6chsten Qualit\u00e4tsstandards entsprechen.<\/span><\/li>\n<li><strong>Kompromisslose Qualit\u00e4tskontrolle:<\/strong><span> Unsere OEMs unterziehen sich strengen Qualit\u00e4tskontrollverfahren, um zu gew\u00e4hrleisten, dass jedes Produkt, das ihre Anlagen verl\u00e4sst, die strengen Kriterien erf\u00fcllt, die sowohl von OIP Luxware als auch von unseren gesch\u00e4tzten OEM-Partnern festgelegt wurden.<\/span><\/li>\n<li><strong>Wertsch\u00e4tzung der Kunden:<\/strong><span> Wir sch\u00e4tzen unsere Kunden und legen gr\u00f6\u00dften Wert auf ihre Zufriedenheit. OIP Luxware ist bestrebt, die Erwartungen derjenigen, die sich f\u00fcr unsere Produkte entscheiden, nicht nur zu erf\u00fcllen, sondern zu \u00fcbertreffen.<\/span>Erleben Sie den OIP Luxware Vorteil: Wenn Sie sich f\u00fcr OIP Luxware entscheiden, entscheiden Sie sich f\u00fcr ein Engagement f\u00fcr Exzellenz, Zuverl\u00e4ssigkeit und erstklassige Produktqualit\u00e4t.<\/li>\n<\/ol>\n<p>Schlie\u00dfen Sie sich unserer weltweiten Gemeinschaft zufriedener Kunden an, die darauf vertrauen, dass wir bei jedem von uns angebotenen Produkt das Beste liefern. <span>Entdecken Sie noch heute den OIP Luxware Unterschied. Au\u00dfergew\u00f6hnliche Qualit\u00e4t, un\u00fcbertroffene Zuverl\u00e4ssigkeit - weil Sie nur das Beste verdienen.<\/span><\/p>\n\n\t\t<\/div>\n\t<\/div>\n\r\n\t<div class=\"prelude-spacer clearfix\" data-desktop=\"100\" data-mobi=\"80\" data-smobi=\"80\"><\/div><div class=\"prelude-content-box clearfix\" ><div class=\"vc-custom-col-inner-spacing clearfix vc-col-inner-spacing-30\"><div class=\"wpb_row vc_inner vc_row-fluid\"><div class=\"wpb_column vc_column_container vc_col-sm-2\/5 vc_col-lg-2\/5\"><div class=\"vc_column-inner\"><div class=\"wpb_wrapper\"><div class=\"prelude-image-box clearfix style-1 text-center\" style=\"\" >\r\n        <div class=\"item\">\r\n            <div class=\"inner\">\r\n                <div class=\"thumb\" style=\"\"><img width=\"2560\" height=\"1707\" src=\"https:\/\/oip-luxware.com\/wp-content\/uploads\/2023\/04\/Network-of-local-partners_Option_01-scaled.jpg\" class=\"attachment-full size-full\" alt=\"\" decoding=\"async\" loading=\"lazy\" srcset=\"https:\/\/oip-luxware.com\/wp-content\/uploads\/2023\/04\/Network-of-local-partners_Option_01-scaled.jpg 2560w, https:\/\/oip-luxware.com\/wp-content\/uploads\/2023\/04\/Network-of-local-partners_Option_01-300x200.jpg 300w, https:\/\/oip-luxware.com\/wp-content\/uploads\/2023\/04\/Network-of-local-partners_Option_01-1024x683.jpg 1024w, https:\/\/oip-luxware.com\/wp-content\/uploads\/2023\/04\/Network-of-local-partners_Option_01-768x512.jpg 768w, https:\/\/oip-luxware.com\/wp-content\/uploads\/2023\/04\/Network-of-local-partners_Option_01-1536x1024.jpg 1536w, https:\/\/oip-luxware.com\/wp-content\/uploads\/2023\/04\/Network-of-local-partners_Option_01-2048x1365.jpg 2048w, https:\/\/oip-luxware.com\/wp-content\/uploads\/2023\/04\/Network-of-local-partners_Option_01-535x357.jpg 535w\" sizes=\"(max-width: 2560px) 100vw, 2560px\" \/> <\/div>\r\n                <div class=\"text-wrap\" style=\"\">\r\n                      \r\n                <\/div>\r\n                \r\n            <\/div>\r\n        <\/div>\r\n    <\/div>\r\n\t<div class=\"prelude-spacer clearfix\" data-desktop=\"40\" data-mobi=\"20\" data-smobi=\"20\"><\/div><\/div><\/div><\/div><div class=\"wpb_column vc_column_container vc_col-sm-3\/5\"><div class=\"vc_column-inner\"><div class=\"wpb_wrapper\">\r\n\t<div class=\"prelude-spacer clearfix\" data-desktop=\"60\" data-mobi=\"40\" data-smobi=\"40\"><\/div><div class=\"prelude-single-heading clearfix  has-line\" style=\"\"><span class=\"inner\"><span class=\"line accent\" style=\"width:40px;height:2px;\"><\/span><span class=\"heading clearfix\" style=\"font-weight:700;color:#0a0a0a;\">\r\n\t\tNetz von zuverl\u00e4ssigen lokalen Partnern:\r\n\t<\/span><\/span><\/div>\n\t<div class=\"wpb_text_column wpb_content_element\" >\n\t\t<div class=\"wpb_wrapper\">\n\t\t\t<p>OIP Luxware ist Ihr Tor zu au\u00dfergew\u00f6hnlichem Produktsupport und Beratung - <span>Wir bei OIP Luxware glauben daran, nicht nur Produkte zu liefern, sondern eine umfassende Erfahrung, die die Erwartungen \u00fcbertrifft. Um dies zu erreichen, haben wir starke Partnerschaften mit \u00e4u\u00dferst zuverl\u00e4ssigen lokalen Unternehmen aufgebaut, die sicherstellen, dass unsere Kunden in ihren jeweiligen Regionen unvergleichlichen Support, Beratung und Service erhalten.<\/span><\/p>\n\n\t\t<\/div>\n\t<\/div>\n<\/div><\/div><\/div><\/div><\/div><\/div>\n\t<div class=\"wpb_text_column wpb_content_element\" >\n\t\t<div class=\"wpb_wrapper\">\n\t\t\t<p><strong>Diese Key Highlights kennzeichnen den regionalen Ansatz von OIP Luxware:<\/strong><\/p>\n<ol>\n<li><strong>Lokale Kompetenz, globale Qualit\u00e4t:<\/strong> Wir arbeiten mit vertrauensw\u00fcrdigen lokalen Partnern zusammen, die tiefe Einblicke und ein tiefes Verst\u00e4ndnis f\u00fcr ihre Regionen mitbringen. In Kombination mit unserer Verpflichtung zu globalen und fortschrittlichen Qualit\u00e4tsstandards stellt dies sicher, dass Sie Produkte und Dienstleistungen erhalten, die auf Ihre spezifischen Bed\u00fcrfnisse zugeschnitten sind.<\/li>\n<li><strong>Ma\u00dfgeschneiderte Produktunterst\u00fctzung:<\/strong> Unsere Partner vor Ort bieten einen pers\u00f6nlichen Produktsupport, der sicherstellt, dass Sie zeitnah Unterst\u00fctzung und L\u00f6sungen erhalten. Egal, ob es um Fehlerbehebung, Wartung oder Beratung geht, wir stehen Ihnen bei jedem Schritt zur Seite.<\/li>\n<li><strong>Beratung f\u00fcr den Erfolg:<\/strong> OIP Luxware bietet nicht nur Produkte an, sondern auch Beratungsdienste, die Sie zu optimalen L\u00f6sungen f\u00fchren. Unsere Partner vor Ort kennen die einzigartigen Herausforderungen und M\u00f6glichkeiten in ihren Regionen und liefern wertvolle Erkenntnisse, die Ihnen helfen, fundierte Entscheidungen zu treffen.<\/li>\n<li><strong>Verbessertes Service-Erlebnis:<\/strong> : Wir legen gro\u00dfen Wert auf ein au\u00dfergew\u00f6hnliches Serviceerlebnis. Von dem Moment an, in dem Sie mit unseren Produkten in Kontakt kommen, bis hin zum laufenden Support, setzen sich unsere lokalen Partner daf\u00fcr ein, Ihre Zufriedenheit zu gew\u00e4hrleisten.<\/li>\n<\/ol>\n<p>Treten Sie der OIP Luxware Community bei und entdecken Sie die Vorteile der Zusammenarbeit mit OIP Luxware und unserem Netzwerk von zuverl\u00e4ssigen lokalen Partnern. Erleben Sie ein Ma\u00df an Unterst\u00fctzung, Beratung und Service, das \u00fcber das \u00dcbliche hinausgeht. Wir sind bestrebt, Ihnen die bestm\u00f6gliche Erfahrung zu bieten, denn Ihr Erfolg ist unser Erfolg. W\u00e4hlen Sie OIP Luxware f\u00fcr Produkte und Dienstleistungen, die in Ihrer Region neue Ma\u00dfst\u00e4be setzen. Willkommen in einer Welt des unvergleichlichen Supports und der Beratung, die genau auf Sie zugeschnitten ist.<\/p>\n\n\t\t<\/div>\n\t<\/div>\n\r\n\t<div class=\"prelude-spacer clearfix\" data-desktop=\"80\" data-mobi=\"50\" data-smobi=\"50\"><\/div><\/div><\/div><\/div><\/div><\/div><\/section><\/div><div class=\"vc-custom-col-spacing clearfix vc-col-spacing-30\"><section class=\"wpb_row vc_row-fluid row-content-position-Default\"><div class=\"prelude-container\"><div class=\"row-inner clearfix\"><div class=\"wpb_column vc_column_container vc_col-sm-12\"><div class=\"vc_column-inner\"><div class=\"wpb_wrapper\"><\/div><\/div><\/div><\/div><\/div><\/section><\/div>\n<\/section>","protected":false},"excerpt":{"rendered":"High-End Product Distribution Network of Premium Class OEMs Network of reliable local partners Network of Premium Class OEMs: Welcome to OIP Luxware - Your Trusted Partner for Premium Quality Products. At OIP Luxware, we take pride in our commitment to delivering unparalleled product quality to our esteemed customers around the","protected":false},"author":5,"featured_media":0,"parent":0,"menu_order":0,"comment_status":"closed","ping_status":"closed","template":"","meta":[],"_links":{"self":[{"href":"http:\/\/oip-luxware.com\/de\/wp-json\/wp\/v2\/pages\/13437"}],"collection":[{"href":"http:\/\/oip-luxware.com\/de\/wp-json\/wp\/v2\/pages"}],"about":[{"href":"http:\/\/oip-luxware.com\/de\/wp-json\/wp\/v2\/types\/page"}],"author":[{"embeddable":true,"href":"http:\/\/oip-luxware.com\/de\/wp-json\/wp\/v2\/users\/5"}],"replies":[{"embeddable":true,"href":"http:\/\/oip-luxware.com\/de\/wp-json\/wp\/v2\/comments?post=13437"}],"version-history":[{"count":34,"href":"http:\/\/oip-luxware.com\/de\/wp-json\/wp\/v2\/pages\/13437\/revisions"}],"predecessor-version":[{"id":14267,"href":"http:\/\/oip-luxware.com\/de\/wp-json\/wp\/v2\/pages\/13437\/revisions\/14267"}],"wp:attachment":[{"href":"http:\/\/oip-luxware.com\/de\/wp-json\/wp\/v2\/media?parent=13437"}],"curies":[{"name":"wp","href":"https:\/\/api.w.org\/{rel}","templated":true}]}}