{"id":14076,"date":"2023-09-08T16:45:16","date_gmt":"2023-09-08T14:45:16","guid":{"rendered":"https:\/\/oip-luxware.com\/?page_id=14076"},"modified":"2023-11-11T18:22:13","modified_gmt":"2023-11-11T17:22:13","slug":"stromtank-s2500","status":"publish","type":"page","link":"http:\/\/oip-luxware.com\/de\/stromtank-s2500\/","title":{"rendered":"STROMTANK S2500 Quantum MK-II"},"content":{"rendered":"<section class=\"wpb-content-wrapper\"><div class=\"vc-custom-col-spacing clearfix vc-col-spacing-30\"><section class=\"wpb_row vc_row-fluid no-padding row-content-position-Default\"><div class=\"row-inner clearfix\"><div class=\"wpb_column vc_column_container vc_col-sm-12\"><div class=\"vc_column-inner\"><div class=\"wpb_wrapper\"><div class=\"prelude-simple-image simple\" style=\"\">\r\n\t\t\t\t<img alt=\"image\" src=\"https:\/\/oip-luxware.com\/wp-content\/uploads\/2023\/09\/S2500Q_12b-scaled.jpg\" \/> \r\n\t\t\t<\/div><\/div><\/div><\/div><\/div><\/section><\/div><div class=\"vc-custom-col-spacing clearfix vc-col-spacing-30\"><section class=\"wpb_row vc_row-fluid row-content-position-Default\"><div class=\"prelude-container\"><div class=\"row-inner clearfix\"><div class=\"wpb_column vc_column_container vc_col-sm-12\"><div class=\"vc_column-inner\"><div class=\"wpb_wrapper\">\r\n\t<div class=\"prelude-spacer clearfix\" data-desktop=\"97\" data-mobi=\"60\" data-smobi=\"60\"><\/div><div class=\"prelude-headings clearfix\" data-font=\"14\" style=\"\"><h3 class=\"heading clearfix  accent\" style=\"font-weight:500;letter-spacing:0.25px;margin-bottom:15px;font-size:14px;\">\r\n\t\tDer Stromtank S2500 Quantum MK-II: Hier werden audiophile Tr\u00e4ume wahr!\r\n\t<\/h3><\/div>\n\t<div class=\"wpb_text_column wpb_content_element\" >\n\t\t<div class=\"wpb_wrapper\">\n\t\t\t<h2 style=\"max-width: 700px; font-weight: 600; margin-bottom: 0;\"><b>STROMTANK S2500 Quantum MK-II<\/b><\/h2>\n\n\t\t<\/div>\n\t<\/div>\n\r\n\t<div class=\"prelude-spacer clearfix\" data-desktop=\"80\" data-mobi=\"50\" data-smobi=\"50\"><\/div><div class=\"prelude-content-box clearfix\" ><div class=\"vc-custom-col-inner-spacing clearfix vc-col-inner-spacing-30\"><div class=\"wpb_row vc_inner vc_row-fluid\"><div class=\"wpb_column vc_column_container vc_col-sm-12\"><div class=\"vc_column-inner\"><div class=\"wpb_wrapper\">\n\t<div class=\"wpb_text_column wpb_content_element\" >\n\t\t<div class=\"wpb_wrapper\">\n\t\t\t<p>Are you ready to take your high-end audio system to the next level? Are you tired of power interruptions disrupting your listening pleasure? Look no further &#8211; the Stromtank S2500 Quantum MK-II is here to deliver the ultimate audio experience you&#8217;ve been waiting for! This power tank is engineered and crafted with Precision in Berlin, Germany for a perfected sound. Proudly designed and manufactured in the heart of Berlin by Stromtank, a name synonymous with uncompromising quality and innovation in electrical engineering. the Stromtank S2500 Quantum MK-II redefines audio power supply with an unparalleled power for Audiophiles. With a full charge it provides a steady and reliable 1100Watts (@25\u00b0C) off-grid power supply for 30min, ensuring your high-end audio system performs at its absolute best, regardless of your location. This powerhouse boasts a continuous power output of 650 watts, delivering unwavering power to your audio system for uninterrupted listening sessions that captivate your senses. With a massive 2100Wh (Watt-Hours) of storage capacity, the S2500 Quantum MK-II is your reservoir of pristine power, ready to unleash your audio system&#8217;s full potential. When you need that extra punch, the S2500 Quantum MK-II delivers with a peak power output of 2600 Watts for 3 seconds, ensuring your audio system handles the most demanding musical passages with ease.! The S2500 Quantum MK-II is a Powerhouse is built for longevity, equipped with a computer-controlled lithium-iron-phosphate battery array (LiFePO4) for endurance and reliability. Experience years of reliable power without compromising quality. Charge on the Fly: This power reservoir can be charged while it&#8217;s in use, ensuring you always have the power you need for a permanent and uninterrupted music experience. Elevate your Audiophile Experience! With the Stromtank S2500 Quantum MK-II, you&#8217;ll enjoy uncompromising sound quality and bid farewell to electrical noise and power fluctuations. Your audio system will deliver unrivalled sound clarity, depth, and precision, as the artists intended. Off-Grid Freedom whether you&#8217;re at home, in a remote cabin, or hosting an exclusive audio event, the S2500 Quantum MK-II liberates your audio system from the constraints of the power grid. This masterpiece of German engineering guarantees reliability beyond compare and is engineered to last. This is your excellent power supply to guarantee the \u00a0longevity of your audio system and provide a seamless musical experience for years to come.<\/p>\n<p>Erleben Sie Audio wie nie zuvor mit dem Stromtank S2500 Quantum MK-II. Gehen Sie keine Kompromisse bei der Klangqualit\u00e4t ein - investieren Sie in das Beste und lassen Sie Ihre Musik im Mittelpunkt stehen. Bestellen Sie Ihren Stromtank S2500 Quantum MK-II noch heute und werden Sie von allen Audiophilen beneidet. Wenden Sie sich an OIP Luxware (siehe Link unten) als Ihren lokalen autorisierten Vertriebspartner f\u00fcr Nigeria, um sich Ihren Stromtank S2500 Quantum MK-II zu sichern und Ihr Audioerlebnis in unvergleichliche H\u00f6hen zu heben. Ausf\u00fchrliche technische Daten, Erfahrungsberichte von Kunden und mehr finden Sie auf der STROMTANK Website www.stromtank.com\/s2500-mk2. <a href=\"http:\/\/www.stromtank.com\/s2500-mk2\">www.stromtank.com\/s2500-mk2<\/a>.<\/p>\n<p><strong>Stromtank S2500 Quantum MK-II: Where German Engineering Meets High-Class Audiophile Excellence. Elevate Your Sound, Elevate Your Life!<\/strong><\/p>\n\n\t\t<\/div>\n\t<\/div>\n\r\n\t<div class=\"prelude-spacer clearfix\" data-desktop=\"80\" data-mobi=\"50\" data-smobi=\"50\"><\/div><\/div><\/div><\/div><\/div><\/div><\/div><\/div><\/div><\/div><\/div><\/div><\/section><\/div><div class=\"vc-custom-col-spacing clearfix vc-col-spacing-30\"><section class=\"wpb_row vc_row-fluid row-content-position-Default\"><div class=\"prelude-container\"><div class=\"row-inner clearfix\"><div class=\"wpb_column vc_column_container vc_col-sm-12\"><div class=\"vc_column-inner\"><div class=\"wpb_wrapper\"><div class=\"prelude-images-grid clearfix\" data-layout=\"slider\" data-column=\"4\" data-column2=\"3\" data-column3=\"2\" data-column4=\"1\" data-gaph=\"0\" data-gapv=\"0\"><div id=\"images-wrap\" class=\"cbp\"><div class=\"cbp-item\"><div class=\"item-wrap\" style=\"\"><a class=\"zoom-popup cbp-lightbox\" href=\"https:\/\/oip-luxware.com\/wp-content\/uploads\/2023\/09\/S2500Q_03b-scaled.jpg\"><\/a><img src=\"https:\/\/oip-luxware.com\/wp-content\/uploads\/2023\/09\/S2500Q_03b-570x570.jpg\" alt=\"image\" \/><\/div><\/div><div class=\"cbp-item\"><div class=\"item-wrap\" style=\"\"><a class=\"zoom-popup cbp-lightbox\" href=\"https:\/\/oip-luxware.com\/wp-content\/uploads\/2023\/09\/S2500Q_02-scaled.jpg\"><\/a><img src=\"https:\/\/oip-luxware.com\/wp-content\/uploads\/2023\/09\/S2500Q_02-570x570.jpg\" alt=\"image\" \/><\/div><\/div><div class=\"cbp-item\"><div class=\"item-wrap\" style=\"\"><a class=\"zoom-popup cbp-lightbox\" href=\"https:\/\/oip-luxware.com\/wp-content\/uploads\/2023\/09\/S2500Q_09-scaled.jpg\"><\/a><img src=\"https:\/\/oip-luxware.com\/wp-content\/uploads\/2023\/09\/S2500Q_09-570x570.jpg\" alt=\"image\" \/><\/div><\/div><div class=\"cbp-item\"><div class=\"item-wrap\" style=\"\"><a class=\"zoom-popup cbp-lightbox\" href=\"https:\/\/oip-luxware.com\/wp-content\/uploads\/2023\/09\/S2500Q_08-scaled.jpg\"><\/a><img src=\"https:\/\/oip-luxware.com\/wp-content\/uploads\/2023\/09\/S2500Q_08-570x570.jpg\" alt=\"image\" \/><\/div><\/div><div class=\"cbp-item\"><div class=\"item-wrap\" style=\"\"><a class=\"zoom-popup cbp-lightbox\" href=\"https:\/\/oip-luxware.com\/wp-content\/uploads\/2023\/09\/S2500Q_07-scaled.jpg\"><\/a><img src=\"https:\/\/oip-luxware.com\/wp-content\/uploads\/2023\/09\/S2500Q_07-570x570.jpg\" alt=\"image\" \/><\/div><\/div><div class=\"cbp-item\"><div class=\"item-wrap\" style=\"\"><a class=\"zoom-popup cbp-lightbox\" href=\"https:\/\/oip-luxware.com\/wp-content\/uploads\/2023\/09\/S2500Q_14-scaled.jpg\"><\/a><img src=\"https:\/\/oip-luxware.com\/wp-content\/uploads\/2023\/09\/S2500Q_14-570x570.jpg\" alt=\"image\" \/><\/div><\/div><div class=\"cbp-item\"><div class=\"item-wrap\" style=\"\"><a class=\"zoom-popup cbp-lightbox\" href=\"https:\/\/oip-luxware.com\/wp-content\/uploads\/2023\/09\/S2500Q_05-scaled.jpg\"><\/a><img src=\"https:\/\/oip-luxware.com\/wp-content\/uploads\/2023\/09\/S2500Q_05-570x570.jpg\" alt=\"image\" \/><\/div><\/div><div class=\"cbp-item\"><div class=\"item-wrap\" style=\"\"><a class=\"zoom-popup cbp-lightbox\" href=\"https:\/\/oip-luxware.com\/wp-content\/uploads\/2023\/09\/S2500Q_15-scaled.jpg\"><\/a><img src=\"https:\/\/oip-luxware.com\/wp-content\/uploads\/2023\/09\/S2500Q_15-570x570.jpg\" alt=\"image\" \/><\/div><\/div><\/div><\/div>\r\n\t<div class=\"prelude-spacer clearfix\" data-desktop=\"90\" data-mobi=\"40\" data-smobi=\"30\"><\/div><\/div><\/div><\/div><\/div><\/div><\/section><\/div><div class=\"vc-custom-col-spacing clearfix vc-col-spacing-30\"><section class=\"wpb_row vc_row-fluid row-content-position-Default\"><div class=\"prelude-container\"><div class=\"row-inner clearfix\"><div class=\"wpb_column vc_column_container vc_col-sm-6\"><div class=\"vc_column-inner\"><div class=\"wpb_wrapper\"><div class=\"button-wrap icon-right\" style=\"\" ><a href=\"https:\/\/oip-luxware.com\/de\/contact-us\/\" target=\"_self\" class=\"prelude-button btn-108570225 medium no_icon custom custom outline solid custom\" style=\"border-width:1px;\"  data-background=\"\" data-text=\"\" data-border=\"\">\r\n\t\t<span style=\"\">Hier anfragen <\/span>\r\n\t<\/a><\/div><\/div><\/div><\/div><div class=\"wpb_column vc_column_container vc_col-sm-6\"><div class=\"vc_column-inner\"><div class=\"wpb_wrapper\"><div class=\"button-wrap icon-right\" style=\"\" ><a href=\"https:\/\/stromtank.com\/s2500quantum\/\" target=\"_blank\" class=\"prelude-button btn-136874950 medium no_icon custom custom outline solid custom\" style=\"border-width:1px;\"  data-background=\"\" data-text=\"\" data-border=\"\">\r\n\t\t<span style=\"\">Siehe weitere Details auf der STROMTANK Website <\/span>\r\n\t<\/a><\/div><\/div><\/div><\/div><\/div><\/div><\/section><\/div><div class=\"vc-custom-col-spacing clearfix vc-col-spacing-30\"><section class=\"wpb_row vc_row-fluid row-content-position-Default\"><div class=\"prelude-container\"><div class=\"row-inner clearfix\"><div class=\"wpb_column vc_column_container vc_col-sm-12\"><div class=\"vc_column-inner\"><div class=\"wpb_wrapper\">\r\n\t<div class=\"prelude-spacer clearfix\" data-desktop=\"100\" data-mobi=\"80\" data-smobi=\"80\"><\/div><\/div><\/div><\/div><\/div><\/div><\/section><\/div>\n<\/section>","protected":false},"excerpt":{"rendered":"Introducing the Stromtank S2500 Quantum MK-II: Where Audiophile Dreams Become Reality! STROMTANK S2500 Quantum MK-II Are you ready to take your high-end audio system to the next level? Are you tired of power interruptions disrupting your listening pleasure? Look no further - the Stromtank S2500 Quantum MK-II is here to","protected":false},"author":5,"featured_media":0,"parent":0,"menu_order":0,"comment_status":"closed","ping_status":"closed","template":"","meta":[],"_links":{"self":[{"href":"http:\/\/oip-luxware.com\/de\/wp-json\/wp\/v2\/pages\/14076"}],"collection":[{"href":"http:\/\/oip-luxware.com\/de\/wp-json\/wp\/v2\/pages"}],"about":[{"href":"http:\/\/oip-luxware.com\/de\/wp-json\/wp\/v2\/types\/page"}],"author":[{"embeddable":true,"href":"http:\/\/oip-luxware.com\/de\/wp-json\/wp\/v2\/users\/5"}],"replies":[{"embeddable":true,"href":"http:\/\/oip-luxware.com\/de\/wp-json\/wp\/v2\/comments?post=14076"}],"version-history":[{"count":13,"href":"http:\/\/oip-luxware.com\/de\/wp-json\/wp\/v2\/pages\/14076\/revisions"}],"predecessor-version":[{"id":14231,"href":"http:\/\/oip-luxware.com\/de\/wp-json\/wp\/v2\/pages\/14076\/revisions\/14231"}],"wp:attachment":[{"href":"http:\/\/oip-luxware.com\/de\/wp-json\/wp\/v2\/media?parent=14076"}],"curies":[{"name":"wp","href":"https:\/\/api.w.org\/{rel}","templated":true}]}}