{"id":14080,"date":"2023-09-08T16:55:21","date_gmt":"2023-09-08T14:55:21","guid":{"rendered":"https:\/\/oip-luxware.com\/?page_id=14080"},"modified":"2023-11-11T18:25:15","modified_gmt":"2023-11-11T17:25:15","slug":"stromtank-s5000","status":"publish","type":"page","link":"http:\/\/oip-luxware.com\/de\/stromtank-s5000\/","title":{"rendered":"STROMTANK S5000 High Power"},"content":{"rendered":"<section class=\"wpb-content-wrapper\"><div class=\"vc-custom-col-spacing clearfix vc-col-spacing-30\"><section class=\"wpb_row vc_row-fluid no-padding row-content-position-Default\"><div class=\"row-inner clearfix\"><div class=\"wpb_column vc_column_container vc_col-sm-12\"><div class=\"vc_column-inner\"><div class=\"wpb_wrapper\"><div class=\"prelude-simple-image simple\" style=\"\">\r\n\t\t\t\t<img alt=\"image\" src=\"https:\/\/oip-luxware.com\/wp-content\/uploads\/2023\/09\/S-5000HP_09b-scaled.jpg\" \/> \r\n\t\t\t<\/div><\/div><\/div><\/div><\/div><\/section><\/div><div class=\"vc-custom-col-spacing clearfix vc-col-spacing-30\"><section class=\"wpb_row vc_row-fluid row-content-position-Default\"><div class=\"prelude-container\"><div class=\"row-inner clearfix\"><div class=\"wpb_column vc_column_container vc_col-sm-12\"><div class=\"vc_column-inner\"><div class=\"wpb_wrapper\">\r\n\t<div class=\"prelude-spacer clearfix\" data-desktop=\"97\" data-mobi=\"60\" data-smobi=\"60\"><\/div><div class=\"prelude-headings clearfix\" data-font=\"14\" style=\"\"><h3 class=\"heading clearfix  accent\" style=\"font-weight:500;letter-spacing:0.25px;margin-bottom:15px;font-size:14px;\">\r\n\t\tWir stellen den Stromtank S5000 High Power vor: Audioerlebnis in einer nie dagewesenen Dimension\r\n\t<\/h3><\/div>\n\t<div class=\"wpb_text_column wpb_content_element\" >\n\t\t<div class=\"wpb_wrapper\">\n\t\t\t<h2 style=\"max-width: 700px; font-weight: 600; margin-bottom: 0;\"><b>STROMTANK S5000 High Power<\/b><\/h2>\n\n\t\t<\/div>\n\t<\/div>\n\r\n\t<div class=\"prelude-spacer clearfix\" data-desktop=\"80\" data-mobi=\"50\" data-smobi=\"50\"><\/div><div class=\"prelude-content-box clearfix\" ><div class=\"vc-custom-col-inner-spacing clearfix vc-col-inner-spacing-30\"><div class=\"wpb_row vc_inner vc_row-fluid\"><div class=\"wpb_column vc_column_container vc_col-sm-12\"><div class=\"vc_column-inner\"><div class=\"wpb_wrapper\">\n\t<div class=\"wpb_text_column wpb_content_element\" >\n\t\t<div class=\"wpb_wrapper\">\n\t\t\t<p>Gefertigt in Deutschland, perfektioniert in Berlin! Wenn es um High-End-Audiosysteme geht, verlangen echte Audiophile nichts weniger als den Gipfel der Perfektion mit einem wunderbaren Sinn f\u00fcr Luxus. Hier kommt der Stromtank S5000 High Power ins Spiel - ein luxuri\u00f6ser und hochwertiger Stromspeicher, der Ihr Musikerlebnis in eine neue Dimension der ununterbrochenen Exzellenz f\u00fchrt.<\/p>\n<p>Stellen Sie sich eine Welt vor, in der Ihre Musik nie einen Takt \u00fcberspringt, in der jede Note so klar und deutlich ist, als w\u00e4re der K\u00fcnstler im selben Raum. Mit dem Stromtank S5000 wird diese Welt f\u00fcr Sie Realit\u00e4t. Dieser bemerkenswerte Stromspeicher stellt sicher, dass Ihr Audiosystem immer die erstklassige Leistung erh\u00e4lt, die es verdient, und garantiert eine ununterbrochene musikalische Reise. Der Stromtank S5000 verf\u00fcgt \u00fcber au\u00dfergew\u00f6hnliche F\u00e4higkeiten und \u00fcberragende Leistung. Mit einer vollen Ladung kann er 30 Minuten lang bei angenehmen 25 \u00b0C eine atemberaubende elektrische Leistung von 2400 Watt liefern, und das ohne Netzanschluss.<\/p>\n<p>Seine kontinuierliche Ausgangsleistung von 950 Watt sorgt f\u00fcr eine gleichbleibende Audioleistung, die keinen Raum f\u00fcr Kompromisse l\u00e4sst. Und mit einer maximalen Speicherkapazit\u00e4t von atemberaubenden 5000Wh (Watt-Stunden) geht Ihnen nie der Strom aus, wenn Sie Ihre Lieblingsst\u00fccke genie\u00dfen oder Ihre gesch\u00e4tzten G\u00e4ste unterhalten.  In den Momenten, in denen Ihr Lieblingstitel einen zus\u00e4tzlichen Punch ben\u00f6tigt, entt\u00e4uscht der Stromtank S5000 nicht. Er entfesselt eine erstaunliche Spitzenleistung von 5200 Watt f\u00fcr 3 Sekunden bei 25\u00b0C und sorgt daf\u00fcr, dass Ihr Audiosystem selbst die anspruchsvollsten Titel bei jeder Lautst\u00e4rke m\u00fchelos bew\u00e4ltigen kann.<\/p>\n<p>Das Herzst\u00fcck des Stromtank S5000 ist ein klassenbester, computergesteuerter Lithium-Eisen-Phosphat-Akku (LiFePO4), der f\u00fcr eine lange Lebensdauer sorgt. Diese Spitzentechnologie bietet nicht nur eine au\u00dfergew\u00f6hnliche Leistung, sondern garantiert auch eine lange Lebensdauer, so dass sich Ihre Investition in \u00fcberragende Klangqualit\u00e4t \u00fcber viele Jahre hinweg auszahlt.  Der Stromtank S5000 High Power wird in Berlin, Deutschland, in pr\u00e4ziser Handarbeit gefertigt und ist ein Zeugnis deutscher Ingenieurskunst. Jedes Detail, vom schlanken Design bis zur robusten Konstruktion, spiegelt die Hingabe zur Qualit\u00e4t wider, die Stromtank auszeichnet. Der Stromtank S5000 High Power ist nicht nur ein Netzteil, er ist ein Statement! Es ist ein Bekenntnis zu exzellenter Audioqualit\u00e4t, die es Ihnen erm\u00f6glicht, voll und ganz in die Musik einzutauchen, die Sie lieben.<\/p>\n<p>Ob Sie ein anspruchsvoller Audiophiler, ein wohlhabender Musikliebhaber oder ein Profi in der Audioindustrie sind, der Stromtank S5000 ist Ihr Pass in eine Welt der klanglichen Perfektion.  Schlie\u00dfen Sie sich denjenigen an, die nichts weniger als das Beste verlangen, und erleben Sie die Zukunft der Audiotechnik. Erh\u00f6hen Sie Ihr Klangerlebnis mit dem Stromtank S5000 High Power - der Spitze der Luxus-Stromspeicher f\u00fcr High-End-Audiosysteme. H\u00f6ren Sie nicht nur Ihre Musik, sondern erleben Sie sie mit Stromtank wie nie zuvor.<\/p>\n<p>Wenden Sie sich an OIP Luxware (siehe Link unten) als Ihren lokalen autorisierten Vertriebspartner f\u00fcr Nigeria, um sich Ihren Stromtank S5000 High Power zu sichern und Ihr Audioerlebnis zur K\u00f6nigsklasse zu erheben. Ausf\u00fchrliche technische Daten, Erfahrungsberichte von Kunden und mehr finden Sie auf der STROMTANK Website https:\/\/stromtank.com\/s5000hp\/. <a href=\"https:\/\/stromtank.com\/s5000hp\/\">https:\/\/stromtank.com\/s5000hp\/<\/a>.<\/p>\n\n\t\t<\/div>\n\t<\/div>\n\r\n\t<div class=\"prelude-spacer clearfix\" data-desktop=\"80\" data-mobi=\"50\" data-smobi=\"50\"><\/div><\/div><\/div><\/div><\/div><\/div><\/div><\/div><\/div><\/div><\/div><\/div><\/section><\/div><div class=\"vc-custom-col-spacing clearfix vc-col-spacing-30\"><section class=\"wpb_row vc_row-fluid row-content-position-Default\"><div class=\"prelude-container\"><div class=\"row-inner clearfix\"><div class=\"wpb_column vc_column_container vc_col-sm-12\"><div class=\"vc_column-inner\"><div class=\"wpb_wrapper\"><div class=\"prelude-images-grid clearfix\" data-layout=\"slider\" data-column=\"4\" data-column2=\"3\" data-column3=\"2\" data-column4=\"1\" data-gaph=\"0\" data-gapv=\"0\"><div id=\"images-wrap\" class=\"cbp\"><div class=\"cbp-item\"><div class=\"item-wrap\" style=\"\"><a class=\"zoom-popup cbp-lightbox\" href=\"https:\/\/oip-luxware.com\/wp-content\/uploads\/2023\/09\/S-5000HP_09b-scaled.jpg\"><\/a><img src=\"https:\/\/oip-luxware.com\/wp-content\/uploads\/2023\/09\/S-5000HP_09b-570x570.jpg\" alt=\"image\" \/><\/div><\/div><div class=\"cbp-item\"><div class=\"item-wrap\" style=\"\"><a class=\"zoom-popup cbp-lightbox\" href=\"https:\/\/oip-luxware.com\/wp-content\/uploads\/2023\/09\/S-5000HP_03-scaled.jpg\"><\/a><img src=\"https:\/\/oip-luxware.com\/wp-content\/uploads\/2023\/09\/S-5000HP_03-570x570.jpg\" alt=\"image\" \/><\/div><\/div><div class=\"cbp-item\"><div class=\"item-wrap\" style=\"\"><a class=\"zoom-popup cbp-lightbox\" href=\"https:\/\/oip-luxware.com\/wp-content\/uploads\/2023\/09\/S-5000HP_07-scaled.jpg\"><\/a><img src=\"https:\/\/oip-luxware.com\/wp-content\/uploads\/2023\/09\/S-5000HP_07-570x570.jpg\" alt=\"image\" \/><\/div><\/div><div class=\"cbp-item\"><div class=\"item-wrap\" style=\"\"><a class=\"zoom-popup cbp-lightbox\" href=\"https:\/\/oip-luxware.com\/wp-content\/uploads\/2023\/09\/S-5000HP_06-scaled.jpg\"><\/a><img src=\"https:\/\/oip-luxware.com\/wp-content\/uploads\/2023\/09\/S-5000HP_06-570x570.jpg\" alt=\"image\" \/><\/div><\/div><div class=\"cbp-item\"><div class=\"item-wrap\" style=\"\"><a class=\"zoom-popup cbp-lightbox\" href=\"https:\/\/oip-luxware.com\/wp-content\/uploads\/2023\/09\/S-5000HP_11-scaled.jpg\"><\/a><img src=\"https:\/\/oip-luxware.com\/wp-content\/uploads\/2023\/09\/S-5000HP_11-570x570.jpg\" alt=\"image\" \/><\/div><\/div><div class=\"cbp-item\"><div class=\"item-wrap\" style=\"\"><a class=\"zoom-popup cbp-lightbox\" href=\"https:\/\/oip-luxware.com\/wp-content\/uploads\/2023\/09\/S-5000HP_13-scaled.jpg\"><\/a><img src=\"https:\/\/oip-luxware.com\/wp-content\/uploads\/2023\/09\/S-5000HP_13-570x570.jpg\" alt=\"image\" \/><\/div><\/div><div class=\"cbp-item\"><div class=\"item-wrap\" style=\"\"><a class=\"zoom-popup cbp-lightbox\" href=\"https:\/\/oip-luxware.com\/wp-content\/uploads\/2023\/09\/S-5000HP_15-scaled.jpg\"><\/a><img src=\"https:\/\/oip-luxware.com\/wp-content\/uploads\/2023\/09\/S-5000HP_15-570x570.jpg\" alt=\"image\" \/><\/div><\/div><div class=\"cbp-item\"><div class=\"item-wrap\" style=\"\"><a class=\"zoom-popup cbp-lightbox\" href=\"https:\/\/oip-luxware.com\/wp-content\/uploads\/2023\/09\/S-5000HP_05-scaled.jpg\"><\/a><img src=\"https:\/\/oip-luxware.com\/wp-content\/uploads\/2023\/09\/S-5000HP_05-570x570.jpg\" alt=\"image\" \/><\/div><\/div><\/div><\/div>\r\n\t<div class=\"prelude-spacer clearfix\" data-desktop=\"90\" data-mobi=\"40\" data-smobi=\"30\"><\/div><\/div><\/div><\/div><\/div><\/div><\/section><\/div><div class=\"vc-custom-col-spacing clearfix vc-col-spacing-30\"><section class=\"wpb_row vc_row-fluid row-content-position-Default\"><div class=\"prelude-container\"><div class=\"row-inner clearfix\"><div class=\"wpb_column vc_column_container vc_col-sm-6\"><div class=\"vc_column-inner\"><div class=\"wpb_wrapper\"><div class=\"button-wrap icon-right\" style=\"\" ><a href=\"https:\/\/oip-luxware.com\/de\/contact-us\/\" target=\"_self\" class=\"prelude-button btn-1204242004 medium no_icon custom custom outline solid custom\" style=\"border-width:1px;\"  data-background=\"\" data-text=\"\" data-border=\"\">\r\n\t\t<span style=\"\">Hier anfragen <\/span>\r\n\t<\/a><\/div><\/div><\/div><\/div><div class=\"wpb_column vc_column_container vc_col-sm-6\"><div class=\"vc_column-inner\"><div class=\"wpb_wrapper\"><div class=\"button-wrap icon-right\" style=\"\" ><a href=\"https:\/\/stromtank.com\/s5000hp\/\" target=\"_blank\" class=\"prelude-button btn-1602816783 medium no_icon custom custom outline solid custom\" style=\"border-width:1px;\"  data-background=\"\" data-text=\"\" data-border=\"\">\r\n\t\t<span style=\"\">Siehe weitere Details auf der STROMTANK Website <\/span>\r\n\t<\/a><\/div><\/div><\/div><\/div><\/div><\/div><\/section><\/div><div class=\"vc-custom-col-spacing clearfix vc-col-spacing-30\"><section class=\"wpb_row vc_row-fluid row-content-position-Default\"><div class=\"prelude-container\"><div class=\"row-inner clearfix\"><div class=\"wpb_column vc_column_container vc_col-sm-12\"><div class=\"vc_column-inner\"><div class=\"wpb_wrapper\">\r\n\t<div class=\"prelude-spacer clearfix\" data-desktop=\"100\" data-mobi=\"80\" data-smobi=\"80\"><\/div><\/div><\/div><\/div><\/div><\/div><\/section><\/div>\n<\/section>","protected":false},"excerpt":{"rendered":"Introducing the Stromtank S5000 High Power: Audio Experience In An Unprecedented Dimension STROMTANK S5000 High Power Crafted in Germany, Perfected in Berlin! When it comes to high-end audio systems, true audiophiles demand nothing less than the pinnacle of perfection with marvellous taste for luxury. That's where the Stromtank S5000 High","protected":false},"author":5,"featured_media":0,"parent":0,"menu_order":0,"comment_status":"closed","ping_status":"closed","template":"","meta":[],"_links":{"self":[{"href":"http:\/\/oip-luxware.com\/de\/wp-json\/wp\/v2\/pages\/14080"}],"collection":[{"href":"http:\/\/oip-luxware.com\/de\/wp-json\/wp\/v2\/pages"}],"about":[{"href":"http:\/\/oip-luxware.com\/de\/wp-json\/wp\/v2\/types\/page"}],"author":[{"embeddable":true,"href":"http:\/\/oip-luxware.com\/de\/wp-json\/wp\/v2\/users\/5"}],"replies":[{"embeddable":true,"href":"http:\/\/oip-luxware.com\/de\/wp-json\/wp\/v2\/comments?post=14080"}],"version-history":[{"count":8,"href":"http:\/\/oip-luxware.com\/de\/wp-json\/wp\/v2\/pages\/14080\/revisions"}],"predecessor-version":[{"id":14233,"href":"http:\/\/oip-luxware.com\/de\/wp-json\/wp\/v2\/pages\/14080\/revisions\/14233"}],"wp:attachment":[{"href":"http:\/\/oip-luxware.com\/de\/wp-json\/wp\/v2\/media?parent=14080"}],"curies":[{"name":"wp","href":"https:\/\/api.w.org\/{rel}","templated":true}]}}