{"id":1317,"date":"2021-02-19T16:11:55","date_gmt":"2021-02-19T15:11:55","guid":{"rendered":"https:\/\/oip-import-export.com\/?page_id=1317"},"modified":"2023-12-17T16:50:03","modified_gmt":"2023-12-17T15:50:03","slug":"privacy-2","status":"publish","type":"page","link":"https:\/\/oip-luxware.com\/de\/privacy-2\/","title":{"rendered":"Impressum"},"content":{"rendered":"<section class=\"wpb-content-wrapper\"><div class=\"vc-custom-col-spacing clearfix vc-col-spacing-30\"><section class=\"wpb_row vc_row-fluid row-content-position-Default\"><div class=\"prelude-container\"><div class=\"row-inner clearfix\"><div class=\"wpb_column vc_column_container vc_col-sm-12\"><div class=\"vc_column-inner\"><div class=\"wpb_wrapper\">\n\t<div class=\"wpb_text_column wpb_content_element\" >\n\t\t<div class=\"wpb_wrapper\">\n\t\t\t<h4><strong>Impressum<\/strong><\/h4>\n<p><strong>OIP Import-Export Services GmbH<\/strong><\/p>\n<p>De-Saint Exupery Stra\u00dfe 10<\/p>\n<p>60549 Frankfurt a.M.<\/p>\n<p>Deutschland<\/p>\n<p>Tel.:\u00a0 \u00a0 \u00a0 \u00a0 \u00a0 \u00a0+49 (0)69 99 99 77 24<\/p>\n<p>Mobile:\u00a0 \u00a0 \u00a0+49 (0)176 709 66 093<\/p>\n<p>Mail:\u00a0\u00a0\u00a0\u00a0\u00a0\u00a0\u00a0\u00a0\u00a0 <a href=\"mailto:info@oip-luxware.com\">info@oip-luxware.com<\/a><\/p>\n<p>Webseite:\u00a0 \u00a0<a href=\"https:\/\/oip-luxware.com\/de\/\">https:\/\/oip-luxware.com<\/a><\/p>\n<p><strong>Gesch\u00e4ftsf\u00fchrer<\/strong><\/p>\n<p>Dipl. Ing. (FH) Williams Obi<\/p>\n<p><strong>Handelsregister<\/strong><\/p>\n<p>Bezirksgericht:              Frankfurt a.M., Deutschland<\/p>\n<p>Handelsblatt Nummer:             HRB 121706<\/p>\n<p>Umsatzsteuer-Nr.:         \u00a0DE342853087<\/p>\n<p>Gerichtsstand:\u00a0 \u00a0             Frankfurt a.M., Deutschland<\/p>\n<p><a href=\"https:\/\/oip-luxware.com\/de\/privacy\/\">OIP Luxware Datenschutzbestimmungen<\/a><\/p>\n<h5><strong>Haftungshinweis<\/strong><\/h5>\n<p>Trotz sorgf\u00e4ltiger inhaltlicher Kontrolle \u00fcbernehmen wir keine Haftung f\u00fcr die Inhalte externer Links und fremd eingestellter Beitr\u00e4ge. F\u00fcr den Inhalt der verlinkten Seiten sind ausschlie\u00dflich deren Betreiber verantwortlich. OIP Import-Export Services \u00fcbernimmt keinerlei Gew\u00e4hr f\u00fcr die Aktualit\u00e4t, Korrektheit, Vollst\u00e4ndigkeit oder Qualit\u00e4t der bereitgestellten Informationen. OIP Import-Export Services erkl\u00e4rt hiermit ausdr\u00fccklich, dass zum Zeitpunkt der Linksetzung die entsprechenden verlinkten Seiten ihrer Kenntnis nach frei von illegalen Inhalten waren. Auf die aktuelle und zuk\u00fcnftige Gestaltung, die Inhalte oder die Urheberschaft der gelinkten\/verkn\u00fcpften Seiten hat OIP Import-Export Services keinerlei Einfluss. Deshalb distanziert sich OIP Import-Export Services hiermit ausdr\u00fccklich von allen Inhalten der gelinkten\/verkn\u00fcpften Seiten, die nach der Linksetzung ver\u00e4ndert wurden. Diese Feststellung gilt f\u00fcr alle innerhalb des eigenen Internetangebotes gesetzten Links und Verweise.<\/p>\n<h5><strong>Urheberrecht<\/strong><\/h5>\n<p>Das Copyright f\u00fcr ver\u00f6ffentlichte, selbst erstellte Bilder, Texte und andere Objekte bleibt allein bei OIP Import-Export Services. Sie sind, ebenso wie die grafischen Gestaltungen der Website, urheberrechtlich gesch\u00fctzt. Kein Teil des Inhalts dieser Website, dies gilt insbesondere f\u00fcr Grafiken, Tondokumente, Videosequenzen und Texte, darf ohne schriftliche Genehmigung von OIP Import-Export Services vervielf\u00e4ltigt oder in anderen elektronischen oder gedruckten Publikationen verwendet werden.<\/p>\n<h5><strong>Haftungsbeschr\u00e4nkung f\u00fcr externe Links<\/strong><\/h5>\n<p>Unser Angebot enth\u00e4lt sogenannte \"externe Links\" (Links zu Webseiten Dritter), auf deren Inhalte wir keinen Einfluss haben und f\u00fcr die wir daher auch keine Gew\u00e4hr \u00fcbernehmen. F\u00fcr die Inhalte und Richtigkeit der Informationen ist der jeweilige Informationsanbieter der verlinkten Website verantwortlich. Zum Zeitpunkt der Linksetzung waren uns keine Rechtsverst\u00f6\u00dfe bekannt. Bei Bekanntwerden von Rechtsverletzungen werden wir derartige Links umgehend entfernen.<\/p>\n\n\t\t<\/div>\n\t<\/div>\n<\/div><\/div><\/div><\/div><\/div><\/section><\/div>\n<\/section>","protected":false},"excerpt":{"rendered":"Imprint OIP Import-Export Services GmbH De-Saint Exupery Stra\u00dfe 10 60549 Frankfurt a.M. Germany Tel.:\u00a0 \u00a0 \u00a0 \u00a0 \u00a0 \u00a0+49 (0)69 99 99 77 24 Mobile:\u00a0 \u00a0 \u00a0+49 (0)176 709 66 093 Mail:\u00a0\u00a0\u00a0\u00a0\u00a0\u00a0\u00a0\u00a0\u00a0 info@oip-luxware.com Website:\u00a0 \u00a0https:\/\/oip-luxware.com General Manager Dipl. Ing. (FH) Williams Obi Register Entry District Court:\u00a0 \u00a0 \u00a0 \u00a0 \u00a0","protected":false},"author":2,"featured_media":0,"parent":0,"menu_order":0,"comment_status":"closed","ping_status":"closed","template":"","meta":[],"_links":{"self":[{"href":"https:\/\/oip-luxware.com\/de\/wp-json\/wp\/v2\/pages\/1317"}],"collection":[{"href":"https:\/\/oip-luxware.com\/de\/wp-json\/wp\/v2\/pages"}],"about":[{"href":"https:\/\/oip-luxware.com\/de\/wp-json\/wp\/v2\/types\/page"}],"author":[{"embeddable":true,"href":"https:\/\/oip-luxware.com\/de\/wp-json\/wp\/v2\/users\/2"}],"replies":[{"embeddable":true,"href":"https:\/\/oip-luxware.com\/de\/wp-json\/wp\/v2\/comments?post=1317"}],"version-history":[{"count":101,"href":"https:\/\/oip-luxware.com\/de\/wp-json\/wp\/v2\/pages\/1317\/revisions"}],"predecessor-version":[{"id":14301,"href":"https:\/\/oip-luxware.com\/de\/wp-json\/wp\/v2\/pages\/1317\/revisions\/14301"}],"wp:attachment":[{"href":"https:\/\/oip-luxware.com\/de\/wp-json\/wp\/v2\/media?parent=1317"}],"curies":[{"name":"wp","href":"https:\/\/api.w.org\/{rel}","templated":true}]}}