{"id":13286,"date":"2023-04-15T23:05:33","date_gmt":"2023-04-15T21:05:33","guid":{"rendered":"https:\/\/oip-import-export.com\/?page_id=13286"},"modified":"2023-11-09T13:53:57","modified_gmt":"2023-11-09T12:53:57","slug":"about-us","status":"publish","type":"page","link":"https:\/\/oip-luxware.com\/de\/about-us\/","title":{"rendered":"\u00dcber uns"},"content":{"rendered":"<section class=\"wpb-content-wrapper\"><div class=\"vc-custom-col-spacing clearfix vc-col-spacing-30\"><section class=\"wpb_row vc_row-fluid no-padding row-content-position-Default\"><div class=\"row-inner clearfix\"><div class=\"wpb_column vc_column_container vc_col-sm-12\"><div class=\"vc_column-inner\"><div class=\"wpb_wrapper\"><div class=\"prelude-simple-image simple\" style=\"\">\r\n\t\t\t\t<img alt=\"image\" src=\"https:\/\/oip-luxware.com\/wp-content\/uploads\/2023\/07\/About-Us_Main-Pic_01b-scaled.jpg\" \/> \r\n\t\t\t<\/div><\/div><\/div><\/div><\/div><\/section><\/div><div class=\"vc-custom-col-spacing clearfix vc-col-spacing-30\"><section class=\"wpb_row vc_row-fluid row-content-position-Default\"><div class=\"prelude-container\"><div class=\"row-inner clearfix\"><div class=\"wpb_column vc_column_container vc_col-sm-12\"><div class=\"vc_column-inner\"><div class=\"wpb_wrapper\">\r\n\t<div class=\"prelude-spacer clearfix\" data-desktop=\"97\" data-mobi=\"60\" data-smobi=\"60\"><\/div><div class=\"prelude-headings clearfix\" data-font=\"14\" style=\"\"><h3 class=\"heading clearfix  accent\" style=\"font-weight:500;letter-spacing:0.25px;margin-bottom:15px;font-size:14px;\">\r\n\t\tWe provide high quality products\r\n\t<\/h3><\/div>\n\t<div class=\"wpb_text_column wpb_content_element\" >\n\t\t<div class=\"wpb_wrapper\">\n\t\t\t<h2 style=\"max-width: 700px; font-weight: 600; margin-bottom: 0;\"><span style=\"font-weight: 300;\">\u00dcber uns - <\/span>OIP Luxware<\/h2>\n\n\t\t<\/div>\n\t<\/div>\n\r\n\t<div class=\"prelude-spacer clearfix\" data-desktop=\"80\" data-mobi=\"50\" data-smobi=\"50\"><\/div><div class=\"prelude-content-box clearfix\" ><div class=\"vc-custom-col-inner-spacing clearfix vc-col-inner-spacing-30\"><div class=\"wpb_row vc_inner vc_row-fluid\"><div class=\"wpb_column vc_column_container vc_col-sm-6\"><div class=\"vc_column-inner\"><div class=\"wpb_wrapper\">\n\t<div class=\"wpb_text_column wpb_content_element\" >\n\t\t<div class=\"wpb_wrapper\">\n\t\t\t<p>OIP ist ein in Deutschland ans\u00e4ssiges Unternehmen, das Verkaufs- und Vertriebsdienstleistungen f\u00fcr hochwertige, luxuri\u00f6se und technisch fortschrittliche Produkte anbietet.<\/p>\n<p>Unsere Partner sind OEMs (Original Equipment Manufacturers) mit einer Leidenschaft f\u00fcr erstklassige Produkte mit hervorragender Qualit\u00e4t und der Kernintention, unseren Kunden das beste Produkterlebnis zu bieten. Dies wird von unseren Kunden sehr gesch\u00e4tzt, die bei allem, was wir tun, im Mittelpunkt stehen und stehen werden!<\/p>\n<p>Unsere lokalen Vertriebspartner sind Experten in ihren jeweiligen Fachgebieten und gleichzeitig wie kein anderer in der Lage, die t\u00e4glichen Herausforderungen ihrer jeweiligen M\u00e4rkte zu meistern, wie z.B. die Schaffung von Markensichtbarkeit, das Management von Marktregulierungen und gesetzlichen Anforderungen, den Umgang mit Marktrisiken, die Entwicklung von Netzwerken von Wartungs- und Servicepartnern, die Schulung von Mitarbeitern, die Logistik, den Kundensupport, etc.<\/p>\n<p>OIP Luxware arbeitet kontinuierlich Hand in Hand mit unseren lokalen Partnern, um die besten Strategien f\u00fcr Marktentwicklung und Wachstum zu entwickeln, mit dem Ziel, unseren Kunden die besten und dauerhaft positiven Erfahrungen zu liefern.<\/p>\n<p>Die Bed\u00fcrfnisse und Interessen unserer Kunden werden immer unser oberstes Ziel und unsere oberste Priorit\u00e4t bleiben!<\/p>\n\n\t\t<\/div>\n\t<\/div>\n\r\n\t<div class=\"prelude-spacer clearfix\" data-desktop=\"80\" data-mobi=\"50\" data-smobi=\"50\"><\/div><\/div><\/div><\/div><div class=\"wpb_column vc_column_container vc_col-sm-6\"><div class=\"vc_column-inner\"><div class=\"wpb_wrapper\">\r\n\t<div class=\"prelude-parallax-box\"><div class=\"parallax-wrap\"><div class=\"prelude-parallax-item has-width\" style=\"left:41%;margin-top:15%;width:79%;border-radius:7px;box-shadow: 0px 10px 90px 0px rgba(110,123,131,0.2);\" data-parallax='{\"y\" : -40, \"smoothness\" : 40}' data-top=\"15%\"><img class=\"parallax-image\" src=\"https:\/\/oip-luxware.com\/wp-content\/uploads\/2023\/04\/8004090-Pano-scaled.jpg\" alt=\"image\"><\/div><\/div><\/div><\/div><\/div><\/div><\/div><\/div><\/div><div class=\"prelude-content-box clearfix\" ><div class=\"vc-custom-col-inner-spacing clearfix vc-col-inner-spacing-30\"><div id=\"firm-philosophy\" class=\"wpb_row vc_inner vc_row-fluid\"><div class=\"wpb_column vc_column_container vc_col-sm-12\"><div class=\"vc_column-inner\"><div class=\"wpb_wrapper\"><div class=\"prelude-headings clearfix text-center\"  style=\"\"><h2 class=\"heading clearfix\" style=\"\">\r\n\t\tOIP \u2013 Firmenphilosophie\r\n\t<\/h2><\/div>\r\n\t<div class=\"prelude-spacer clearfix\" data-desktop=\"30\" data-mobi=\"30\" data-smobi=\"30\"><\/div><\/div><\/div><\/div><\/div><\/div><\/div><div class=\"prelude-content-box clearfix\" ><div class=\"vc-custom-col-inner-spacing clearfix vc-col-inner-spacing-30\"><div class=\"wpb_row vc_inner vc_row-fluid\"><div class=\"wpb_column vc_column_container vc_col-sm-12\"><div class=\"vc_column-inner\"><div class=\"wpb_wrapper\">\r\n\t<div class=\"prelude-spacer clearfix\" data-desktop=\"30\" data-mobi=\"30\" data-smobi=\"30\"><\/div>\n\t<div class=\"wpb_text_column wpb_content_element\" >\n\t\t<div class=\"wpb_wrapper\">\n\t\t\t<p><b>Unsere Vision <\/b>ist es, f\u00fcr unsere Kunden die erste Wahl f\u00fcr fortschrittlichste und hochwertigste Produkte mit erstklassigem Produktservice und Wartung zu sein.<\/p>\n<p><b>Unsere Mission\u00a0 <\/b><span style=\"font-weight: 400;\">ist es, unseren Kunden das beste und nachhaltigste Produkterlebnis zu bieten, mit einer Beziehung, die auf Vertrauen und Respekt basiert.<\/span><\/p>\n<p class=\"p1\"><strong>Unsere Grundwerte<\/strong><\/p>\n<ul>\n<li>TRANSPARENZ<\/li>\n<li>P\u00dcNKTLICHKEIT<\/li>\n<li>QUALIT\u00c4T<\/li>\n<li>PROFESSIONALIT\u00c4T<\/li>\n<li>INNOVATION<\/li>\n<\/ul>\n<p>Technologische Innovationen und Fortschritte sind nach wie vor die wichtigsten Triebkr\u00e4fte f\u00fcr den wirtschaftlichen und gesellschaftlichen Fortschritt und haben zu einer erheblichen Verbesserung des Lebensstandards in fast allen Teilen der Welt beigetragen. Die Entwicklung oder Einf\u00fchrung einer neuen Technologie hat unser t\u00e4gliches Leben durch die Vereinfachung schwerer Aufgaben, die Verbesserung und Optimierung der Effizienz und Effektivit\u00e4t industrieller Prozesse, die Steigerung der Produktivit\u00e4t, die Verringerung der Gef\u00e4hrdung durch ein gef\u00e4hrliches Arbeitsumfeld, die Erh\u00f6hung unserer durchschnittlichen Lebenserwartung und die erhebliche Verk\u00fcrzung unserer Reisezeit, die Erleichterung einer kontinuierlichen Kostensenkung und Erschwinglichkeit von Verbrauchs- und Industrieg\u00fctern sowie die Verbesserung des Komforts in fast allen Bereichen unserer t\u00e4glichen Aktivit\u00e4ten ganz offensichtlich ver\u00e4ndert.<\/p>\n<p>Vor allem aber hat sie den Spa\u00dffaktor und das Vergn\u00fcgen in unserem t\u00e4glichen Leben erh\u00f6ht. Der Verkauf und Vertrieb fortschrittlicher, qualitativ hochwertiger Produkte auf M\u00e4rkten in aller Welt hat das Ziel, diesen Motor des nicht enden wollenden Wirtschaftswachstums und der Verbesserung des Lebensstandards in unserem t\u00e4glichen Leben weiter anzutreiben.<\/p>\n<p>OIP Luxware hat sich zum Ziel gesetzt, ein integraler Bestandteil zu sein, um diesen fortlaufenden globalen Wachstumsprozess zu erm\u00f6glichen, zu erhalten und zu verbessern. Unser Ziel und unsere Absicht ist es, die erste Wahl unserer Kunden f\u00fcr die fortschrittlichsten und hochwertigsten Produkte mit dem besten Produkt-Service und der besten Wartung zu sein. Gleichzeitig konzentrieren wir uns auf den Aufbau einer lang anhaltenden, fruchtbaren Gesch\u00e4ftsbeziehung mit unseren OEM-Partnern, indem wir ihr zuverl\u00e4ssiger und kompetenter F\u00f6rderer von Wachstum und Erfolg sind.<\/p>\n\n\t\t<\/div>\n\t<\/div>\n\r\n\t<div class=\"prelude-spacer clearfix\" data-desktop=\"80\" data-mobi=\"50\" data-smobi=\"50\"><\/div><\/div><\/div><\/div><\/div><\/div><\/div>\r\n\t<div class=\"prelude-spacer clearfix\" data-desktop=\"94\" data-mobi=\"60\" data-smobi=\"60\"><\/div><\/div><\/div><\/div><\/div><\/div><\/section><\/div>\n<\/section>","protected":false},"excerpt":{"rendered":"We provide high quality products About Us - OIP Luxware OIP is a German based company providing sales and distribution services for high quality, luxury and technically most advanced products. Our partners are OEMs (Original Equipment Manufacturers) with a passion for premium products with outstanding quality and the core intention","protected":false},"author":5,"featured_media":0,"parent":0,"menu_order":0,"comment_status":"closed","ping_status":"closed","template":"","meta":[],"_links":{"self":[{"href":"https:\/\/oip-luxware.com\/de\/wp-json\/wp\/v2\/pages\/13286"}],"collection":[{"href":"https:\/\/oip-luxware.com\/de\/wp-json\/wp\/v2\/pages"}],"about":[{"href":"https:\/\/oip-luxware.com\/de\/wp-json\/wp\/v2\/types\/page"}],"author":[{"embeddable":true,"href":"https:\/\/oip-luxware.com\/de\/wp-json\/wp\/v2\/users\/5"}],"replies":[{"embeddable":true,"href":"https:\/\/oip-luxware.com\/de\/wp-json\/wp\/v2\/comments?post=13286"}],"version-history":[{"count":16,"href":"https:\/\/oip-luxware.com\/de\/wp-json\/wp\/v2\/pages\/13286\/revisions"}],"predecessor-version":[{"id":14163,"href":"https:\/\/oip-luxware.com\/de\/wp-json\/wp\/v2\/pages\/13286\/revisions\/14163"}],"wp:attachment":[{"href":"https:\/\/oip-luxware.com\/de\/wp-json\/wp\/v2\/media?parent=13286"}],"curies":[{"name":"wp","href":"https:\/\/api.w.org\/{rel}","templated":true}]}}