{"id":13401,"date":"2023-04-16T00:32:30","date_gmt":"2023-04-15T22:32:30","guid":{"rendered":"https:\/\/oip-import-export.com\/?page_id=13401"},"modified":"2023-09-18T22:14:46","modified_gmt":"2023-09-18T20:14:46","slug":"inakustikcablesandplugs","status":"publish","type":"page","link":"https:\/\/oip-luxware.com\/de\/inakustikcablesandplugs\/","title":{"rendered":"Inakustik &#8211; High-End Cables &#038; Plugs"},"content":{"rendered":"<section class=\"wpb-content-wrapper\"><div class=\"vc-custom-col-spacing clearfix vc-col-spacing-30\"><section class=\"wpb_row vc_row-fluid no-padding row-content-position-Default\"><div class=\"row-inner clearfix\"><div class=\"wpb_column vc_column_container vc_col-sm-12\"><div class=\"vc_column-inner\"><div class=\"wpb_wrapper\"><div class=\"prelude-simple-image simple  img-stretch\" style=\"text-align:center; margin:0 auto;\">\r\n\t\t\t\t<img alt=\"image\" src=\"https:\/\/oip-luxware.com\/wp-content\/uploads\/2023\/07\/00719223_4b-scaled.jpg\" \/> \r\n\t\t\t<\/div><\/div><\/div><\/div><\/div><\/section><\/div><div class=\"vc-custom-col-spacing clearfix vc-col-spacing-30\"><section class=\"wpb_row vc_row-fluid row-content-position-Default\"><div class=\"prelude-container\"><div class=\"row-inner clearfix\"><div class=\"wpb_column vc_column_container vc_col-sm-12\"><div class=\"vc_column-inner\"><div class=\"wpb_wrapper\">\r\n\t<div class=\"prelude-spacer clearfix\" data-desktop=\"80\" data-mobi=\"50\" data-smobi=\"50\"><\/div><div class=\"prelude-headings clearfix\" data-font=\"14\" style=\"\"><h3 class=\"heading clearfix  accent\" style=\"font-weight:500;letter-spacing:0.25px;margin-bottom:15px;font-size:14px;\">\r\n\t\tExzellenz auf den Punkt gebracht: in-akustik High-End Audiokabel &amp; Stecker\r\n\t<\/h3><\/div>\n\t<div class=\"wpb_text_column wpb_content_element\" >\n\t\t<div class=\"wpb_wrapper\">\n\t\t\t<h2 style=\"max-width: 700px; font-weight: 600; margin-bottom: 0;\"><b>in-akustik Kabel &amp; Stecker<\/b><\/h2>\n\n\t\t<\/div>\n\t<\/div>\n<div class=\"prelude-content-box clearfix\" ><div class=\"vc-custom-col-inner-spacing clearfix vc-col-inner-spacing-30\"><div class=\"wpb_row vc_inner vc_row-fluid\"><div class=\"wpb_column vc_column_container vc_col-sm-12\"><div class=\"vc_column-inner\"><div class=\"wpb_wrapper\">\r\n\t<div class=\"prelude-spacer clearfix\" data-desktop=\"50\" data-mobi=\"30\" data-smobi=\"30\"><\/div>\n\t<div class=\"wpb_text_column wpb_content_element\" >\n\t\t<div class=\"wpb_wrapper\">\n\t\t\t<p>Hier Trifft Pr\u00e4zision Auf Luxus! Mit den High-End-Audiokabeln und -Steckern von in-akustik erreichen Sie neue Dimensionen - eine Symphonie aus Technik und Handwerkskunst. Entwickelt f\u00fcr Audiophile und Luxusliebhaber, die nur das Beste verlangen. in-akustiks exquisite Produktlinie bietet eine Reihe von sorgf\u00e4ltig gefertigten Kabeln und Steckern, die alle in Deutschland hergestellt werden. Bei in-akustik ist Qualit\u00e4t ein Markenzeichen. Jedes Kabel und jeder Stecker aus dem High-End-Sortiment ist ein Meisterwerk an Pr\u00e4zision und Innovation. Mit gr\u00f6\u00dfter Sorgfalt entwickelt, scheuen wir keine Kosten, um sicherzustellen, dass Ihr Audiosystem die Signalintegrit\u00e4t erh\u00e4lt, die es verdient. Luxus ist eine Frage der Wahl, und unsere anspruchsvollen Kunden k\u00f6nnen sich an der Auswahl von Komponenten erfreuen, die aus einer Vielzahl von hochwertigen Materialien gefertigt sind. Von reinem Kupfer \u00fcber Aluminium bis hin zu silberbasierten Ausf\u00fchrungen bietet in-akustik die Flexibilit\u00e4t, den einzigartigen Anforderungen Ihres Audiosystems und Ihren pers\u00f6nlichen W\u00fcnschen gerecht zu werden. Diese Audiokabel und -stecker kommen in extravagantem Design daher, das Sie gerne sichtbar platziert und nicht hinter Ihren M\u00f6beln verstauen m\u00f6chten. Deutsche Ingenieurskunst ist ein Synonym f\u00fcr Pr\u00e4zision und Zuverl\u00e4ssigkeit, und in-akustik ist stolz darauf, dieses Erbe aufrechtzuerhalten. Unsere Produkte werden mit gr\u00f6\u00dfter Sorgfalt und unter Einhaltung h\u00f6chster Qualit\u00e4tsstandards in Deutschland gefertigt. Wenn Sie sich f\u00fcr in-akustik entscheiden, entscheiden Sie sich f\u00fcr Exzellenz. Erleben Sie mit in-akustik High-End-Audiokabeln und -Steckern Audio in Perfektion wie nie zuvor. Egal, ob Sie ein erfahrener Audiophiler, professioneller Musiker oder ein Musikliebhaber mit Sinn f\u00fcr Extravaganz sind, unsere Produkte wurden entwickelt, um Ihr H\u00f6rvergn\u00fcgen zu steigern und Ihnen zu erm\u00f6glichen, jede Note, jede Nuance und jede Emotion in Ihrer Musik zu h\u00f6ren. Treten Sie ein in eine Welt der unvergleichlichen Audioqualit\u00e4t. Erh\u00f6hen Sie Ihr Audiosystem mit in-akustik auf ein neues Niveau von Leistung und Luxus. Entdecken Sie den Unterschied, den Pr\u00e4zisionstechnik und feinste Materialien in Ihrem Audiosystem ausmachen k\u00f6nnen. G\u00f6nnen Sie sich die Kunst des Klangs mit in-akustik. Kontaktieren Sie OIP Luxware (siehe Link unten) als Ihren lokalen autorisierten in-akustik Distributor f\u00fcr Nigeria, um in-akustik High-End Audiokabel &amp; Stecker anzufragen und Ihr Klangerlebnis auf ein au\u00dfergew\u00f6hnliches Niveau zu heben. Detaillierte technische Daten und mehr finden Sie auf der offiziellen in-akustik Website <a href=\"https:\/\/www.in-akustik.de\/en\/cables-and-accessories\/\">https:\/\/www.in-akustik.de\/en\/cables-and-accessories\/<\/a><\/p>\n\n\t\t<\/div>\n\t<\/div>\n<\/div><\/div><\/div><\/div><\/div><\/div>\r\n\t<div class=\"prelude-spacer clearfix\" data-desktop=\"80\" data-mobi=\"50\" data-smobi=\"50\"><\/div><div class=\"prelude-images-grid clearfix\" data-layout=\"slider\" data-column=\"4\" data-column2=\"3\" data-column3=\"2\" data-column4=\"1\" data-gaph=\"0\" data-gapv=\"0\"><div id=\"images-wrap\" class=\"cbp\"><div class=\"cbp-item\"><div class=\"item-wrap\" style=\"\"><a class=\"zoom-popup cbp-lightbox\" href=\"https:\/\/oip-luxware.com\/wp-content\/uploads\/2023\/07\/Referenz_NF-1603_xlr.jpg\"><\/a><img src=\"https:\/\/oip-luxware.com\/wp-content\/uploads\/2023\/07\/Referenz_NF-1603_xlr.jpg\" alt=\"image\" \/><\/div><\/div><div class=\"cbp-item\"><div class=\"item-wrap\" style=\"\"><a class=\"zoom-popup cbp-lightbox\" href=\"https:\/\/oip-luxware.com\/wp-content\/uploads\/2023\/07\/00652106-scaled.jpg\"><\/a><img src=\"https:\/\/oip-luxware.com\/wp-content\/uploads\/2023\/07\/00652106-scaled.jpg\" alt=\"image\" \/><\/div><\/div><div class=\"cbp-item\"><div class=\"item-wrap\" style=\"\"><a class=\"zoom-popup cbp-lightbox\" href=\"https:\/\/oip-luxware.com\/wp-content\/uploads\/2023\/07\/Referenz_LS-2404_AIR_SILVER_CloseUp_Leiter.jpg\"><\/a><img src=\"https:\/\/oip-luxware.com\/wp-content\/uploads\/2023\/07\/Referenz_LS-2404_AIR_SILVER_CloseUp_Leiter.jpg\" alt=\"image\" \/><\/div><\/div><div class=\"cbp-item\"><div class=\"item-wrap\" style=\"\"><a class=\"zoom-popup cbp-lightbox\" href=\"https:\/\/oip-luxware.com\/wp-content\/uploads\/2023\/07\/AC-2404-AIR-Foto-4b-scaled.jpg\"><\/a><img src=\"https:\/\/oip-luxware.com\/wp-content\/uploads\/2023\/07\/AC-2404-AIR-Foto-4b-scaled.jpg\" alt=\"image\" \/><\/div><\/div><div class=\"cbp-item\"><div class=\"item-wrap\" style=\"\"><a class=\"zoom-popup cbp-lightbox\" href=\"https:\/\/oip-luxware.com\/wp-content\/uploads\/2023\/07\/LS_2404_spade.jpg\"><\/a><img src=\"https:\/\/oip-luxware.com\/wp-content\/uploads\/2023\/07\/LS_2404_spade.jpg\" alt=\"image\" \/><\/div><\/div><div class=\"cbp-item\"><div class=\"item-wrap\" style=\"\"><a class=\"zoom-popup cbp-lightbox\" href=\"https:\/\/oip-luxware.com\/wp-content\/uploads\/2023\/07\/Referenz_LS-2404_AIR_CloseUp_Leiter.jpg\"><\/a><img src=\"https:\/\/oip-luxware.com\/wp-content\/uploads\/2023\/07\/Referenz_LS-2404_AIR_CloseUp_Leiter.jpg\" alt=\"image\" \/><\/div><\/div><div class=\"cbp-item\"><div class=\"item-wrap\" style=\"\"><a class=\"zoom-popup cbp-lightbox\" href=\"https:\/\/oip-luxware.com\/wp-content\/uploads\/2023\/07\/Exzellenz_Coax_Stecker-1.jpg\"><\/a><img src=\"https:\/\/oip-luxware.com\/wp-content\/uploads\/2023\/07\/Exzellenz_Coax_Stecker-1.jpg\" alt=\"image\" \/><\/div><\/div><div class=\"cbp-item\"><div class=\"item-wrap\" style=\"\"><a class=\"zoom-popup cbp-lightbox\" href=\"https:\/\/oip-luxware.com\/wp-content\/uploads\/2023\/07\/00405007b.jpg\"><\/a><img src=\"https:\/\/oip-luxware.com\/wp-content\/uploads\/2023\/07\/00405007b.jpg\" alt=\"image\" \/><\/div><\/div><div class=\"cbp-item\"><div class=\"item-wrap\" style=\"\"><a class=\"zoom-popup cbp-lightbox\" href=\"https:\/\/oip-luxware.com\/wp-content\/uploads\/2023\/07\/0083240-scaled.jpg\"><\/a><img src=\"https:\/\/oip-luxware.com\/wp-content\/uploads\/2023\/07\/0083240-scaled.jpg\" alt=\"image\" \/><\/div><\/div><div class=\"cbp-item\"><div class=\"item-wrap\" style=\"\"><a class=\"zoom-popup cbp-lightbox\" href=\"https:\/\/oip-luxware.com\/wp-content\/uploads\/2023\/07\/Referenz_LS-4004_SILVER_Produktfoto_CloseUp_6-1-scaled.jpg\"><\/a><img src=\"https:\/\/oip-luxware.com\/wp-content\/uploads\/2023\/07\/Referenz_LS-4004_SILVER_Produktfoto_CloseUp_6-1-scaled.jpg\" alt=\"image\" \/><\/div><\/div><div class=\"cbp-item\"><div class=\"item-wrap\" style=\"\"><a class=\"zoom-popup cbp-lightbox\" href=\"https:\/\/oip-luxware.com\/wp-content\/uploads\/2023\/07\/Referenz_LS-4004_AIR_Foto_Verpackung_5-scaled.jpg\"><\/a><img src=\"https:\/\/oip-luxware.com\/wp-content\/uploads\/2023\/07\/Referenz_LS-4004_AIR_Foto_Verpackung_5-scaled.jpg\" alt=\"image\" \/><\/div><\/div><\/div><\/div>\r\n\t<div class=\"prelude-spacer clearfix\" data-desktop=\"80\" data-mobi=\"50\" data-smobi=\"50\"><\/div><\/div><\/div><\/div><\/div><\/div><\/section><\/div><div class=\"vc-custom-col-spacing clearfix vc-col-spacing-30\"><section class=\"wpb_row vc_row-fluid row-content-position-Default\"><div class=\"prelude-container\"><div class=\"row-inner clearfix\"><div class=\"wpb_column vc_column_container vc_col-sm-6\"><div class=\"vc_column-inner\"><div class=\"wpb_wrapper\"><div class=\"button-wrap icon-right\" style=\"\" ><a href=\"https:\/\/oip-luxware.com\/de\/contact-us\/\" target=\"_self\" class=\"prelude-button btn-240900370 medium no_icon custom custom outline solid custom\" style=\"border-width:1px;\"  data-background=\"\" data-text=\"\" data-border=\"\">\r\n\t\t<span style=\"\">Hier anfragen <\/span>\r\n\t<\/a><\/div><\/div><\/div><\/div><div class=\"wpb_column vc_column_container vc_col-sm-6\"><div class=\"vc_column-inner\"><div class=\"wpb_wrapper\"><div class=\"button-wrap icon-right\" style=\"\" ><a href=\"https:\/\/www.in-akustik.de\/en\/cables-and-accessories\/\" target=\"_blank\" class=\"prelude-button btn-555760310 medium no_icon custom custom outline solid custom\" style=\"border-width:1px;\"  data-background=\"\" data-text=\"\" data-border=\"\">\r\n\t\t<span style=\"\">Siehe weitere Details auf der in-akustik Website <\/span>\r\n\t<\/a><\/div><\/div><\/div><\/div><\/div><\/div><\/section><\/div><div class=\"vc-custom-col-spacing clearfix vc-col-spacing-30\"><section class=\"wpb_row vc_row-fluid row-content-position-Default\"><div class=\"prelude-container\"><div class=\"row-inner clearfix\"><div class=\"wpb_column vc_column_container vc_col-sm-12\"><div class=\"vc_column-inner\"><div class=\"wpb_wrapper\">\r\n\t<div class=\"prelude-spacer clearfix\" data-desktop=\"80\" data-mobi=\"50\" data-smobi=\"50\"><\/div><\/div><\/div><\/div><\/div><\/div><\/section><\/div>\n<\/section>","protected":false},"excerpt":{"rendered":"Unveiling Excellence: in-akustik High-End Audio Cables &amp; Plugs Inakustik Cables &amp; Plugs This Is Where Precision Meets Luxury! Elevate your audio experience to new heights with in-akustik's High-End Audio Cables &amp; Plugs - a symphony of engineering and craftsmanship. Designed for audiophiles and luxury lovers who demand nothing but the","protected":false},"author":5,"featured_media":0,"parent":0,"menu_order":0,"comment_status":"closed","ping_status":"closed","template":"","meta":[],"_links":{"self":[{"href":"https:\/\/oip-luxware.com\/de\/wp-json\/wp\/v2\/pages\/13401"}],"collection":[{"href":"https:\/\/oip-luxware.com\/de\/wp-json\/wp\/v2\/pages"}],"about":[{"href":"https:\/\/oip-luxware.com\/de\/wp-json\/wp\/v2\/types\/page"}],"author":[{"embeddable":true,"href":"https:\/\/oip-luxware.com\/de\/wp-json\/wp\/v2\/users\/5"}],"replies":[{"embeddable":true,"href":"https:\/\/oip-luxware.com\/de\/wp-json\/wp\/v2\/comments?post=13401"}],"version-history":[{"count":23,"href":"https:\/\/oip-luxware.com\/de\/wp-json\/wp\/v2\/pages\/13401\/revisions"}],"predecessor-version":[{"id":14138,"href":"https:\/\/oip-luxware.com\/de\/wp-json\/wp\/v2\/pages\/13401\/revisions\/14138"}],"wp:attachment":[{"href":"https:\/\/oip-luxware.com\/de\/wp-json\/wp\/v2\/media?parent=13401"}],"curies":[{"name":"wp","href":"https:\/\/api.w.org\/{rel}","templated":true}]}}