{"id":13405,"date":"2023-04-16T00:37:23","date_gmt":"2023-04-15T22:37:23","guid":{"rendered":"https:\/\/oip-import-export.com\/?page_id=13405"},"modified":"2023-11-11T18:34:37","modified_gmt":"2023-11-11T17:34:37","slug":"stromtank-s2500-quantum","status":"publish","type":"page","link":"https:\/\/oip-luxware.com\/de\/stromtank-s2500-quantum\/","title":{"rendered":"inakustik &#8211; Power Supply &#038; Filters"},"content":{"rendered":"<section class=\"wpb-content-wrapper\"><div class=\"vc-custom-col-spacing clearfix vc-col-spacing-30\"><section class=\"wpb_row vc_row-fluid no-padding row-content-position-Default\"><div class=\"row-inner clearfix\"><div class=\"wpb_column vc_column_container vc_col-sm-12\"><div class=\"vc_column-inner\"><div class=\"wpb_wrapper\"><div class=\"prelude-simple-image simple\" style=\"\">\r\n\t\t\t\t<img alt=\"image\" src=\"https:\/\/oip-luxware.com\/wp-content\/uploads\/2023\/07\/Power-Station-AC-4500-26-scaled.jpg\" \/> \r\n\t\t\t<\/div>\r\n\t<div class=\"prelude-spacer clearfix\" data-desktop=\"97\" data-mobi=\"60\" data-smobi=\"60\"><\/div><\/div><\/div><\/div><\/div><\/section><\/div><div class=\"vc-custom-col-spacing clearfix vc-col-spacing-30\"><section class=\"wpb_row vc_row-fluid row-content-position-Default\"><div class=\"prelude-container\"><div class=\"row-inner clearfix\"><div class=\"wpb_column vc_column_container vc_col-sm-12\"><div class=\"vc_column-inner\"><div class=\"wpb_wrapper\">\r\n\t<div class=\"prelude-spacer clearfix\" data-desktop=\"97\" data-mobi=\"60\" data-smobi=\"60\"><\/div><div class=\"prelude-headings clearfix\" data-font=\"14\" style=\"\"><h3 class=\"heading clearfix  accent\" style=\"font-weight:500;letter-spacing:0.25px;margin-bottom:15px;font-size:14px;\">\r\n\t\tHigh-End Strom Filter &amp; Steckerleisten Made in Germany\r\n\t<\/h3><\/div><\/div><\/div><\/div><\/div><\/div><\/section><\/div><div class=\"vc-custom-col-spacing clearfix vc-col-spacing-30\"><section class=\"wpb_row vc_row-fluid row-content-position-Default\"><div class=\"prelude-container\"><div class=\"row-inner clearfix\"><div class=\"wpb_column vc_column_container vc_col-sm-12\"><div class=\"vc_column-inner\"><div class=\"wpb_wrapper\">\n\t<div class=\"wpb_text_column wpb_content_element\" >\n\t\t<div class=\"wpb_wrapper\">\n\t\t\t<h2 style=\"max-width: 700px; font-weight: 600; margin-bottom: 0;\">INAKUSTIK - Strom Filter &amp; Steckerleisten<\/h2>\n\n\t\t<\/div>\n\t<\/div>\n<div class=\"prelude-content-box clearfix\" ><div class=\"vc-custom-col-inner-spacing clearfix vc-col-inner-spacing-30\"><div class=\"wpb_row vc_inner vc_row-fluid\"><div class=\"wpb_column vc_column_container vc_col-sm-12\"><div class=\"vc_column-inner\"><div class=\"wpb_wrapper\">\n\t<div class=\"wpb_text_column wpb_content_element\" >\n\t\t<div class=\"wpb_wrapper\">\n\t\t\t<p>Entfesseln Sie die Kraft des reinen Klangs mit inakustik Strom Filtern und Steckerleisten! Sind Sie es leid, unerw\u00fcnschte Ger\u00e4usche und St\u00f6rungen in Ihrem Audiosystem zu erleben? Verabschieden Sie sich von Verzerrungen und begr\u00fc\u00dfen Sie eine unverf\u00e4lschte Klangqualit\u00e4t mit inakustik Strom Filtern und Steckerleisten! Unsere Netzteile sorgen f\u00fcr eine stabile und saubere Stromquelle f\u00fcr Ihre Audiokomponenten und eliminieren elektrische St\u00f6rungen, die Ihr Musik- oder Heimkinoerlebnis beeintr\u00e4chtigen k\u00f6nnen. Sch\u00fctzen Sie Ihre wertvollen Ger\u00e4te vor \u00dcberspannungen und Spannungsspitzen mit unseren zuverl\u00e4ssigen \u00dcberspannungsschutzger\u00e4ten, damit Sie Ihre Musik sorgenfrei genie\u00dfen k\u00f6nnen. Erleben Sie mit unseren fortschrittlichen Filtern, die unerw\u00fcnschte St\u00f6rungen beseitigen und die Klarheit, Dynamik und Detailtreue Ihres Klangs verbessern, eine nie dagewesene Klangreinheit.<\/p>\n<p>Warum inakustik w\u00e4hlen?<\/p>\n<ul>\n<li>- Technik: Unsere Produkte werden mit gr\u00f6\u00dfter Liebe zum Detail entwickelt, um Ihre Erwartungen zu \u00fcbertreffen und Ihr Klangerlebnis zu verbessern.<\/li>\n<li>- Audiophile Qualit\u00e4t: inakustik ist seit langem daf\u00fcr bekannt, High-End-Audiol\u00f6sungen zu liefern, die auch die anspruchsvollsten Audiophilen zufrieden stellen.<\/li>\n<li>- Einfache Installation: Unsere Steckerleisten und Strom Filter sind benutzerfreundlich und lassen sich leicht in Ihr bestehendes Audiosystem integrieren.<\/li>\n<\/ul>\n<p>Schlie\u00dfen Sie sich der inakustik Revolution an und lassen Sie nicht zu, dass unerw\u00fcnschte Ger\u00e4usche und Interferenzen Ihren Audiogenuss beeintr\u00e4chtigen. Verbessern Sie Ihre Klangqualit\u00e4t mit inakustik Strom Filter und Steckerleisten! Kontaktieren Sie uns noch heute, um mehr zu erfahren und Ihr H\u00f6rerlebnis zu ver\u00e4ndern. Ihre Ohren werden es Ihnen danken! Machen Sie Ihren ersten Schritt in Richtung Audio-Perfektion und besuchen Sie die in-akustik Website f\u00fcr detaillierte technische Details und Spezifikationen https:\/\/in-akustik.de\/en\/cables-and-accessories\/power-supply\/power-filter <a href=\"https:\/\/in-akustik.de\/de\/kabel-zubehoer\/strom\/stromfilter\/reference-power-station-ac-4500-007645000\/\">https:\/\/in-akustik.cables-and-accessories\/power-supply<\/a>.<\/p>\n\n\t\t<\/div>\n\t<\/div>\n\r\n\t<div class=\"prelude-spacer clearfix\" data-desktop=\"80\" data-mobi=\"50\" data-smobi=\"50\"><\/div><\/div><\/div><\/div><\/div><\/div><\/div><\/div><\/div><\/div><\/div><\/div><\/section><\/div><div class=\"vc-custom-col-spacing clearfix vc-col-spacing-30\"><section class=\"wpb_row vc_row-fluid row-content-position-Default\"><div class=\"prelude-container\"><div class=\"row-inner clearfix\"><div class=\"wpb_column vc_column_container vc_col-sm-12\"><div class=\"vc_column-inner\"><div class=\"wpb_wrapper\"><div class=\"prelude-images-grid clearfix\" data-layout=\"slider\" data-column=\"4\" data-column2=\"3\" data-column3=\"2\" data-column4=\"1\" data-gaph=\"0\" data-gapv=\"0\"><div id=\"images-wrap\" class=\"cbp\"><div class=\"cbp-item\"><div class=\"item-wrap\" style=\"\"><a class=\"zoom-popup cbp-lightbox\" href=\"https:\/\/oip-luxware.com\/wp-content\/uploads\/2023\/07\/inakustik_ReferenzAC3500P_29-scaled.jpg\"><\/a><img src=\"https:\/\/oip-luxware.com\/wp-content\/uploads\/2023\/07\/inakustik_ReferenzAC3500P_29-scaled.jpg\" alt=\"image\" \/><\/div><\/div><div class=\"cbp-item\"><div class=\"item-wrap\" style=\"\"><a class=\"zoom-popup cbp-lightbox\" href=\"https:\/\/oip-luxware.com\/wp-content\/uploads\/2023\/07\/inakustik_ReferenzAC3500P_28-scaled.jpg\"><\/a><img src=\"https:\/\/oip-luxware.com\/wp-content\/uploads\/2023\/07\/inakustik_ReferenzAC3500P_28-scaled.jpg\" alt=\"image\" \/><\/div><\/div><div class=\"cbp-item\"><div class=\"item-wrap\" style=\"\"><a class=\"zoom-popup cbp-lightbox\" href=\"https:\/\/oip-luxware.com\/wp-content\/uploads\/2023\/07\/inakustik_ReferenzAC3500P_23-scaled.jpg\"><\/a><img src=\"https:\/\/oip-luxware.com\/wp-content\/uploads\/2023\/07\/inakustik_ReferenzAC3500P_23-scaled.jpg\" alt=\"image\" \/><\/div><\/div><div class=\"cbp-item\"><div class=\"item-wrap\" style=\"\"><a class=\"zoom-popup cbp-lightbox\" href=\"https:\/\/oip-luxware.com\/wp-content\/uploads\/2023\/07\/007623615-scaled.jpg\"><\/a><img src=\"https:\/\/oip-luxware.com\/wp-content\/uploads\/2023\/07\/007623615-scaled.jpg\" alt=\"image\" \/><\/div><\/div><div class=\"cbp-item\"><div class=\"item-wrap\" style=\"\"><a class=\"zoom-popup cbp-lightbox\" href=\"https:\/\/oip-luxware.com\/wp-content\/uploads\/2023\/07\/Power-Station-AC-4500-12-scaled.jpg\"><\/a><img src=\"https:\/\/oip-luxware.com\/wp-content\/uploads\/2023\/07\/Power-Station-AC-4500-12-scaled.jpg\" alt=\"image\" \/><\/div><\/div><div class=\"cbp-item\"><div class=\"item-wrap\" style=\"\"><a class=\"zoom-popup cbp-lightbox\" href=\"https:\/\/oip-luxware.com\/wp-content\/uploads\/2023\/07\/LS-404-MICRO-AIR-Image-1-scaled.jpg\"><\/a><img src=\"https:\/\/oip-luxware.com\/wp-content\/uploads\/2023\/07\/LS-404-MICRO-AIR-Image-1-scaled.jpg\" alt=\"image\" \/><\/div><\/div><div class=\"cbp-item\"><div class=\"item-wrap\" style=\"\"><a class=\"zoom-popup cbp-lightbox\" href=\"https:\/\/oip-luxware.com\/wp-content\/uploads\/2023\/07\/Power-Station-AC-4500-12-1-scaled.jpg\"><\/a><img src=\"https:\/\/oip-luxware.com\/wp-content\/uploads\/2023\/07\/Power-Station-AC-4500-12-1-scaled.jpg\" alt=\"image\" \/><\/div><\/div><\/div><\/div>\r\n\t<div class=\"prelude-spacer clearfix\" data-desktop=\"90\" data-mobi=\"40\" data-smobi=\"30\"><\/div><\/div><\/div><\/div><\/div><\/div><\/section><\/div><div class=\"vc-custom-col-spacing clearfix vc-col-spacing-30\"><section class=\"wpb_row vc_row-fluid row-content-position-Default\"><div class=\"prelude-container\"><div class=\"row-inner clearfix\"><div class=\"wpb_column vc_column_container vc_col-sm-6\"><div class=\"vc_column-inner\"><div class=\"wpb_wrapper\"><div class=\"button-wrap icon-right\" style=\"\" ><a href=\"\" target=\"_blank\" class=\"prelude-button btn-1826128556 medium no_icon custom custom outline solid custom\" style=\"border-width:1px;\"  data-background=\"\" data-text=\"\" data-border=\"\">\r\n\t\t<span style=\"\">Hier anfragen <\/span>\r\n\t<\/a><\/div><\/div><\/div><\/div><div class=\"wpb_column vc_column_container vc_col-sm-6\"><div class=\"vc_column-inner\"><div class=\"wpb_wrapper\"><div class=\"button-wrap icon-right\" style=\"\" ><a href=\"https:\/\/in-akustik.de\/en\/cables-and-accessories\/power-supply\/power-filter\/\" target=\"_blank\" class=\"prelude-button btn-1091405871 medium no_icon custom custom outline solid custom\" style=\"border-width:1px;\"  data-background=\"\" data-text=\"\" data-border=\"\">\r\n\t\t<span style=\"\">Siehe weitere Details auf der inakustik-Website <\/span>\r\n\t<\/a><\/div><\/div><\/div><\/div><\/div><\/div><\/section><\/div><div class=\"vc-custom-col-spacing clearfix vc-col-spacing-30\"><section class=\"wpb_row vc_row-fluid row-content-position-Default\"><div class=\"prelude-container\"><div class=\"row-inner clearfix\"><div class=\"wpb_column vc_column_container vc_col-sm-12\"><div class=\"vc_column-inner\"><div class=\"wpb_wrapper\">\r\n\t<div class=\"prelude-spacer clearfix\" data-desktop=\"100\" data-mobi=\"80\" data-smobi=\"80\"><\/div><\/div><\/div><\/div><\/div><\/div><\/section><\/div>\n<\/section>","protected":false},"excerpt":{"rendered":"High-End Power Filters &amp; Plug Connectors Made in Germany inakustik - Power Filters &amp; Plug Connectors Unleash the Power of Pure Sound with inakustik Power Filters and Plug Connectors! Are you tired of experiencing unwanted noise and interference in your audio system? Say goodbye to distortion and hello to pristine","protected":false},"author":5,"featured_media":0,"parent":0,"menu_order":0,"comment_status":"closed","ping_status":"closed","template":"","meta":[],"_links":{"self":[{"href":"https:\/\/oip-luxware.com\/de\/wp-json\/wp\/v2\/pages\/13405"}],"collection":[{"href":"https:\/\/oip-luxware.com\/de\/wp-json\/wp\/v2\/pages"}],"about":[{"href":"https:\/\/oip-luxware.com\/de\/wp-json\/wp\/v2\/types\/page"}],"author":[{"embeddable":true,"href":"https:\/\/oip-luxware.com\/de\/wp-json\/wp\/v2\/users\/5"}],"replies":[{"embeddable":true,"href":"https:\/\/oip-luxware.com\/de\/wp-json\/wp\/v2\/comments?post=13405"}],"version-history":[{"count":17,"href":"https:\/\/oip-luxware.com\/de\/wp-json\/wp\/v2\/pages\/13405\/revisions"}],"predecessor-version":[{"id":14234,"href":"https:\/\/oip-luxware.com\/de\/wp-json\/wp\/v2\/pages\/13405\/revisions\/14234"}],"wp:attachment":[{"href":"https:\/\/oip-luxware.com\/de\/wp-json\/wp\/v2\/media?parent=13405"}],"curies":[{"name":"wp","href":"https:\/\/api.w.org\/{rel}","templated":true}]}}