{"id":13429,"date":"2023-04-16T01:17:22","date_gmt":"2023-04-15T23:17:22","guid":{"rendered":"https:\/\/oip-import-export.com\/?page_id=13429"},"modified":"2023-11-12T15:37:02","modified_gmt":"2023-11-12T14:37:02","slug":"services","status":"publish","type":"page","link":"https:\/\/oip-luxware.com\/de\/services\/","title":{"rendered":"Dienstleistungen"},"content":{"rendered":"<section class=\"wpb-content-wrapper\"><div class=\"vc-custom-col-spacing clearfix vc-col-spacing-30\"><section class=\"wpb_row vc_row-fluid no-padding row-content-position-Default\"><div class=\"row-inner clearfix\"><div class=\"wpb_column vc_column_container vc_col-sm-12\"><div class=\"vc_column-inner\"><div class=\"wpb_wrapper\"><div class=\"prelude-simple-image simple\" style=\"\">\r\n\t\t\t\t<img alt=\"image\" src=\"https:\/\/oip-luxware.com\/wp-content\/uploads\/2023\/07\/66015193_mb.jpg\" \/> \r\n\t\t\t<\/div>\r\n\t<div class=\"prelude-spacer clearfix\" data-desktop=\"80\" data-mobi=\"60\" data-smobi=\"60\"><\/div><\/div><\/div><\/div><\/div><\/section><\/div><div class=\"vc-custom-col-spacing clearfix vc-col-spacing-30\"><section class=\"wpb_row vc_row-fluid row-content-position-Default\"><div class=\"prelude-container\"><div class=\"row-inner clearfix\"><div class=\"wpb_column vc_column_container vc_col-sm-12\"><div class=\"vc_column-inner\"><div class=\"wpb_wrapper\">\n\t<div class=\"wpb_text_column wpb_content_element\" >\n\t\t<div class=\"wpb_wrapper\">\n\t\t\t<h2 style=\"max-width: 700px; font-weight: 600; margin-bottom: 0;\"><b>Leistungen der OIP Luxware<\/b><\/h2>\n\n\t\t<\/div>\n\t<\/div>\n\r\n\t<div class=\"prelude-spacer clearfix\" data-desktop=\"60\" data-mobi=\"45\" data-smobi=\"45\"><\/div><div class=\"prelude-content-box clearfix\" ><div class=\"vc-custom-col-inner-spacing clearfix vc-col-inner-spacing-30\"><div class=\"wpb_row vc_inner vc_row-fluid\"><div class=\"wpb_column vc_column_container vc_col-sm-12\"><div class=\"vc_column-inner\"><div class=\"wpb_wrapper\">\n\t<div class=\"wpb_text_column wpb_content_element\" >\n\t\t<div class=\"wpb_wrapper\">\n\t\t\t<p><strong>Willkommen bei OIP Luxware - Wir verbessern Ihr Produkterlebnis durch Exzellenz<\/strong><\/p>\n<p>Wir bei OIP Luxware sind stolz darauf, einen ganzheitlichen Ansatz zur Kundenzufriedenheit zu liefern. Unser Engagement beginnt bereits bei der Auswahl hochkar\u00e4tiger Erstausr\u00fcster (Original Equipment Manufacturers, OEMs), um sicherzustellen, dass wir nur die besten Produkte in ihrer Klasse und Qualit\u00e4t anbieten.<\/p>\n<p><strong>Die wichtigsten S\u00e4ulen des Engagements von OIP Luxware:<\/strong><\/p>\n<ol>\n<li>Erstklassige Produktqualit\u00e4t: Wir arbeiten mit hochrangigen OEMs zusammen, um die Grundlage f\u00fcr Spitzenleistungen zu schaffen. Vom Design bis zur Herstellung verk\u00f6rpern unsere Produkte Qualit\u00e4t vom Feinsten, damit Sie den Inbegriff von Luxus und Funktionalit\u00e4t erleben.<\/li>\n<li>Lokale Kompetenz, globale Exzellenz: OIP Luxware wei\u00df, wie wichtig ein lokaler Support ist. Deshalb arbeiten wir mit zuverl\u00e4ssigen lokalen Unternehmen zusammen, um Ihnen den besten Produktsupport, die beste Beratung, den besten Service und die beste Gesamterfahrung zu bieten, die auf Ihre spezifische Region zugeschnitten sind.<\/li>\n<li>Unvergleichlicher Support: Unser Engagement geht \u00fcber den Kauf hinaus. OIP Luxware arbeitet mit au\u00dfergew\u00f6hnlich kompetenten und gut ausgebildeten Service- und Wartungspartnern zusammen, um Ihre Zufriedenheit zu gew\u00e4hrleisten. Egal, ob es sich um Garantiesupport oder die Behebung technischer Probleme handelt, wir sorgen daf\u00fcr, dass Ihre Erfahrungen so wenig wie m\u00f6glich beeintr\u00e4chtigt werden.<\/li>\n<li>Kundenorientierter Fokus: Ihre Wertsch\u00e4tzung ist unsere Motivation. OIP Luxware ist bestrebt, Ihnen ein Erlebnis zu bieten, das Ihre Erwartungen \u00fcbertrifft. Unser kundenorientierter Ansatz garantiert, dass Sie an jedem Ber\u00fchrungspunkt das h\u00f6chste Niveau an Service erhalten.<\/li>\n<\/ol>\n<p><strong>Erleben Sie den OIP Luxware-Vorteil:<\/strong><\/p>\n<p>Begleiten Sie uns auf einer Reise, auf der Spitzenleistungen nicht nur ein Versprechen, sondern eine Verpflichtung sind. OIP Luxware vereint das Beste an Produktqualit\u00e4t, lokalem Support und fachkundigem Service, um Ihr Erlebnis zu verbessern. Entscheiden Sie sich f\u00fcr OIP Luxware und erleben Sie eine Welt, in der jedes Produkt bis ins kleinste Detail perfekt verarbeitet ist und Ihre Zufriedenheit an erster Stelle steht.<\/p>\n<p>Willkommen in einem Reich von Luxus, Qualit\u00e4t und unvergleichlichem Service. OIP Luxware - Erh\u00f6hen Sie Ihre Erfahrung mit Exzellenz.<\/p>\n\n\t\t<\/div>\n\t<\/div>\n\r\n\t<div class=\"prelude-spacer clearfix\" data-desktop=\"60\" data-mobi=\"45\" data-smobi=\"45\"><\/div><\/div><\/div><\/div><\/div><\/div><\/div><\/div><\/div><\/div><\/div><\/div><\/section><\/div><div class=\"vc-custom-col-spacing clearfix vc-col-spacing-30\"><section class=\"wpb_row vc_row-fluid row-content-position-Default\"><div class=\"prelude-container\"><div class=\"row-inner clearfix\"><div class=\"wpb_column vc_column_container vc_col-sm-4\"><div class=\"vc_column-inner\"><div class=\"wpb_wrapper\"><div class=\"prelude-single-heading clearfix  has-line\" style=\"\"><span class=\"inner\"><span class=\"line accent\" style=\"width:40px;height:2px;\"><\/span><span class=\"heading clearfix\" style=\"font-weight:600;color:#0a0a0a;\">\r\n\t\tVERTRIEB VON HIGH-END-PRODUKTEN\r\n\t<\/span><\/span><\/div>\r\n\t<div class=\"prelude-spacer clearfix\" data-desktop=\"40\" data-mobi=\"25\" data-smobi=\"25\"><\/div><div class=\"prelude-image-box clearfix style-1  wow fadeInUp\" style=\"\"  data-wow-duration=\"0.75s\" data-wow-delay=\"0.3s\">\r\n        <div class=\"item\">\r\n            <div class=\"inner\">\r\n                <div class=\"thumb\" style=\"\"><img width=\"2560\" height=\"1709\" src=\"https:\/\/oip-luxware.com\/wp-content\/uploads\/2023\/09\/S2500Q_08-scaled.jpg\" class=\"attachment-full size-full\" alt=\"\" decoding=\"async\" loading=\"lazy\" srcset=\"https:\/\/oip-luxware.com\/wp-content\/uploads\/2023\/09\/S2500Q_08-scaled.jpg 2560w, https:\/\/oip-luxware.com\/wp-content\/uploads\/2023\/09\/S2500Q_08-300x200.jpg 300w, https:\/\/oip-luxware.com\/wp-content\/uploads\/2023\/09\/S2500Q_08-1024x684.jpg 1024w, https:\/\/oip-luxware.com\/wp-content\/uploads\/2023\/09\/S2500Q_08-768x513.jpg 768w, https:\/\/oip-luxware.com\/wp-content\/uploads\/2023\/09\/S2500Q_08-1536x1025.jpg 1536w, https:\/\/oip-luxware.com\/wp-content\/uploads\/2023\/09\/S2500Q_08-2048x1367.jpg 2048w, https:\/\/oip-luxware.com\/wp-content\/uploads\/2023\/09\/S2500Q_08-18x12.jpg 18w, https:\/\/oip-luxware.com\/wp-content\/uploads\/2023\/09\/S2500Q_08-535x357.jpg 535w\" sizes=\"(max-width: 2560px) 100vw, 2560px\" \/> <\/div>\r\n                <div class=\"text-wrap\" style=\"\">\r\n                      <div class=\"url-wrap\">\r\n            <a href=\"https:\/\/oip-luxware.com\/de\/high-end-product-distribution\/\" target=\"_self\" class=\"prelude-links link-style-2 accent\" style=\"\">\r\n                <span class=\"text\">Erfahre Mehr<\/span>\r\n            <\/a>\r\n        <\/div>\r\n                <\/div>\r\n                \r\n            <\/div>\r\n        <\/div>\r\n    <\/div>\r\n\t<div class=\"prelude-spacer clearfix\" data-desktop=\"50\" data-mobi=\"35\" data-smobi=\"35\"><\/div>\n\t<div class=\"wpb_text_column wpb_content_element\" >\n\t\t<div class=\"wpb_wrapper\">\n\t\t\t<p>Unser Engagement beginnt bei der Auswahl hochkar\u00e4tiger Erstausr\u00fcster.<\/p>\n\n\t\t<\/div>\n\t<\/div>\n\r\n\t<div class=\"prelude-spacer clearfix\" data-desktop=\"60\" data-mobi=\"40\" data-smobi=\"40\"><\/div><\/div><\/div><\/div><div class=\"wpb_column vc_column_container vc_col-sm-4\"><div class=\"vc_column-inner\"><div class=\"wpb_wrapper\"><div class=\"prelude-single-heading clearfix  has-line\" style=\"\"><span class=\"inner\"><span class=\"line accent\" style=\"width:40px;height:2px;\"><\/span><span class=\"heading clearfix\" style=\"font-weight:600;color:#0a0a0a;\">\r\n\t\tStrategische Marktentwicklung\r\n\t<\/span><\/span><\/div>\r\n\t<div class=\"prelude-spacer clearfix\" data-desktop=\"55\" data-mobi=\"35\" data-smobi=\"35\"><\/div><div class=\"prelude-image-box clearfix style-1  wow fadeInUp\" style=\"\"  data-wow-duration=\"0.75s\" data-wow-delay=\"0.3s\">\r\n        <div class=\"item\">\r\n            <div class=\"inner\">\r\n                <div class=\"thumb\" style=\"\"><img width=\"2560\" height=\"1614\" src=\"https:\/\/oip-luxware.com\/wp-content\/uploads\/2023\/04\/Strategic-Market-Entry_Main_Option_01-scaled.jpg\" class=\"attachment-full size-full\" alt=\"\" decoding=\"async\" loading=\"lazy\" srcset=\"https:\/\/oip-luxware.com\/wp-content\/uploads\/2023\/04\/Strategic-Market-Entry_Main_Option_01-scaled.jpg 2560w, https:\/\/oip-luxware.com\/wp-content\/uploads\/2023\/04\/Strategic-Market-Entry_Main_Option_01-300x189.jpg 300w, https:\/\/oip-luxware.com\/wp-content\/uploads\/2023\/04\/Strategic-Market-Entry_Main_Option_01-1024x646.jpg 1024w, https:\/\/oip-luxware.com\/wp-content\/uploads\/2023\/04\/Strategic-Market-Entry_Main_Option_01-768x484.jpg 768w, https:\/\/oip-luxware.com\/wp-content\/uploads\/2023\/04\/Strategic-Market-Entry_Main_Option_01-1536x968.jpg 1536w, https:\/\/oip-luxware.com\/wp-content\/uploads\/2023\/04\/Strategic-Market-Entry_Main_Option_01-2048x1291.jpg 2048w, https:\/\/oip-luxware.com\/wp-content\/uploads\/2023\/04\/Strategic-Market-Entry_Main_Option_01-535x337.jpg 535w\" sizes=\"(max-width: 2560px) 100vw, 2560px\" \/> <\/div>\r\n                <div class=\"text-wrap\" style=\"\">\r\n                      <div class=\"url-wrap\">\r\n            <a href=\"https:\/\/oip-luxware.com\/de\/strategic-market-entry\/\" target=\"_self\" class=\"prelude-links link-style-2 accent\" style=\"\">\r\n                <span class=\"text\">Erfahre Mehr<\/span>\r\n            <\/a>\r\n        <\/div>\r\n                <\/div>\r\n                \r\n            <\/div>\r\n        <\/div>\r\n    <\/div>\r\n\t<div class=\"prelude-spacer clearfix\" data-desktop=\"50\" data-mobi=\"35\" data-smobi=\"35\"><\/div>\n\t<div class=\"wpb_text_column wpb_content_element\" >\n\t\t<div class=\"wpb_wrapper\">\n\t\t\t<p>Wir und unsere lokalen Partner legen Wert darauf, unsere Kunden und ihre Bed\u00fcrfnisse zu verstehen.<\/p>\n\n\t\t<\/div>\n\t<\/div>\n\r\n\t<div class=\"prelude-spacer clearfix\" data-desktop=\"60\" data-mobi=\"35\" data-smobi=\"35\"><\/div><\/div><\/div><\/div><div class=\"wpb_column vc_column_container vc_col-sm-4\"><div class=\"vc_column-inner\"><div class=\"wpb_wrapper\"><div class=\"prelude-single-heading clearfix  has-line\" style=\"\"><span class=\"inner\"><span class=\"line accent\" style=\"width:40px;height:2px;\"><\/span><span class=\"heading clearfix\" style=\"font-weight:600;color:#0a0a0a;\">\r\n\t\tERSTKLASSIGER KUNDENSERVICE\r\n\t<\/span><\/span><\/div>\r\n\t<div class=\"prelude-spacer clearfix\" data-desktop=\"40\" data-mobi=\"25\" data-smobi=\"25\"><\/div><div class=\"prelude-image-box clearfix style-1  wow fadeInUp\" style=\"\"  data-wow-duration=\"0.75s\" data-wow-delay=\"0.3s\">\r\n        <div class=\"item\">\r\n            <div class=\"inner\">\r\n                <div class=\"thumb\" style=\"\"><img width=\"2048\" height=\"1367\" src=\"https:\/\/oip-luxware.com\/wp-content\/uploads\/2023\/04\/32235556_m-2048x1367-1.jpg\" class=\"attachment-full size-full\" alt=\"\" decoding=\"async\" loading=\"lazy\" srcset=\"https:\/\/oip-luxware.com\/wp-content\/uploads\/2023\/04\/32235556_m-2048x1367-1.jpg 2048w, https:\/\/oip-luxware.com\/wp-content\/uploads\/2023\/04\/32235556_m-2048x1367-1-300x200.jpg 300w, https:\/\/oip-luxware.com\/wp-content\/uploads\/2023\/04\/32235556_m-2048x1367-1-1024x684.jpg 1024w, https:\/\/oip-luxware.com\/wp-content\/uploads\/2023\/04\/32235556_m-2048x1367-1-768x513.jpg 768w, https:\/\/oip-luxware.com\/wp-content\/uploads\/2023\/04\/32235556_m-2048x1367-1-1536x1025.jpg 1536w, https:\/\/oip-luxware.com\/wp-content\/uploads\/2023\/04\/32235556_m-2048x1367-1-535x357.jpg 535w\" sizes=\"(max-width: 2048px) 100vw, 2048px\" \/> <\/div>\r\n                <div class=\"text-wrap\" style=\"\">\r\n                      <div class=\"url-wrap\">\r\n            <a href=\"https:\/\/oip-luxware.com\/de\/first-class-customer-service\/\" target=\"_self\" class=\"prelude-links link-style-2 accent\" style=\"\">\r\n                <span class=\"text\">Erfahre Mehr<\/span>\r\n            <\/a>\r\n        <\/div>\r\n                <\/div>\r\n                \r\n            <\/div>\r\n        <\/div>\r\n    <\/div>\r\n\t<div class=\"prelude-spacer clearfix\" data-desktop=\"50\" data-mobi=\"35\" data-smobi=\"35\"><\/div>\n\t<div class=\"wpb_text_column wpb_content_element\" >\n\t\t<div class=\"wpb_wrapper\">\n\t\t\t<p>Unsere Leidenschaft ist es, unseren Kunden stets das beste Kauf- und Serviceerlebnis zu bieten.<\/p>\n\n\t\t<\/div>\n\t<\/div>\n\r\n\t<div class=\"prelude-spacer clearfix\" data-desktop=\"60\" data-mobi=\"40\" data-smobi=\"40\"><\/div><\/div><\/div><\/div><\/div><\/div><\/section><\/div>\n<\/section>","protected":false},"excerpt":{"rendered":"OIP Luxware Services Welcome to OIP Luxware - Improving your product experience through excellence At OIP Luxware, we pride ourselves on delivering a holistic approach to customer satisfaction. Our commitment starts with the selection of high calibre Original Equipment Manufacturers (OEMs) to ensure that we offer only the best products","protected":false},"author":5,"featured_media":0,"parent":0,"menu_order":0,"comment_status":"closed","ping_status":"closed","template":"","meta":[],"_links":{"self":[{"href":"https:\/\/oip-luxware.com\/de\/wp-json\/wp\/v2\/pages\/13429"}],"collection":[{"href":"https:\/\/oip-luxware.com\/de\/wp-json\/wp\/v2\/pages"}],"about":[{"href":"https:\/\/oip-luxware.com\/de\/wp-json\/wp\/v2\/types\/page"}],"author":[{"embeddable":true,"href":"https:\/\/oip-luxware.com\/de\/wp-json\/wp\/v2\/users\/5"}],"replies":[{"embeddable":true,"href":"https:\/\/oip-luxware.com\/de\/wp-json\/wp\/v2\/comments?post=13429"}],"version-history":[{"count":31,"href":"https:\/\/oip-luxware.com\/de\/wp-json\/wp\/v2\/pages\/13429\/revisions"}],"predecessor-version":[{"id":14264,"href":"https:\/\/oip-luxware.com\/de\/wp-json\/wp\/v2\/pages\/13429\/revisions\/14264"}],"wp:attachment":[{"href":"https:\/\/oip-luxware.com\/de\/wp-json\/wp\/v2\/media?parent=13429"}],"curies":[{"name":"wp","href":"https:\/\/api.w.org\/{rel}","templated":true}]}}