{"id":13442,"date":"2023-04-16T01:47:45","date_gmt":"2023-04-15T23:47:45","guid":{"rendered":"https:\/\/oip-import-export.com\/?page_id=13442"},"modified":"2023-11-13T22:47:40","modified_gmt":"2023-11-13T21:47:40","slug":"strategic-market-entry","status":"publish","type":"page","link":"https:\/\/oip-luxware.com\/de\/strategic-market-entry\/","title":{"rendered":"Strategische Marktentwicklung"},"content":{"rendered":"<section class=\"wpb-content-wrapper\"><div class=\"vc-custom-col-spacing clearfix vc-col-spacing-30\"><section class=\"wpb_row vc_row-fluid no-padding row-content-position-Default\"><div class=\"row-inner clearfix\"><div class=\"wpb_column vc_column_container vc_col-sm-12\"><div class=\"vc_column-inner\"><div class=\"wpb_wrapper\"><div class=\"prelude-simple-image simple\" style=\"\">\r\n\t\t\t\t<img alt=\"image\" src=\"https:\/\/oip-luxware.com\/wp-content\/uploads\/2023\/11\/1605_MBL_REFERENCE_101EMKII3000x2250b.jpg\" \/> \r\n\t\t\t<\/div><\/div><\/div><\/div><\/div><\/section><\/div><div class=\"vc-custom-col-spacing clearfix vc-col-spacing-30\"><section class=\"wpb_row vc_row-fluid row-content-position-Default\"><div class=\"prelude-container\"><div class=\"row-inner clearfix\"><div class=\"wpb_column vc_column_container vc_col-sm-12\"><div class=\"vc_column-inner\"><div class=\"wpb_wrapper\">\r\n\t<div class=\"prelude-spacer clearfix\" data-desktop=\"80\" data-mobi=\"50\" data-smobi=\"50\"><\/div><div class=\"prelude-single-heading clearfix  has-line\" style=\"\"><span class=\"inner\"><span class=\"line accent\" style=\"width:40px;height:2px;\"><\/span><span class=\"heading clearfix\" style=\"font-weight:700;color:#0a0a0a;\">\r\n\t\tStrategische Marktentwicklung\r\n\t<\/span><\/span><\/div><div class=\"prelude-list clearfix icon-middle\" >\r\n\t\t<div style=\"\">\r\n\t\t\t<span style=\"padding-left:30px;\"> <span style=\"\">Planung der Marktentwicklung<\/span><\/span>\r\n\t\t<\/div>\r\n\t<\/div><div class=\"prelude-list clearfix icon-middle\" >\r\n\t\t<div style=\"\">\r\n\t\t\t<span style=\"padding-left:30px;\"> <span style=\"\">Planung des Marktwachstums<\/span><\/span>\r\n\t\t<\/div>\r\n\t<\/div>\r\n\t<div class=\"prelude-spacer clearfix\" data-desktop=\"80\" data-mobi=\"50\" data-smobi=\"50\"><\/div><div class=\"prelude-content-box clearfix\" ><div class=\"vc-custom-col-inner-spacing clearfix vc-col-inner-spacing-30\"><div class=\"wpb_row vc_inner vc_row-fluid\"><div class=\"wpb_column vc_column_container vc_col-sm-3\/5\"><div class=\"vc_column-inner\"><div class=\"wpb_wrapper\"><div class=\"prelude-single-heading clearfix  has-line\" style=\"\"><span class=\"inner\"><span class=\"line accent\" style=\"width:40px;height:2px;\"><\/span><span class=\"heading clearfix\" style=\"font-weight:700;color:#0a0a0a;\">\r\n\t\tPlanung der Marktentwicklung\r\n\t<\/span><\/span><\/div>\n\t<div class=\"wpb_text_column wpb_content_element\" >\n\t\t<div class=\"wpb_wrapper\">\n\t\t\t<p><span style=\"font-weight: 400;\">OIP Luxware und seine lokalen Partner werden vor der Produkteinf\u00fchrung in den jeweiligen Markt sorgf\u00e4ltig analysieren, bewerten und Strategien f\u00fcr die Produkteinf\u00fchrung in den neuen Markt entwerfen.<\/span><\/p>\n<p>Dazu geh\u00f6rt es, die Kunden und vor allem die Kundenbed\u00fcrfnisse zu verstehen und herauszufinden, welche Schritte erforderlich sind, um diese Kundenbed\u00fcrfnisse bestm\u00f6glich zu erf\u00fcllen, um ein hohes Ma\u00df an Kundenzufriedenheit zu gew\u00e4hrleisten, die Sichtbarkeit der Produkte zu erh\u00f6hen, einen erstklassigen Kundendienst und eine erstklassige Wartung zu gew\u00e4hrleisten, lokale Mitarbeiter einzustellen und Schulungen f\u00fcr lokale Partner und Servicepersonal durchzuf\u00fchren, ein Logistiknetz aufzubauen, einen Garantie- und Wartungsprozess einzurichten, Ma\u00dfnahmen zur Optimierung und kontinuierlichen Verbesserung der Kundenerfahrung auf hohem Niveau zu definieren und umzusetzen, usw.<\/p>\n<p>Ein zus\u00e4tzliches und entscheidendes Element unserer Marktentwicklungsstrategie ist es, die besonderen Herausforderungen des lokalen Marktes zu definieren und zu verstehen und die notwendigen Ma\u00dfnahmen zu ergreifen, um sie zu bew\u00e4ltigen, mit der klaren Intention, jede M\u00f6glichkeit einer negativen Kundenerfahrung zu minimieren.<\/p>\n\n\t\t<\/div>\n\t<\/div>\n<\/div><\/div><\/div><div class=\"wpb_column vc_column_container vc_col-sm-2\/5\"><div class=\"vc_column-inner\"><div class=\"wpb_wrapper\">\r\n\t<div class=\"prelude-spacer clearfix\" data-desktop=\"100\" data-mobi=\"800\" data-smobi=\"80\"><\/div><div class=\"prelude-simple-image simple\" style=\"\">\r\n\t\t\t\t<img alt=\"image\" src=\"https:\/\/oip-luxware.com\/wp-content\/uploads\/2023\/04\/Market-Entry-Planning_Option_01-scaled.jpg\" \/> \r\n\t\t\t<\/div><\/div><\/div><\/div><\/div><\/div><\/div>\r\n\t<div class=\"prelude-spacer clearfix\" data-desktop=\"150\" data-mobi=\"100\" data-smobi=\"100\"><\/div><div class=\"prelude-content-box clearfix\" ><div class=\"vc-custom-col-inner-spacing clearfix vc-col-inner-spacing-30\"><div class=\"wpb_row vc_inner vc_row-fluid\"><div class=\"wpb_column vc_column_container vc_col-sm-2\/5\"><div class=\"vc_column-inner\"><div class=\"wpb_wrapper\"><div class=\"prelude-image-box clearfix style-1\" style=\"\" >\r\n        <div class=\"item\">\r\n            <div class=\"inner\">\r\n                <div class=\"thumb\" style=\"\"><img width=\"2560\" height=\"1707\" src=\"https:\/\/oip-luxware.com\/wp-content\/uploads\/2023\/04\/Market-Growth-Planning_Option_01-scaled.jpg\" class=\"attachment-full size-full\" alt=\"\" decoding=\"async\" loading=\"lazy\" srcset=\"https:\/\/oip-luxware.com\/wp-content\/uploads\/2023\/04\/Market-Growth-Planning_Option_01-scaled.jpg 2560w, https:\/\/oip-luxware.com\/wp-content\/uploads\/2023\/04\/Market-Growth-Planning_Option_01-300x200.jpg 300w, https:\/\/oip-luxware.com\/wp-content\/uploads\/2023\/04\/Market-Growth-Planning_Option_01-1024x683.jpg 1024w, https:\/\/oip-luxware.com\/wp-content\/uploads\/2023\/04\/Market-Growth-Planning_Option_01-768x512.jpg 768w, https:\/\/oip-luxware.com\/wp-content\/uploads\/2023\/04\/Market-Growth-Planning_Option_01-1536x1024.jpg 1536w, https:\/\/oip-luxware.com\/wp-content\/uploads\/2023\/04\/Market-Growth-Planning_Option_01-2048x1365.jpg 2048w, https:\/\/oip-luxware.com\/wp-content\/uploads\/2023\/04\/Market-Growth-Planning_Option_01-535x357.jpg 535w\" sizes=\"(max-width: 2560px) 100vw, 2560px\" \/> <\/div>\r\n                <div class=\"text-wrap\" style=\"\">\r\n                      \r\n                <\/div>\r\n                \r\n            <\/div>\r\n        <\/div>\r\n    <\/div>\r\n\t<div class=\"prelude-spacer clearfix\" data-desktop=\"80\" data-mobi=\"50\" data-smobi=\"50\"><\/div><\/div><\/div><\/div><div class=\"wpb_column vc_column_container vc_col-sm-3\/5\"><div class=\"vc_column-inner\"><div class=\"wpb_wrapper\">\r\n\t<div class=\"prelude-spacer clearfix\" data-desktop=\"20\" data-mobi=\"5\" data-smobi=\"5\"><\/div><div class=\"prelude-single-heading clearfix  has-line\" style=\"\"><span class=\"inner\"><span class=\"line accent\" style=\"width:40px;height:2px;\"><\/span><span class=\"heading clearfix\" style=\"font-weight:700;color:#0a0a0a;\">\r\n\t\tPlanung des Marktwachstums\r\n\t<\/span><\/span><\/div>\n\t<div class=\"wpb_text_column wpb_content_element\" >\n\t\t<div class=\"wpb_wrapper\">\n\t\t\t<p>Nach der Markteinf\u00fchrung unseres Produkts auf einem neuen Markt verlagern wir unseren Schwerpunkt auf Wachstum und Verbesserung. Unsere grundlegende Philosophie ist es, dies zu erreichen, indem wir uns auf die Bed\u00fcrfnisse unserer Kunden konzentrieren und daf\u00fcr sorgen, dass unsere Kunden das beste Produkterlebnis und den besten Service genie\u00dfen. Dar\u00fcber hinaus investieren wir in die kontinuierliche Verbesserung der Sichtbarkeit und Zug\u00e4nglichkeit auf unserem lokalen Markt.<\/p>\n<p>Gleichzeitig legen wir gro\u00dfen Wert auf die kontinuierliche Vereinfachung unserer Prozesse und die Verbesserung der F\u00e4higkeiten unserer Mitarbeiter vor Ort (vielschichtige und kontinuierliche Schulungen), um in ihren Arbeitsbereichen zu gl\u00e4nzen und unseren Kunden den besten Nutzen zu bieten.<\/p>\n\n\t\t<\/div>\n\t<\/div>\n\r\n\t<div class=\"prelude-spacer clearfix\" data-desktop=\"80\" data-mobi=\"50\" data-smobi=\"50\"><\/div><\/div><\/div><\/div><\/div><\/div><\/div><\/div><\/div><\/div><\/div><\/div><\/section><\/div><div class=\"vc-custom-col-spacing clearfix vc-col-spacing-30\"><section class=\"wpb_row vc_row-fluid row-content-position-Default\"><div class=\"prelude-container\"><div class=\"row-inner clearfix\"><div class=\"wpb_column vc_column_container vc_col-sm-12\"><div class=\"vc_column-inner\"><div class=\"wpb_wrapper\"><\/div><\/div><\/div><\/div><\/div><\/section><\/div>\n<\/section>","protected":false},"excerpt":{"rendered":"Strategic Market Development Market development planning Market growth planning Market development planning: OIP Luxware and his local partners will, prior to product launching into the respective market, diligently analyse, evaluate and map out strategies of product introduction into the new market. This includes understanding the customers and, above all, the","protected":false},"author":5,"featured_media":0,"parent":0,"menu_order":0,"comment_status":"closed","ping_status":"closed","template":"","meta":[],"_links":{"self":[{"href":"https:\/\/oip-luxware.com\/de\/wp-json\/wp\/v2\/pages\/13442"}],"collection":[{"href":"https:\/\/oip-luxware.com\/de\/wp-json\/wp\/v2\/pages"}],"about":[{"href":"https:\/\/oip-luxware.com\/de\/wp-json\/wp\/v2\/types\/page"}],"author":[{"embeddable":true,"href":"https:\/\/oip-luxware.com\/de\/wp-json\/wp\/v2\/users\/5"}],"replies":[{"embeddable":true,"href":"https:\/\/oip-luxware.com\/de\/wp-json\/wp\/v2\/comments?post=13442"}],"version-history":[{"count":16,"href":"https:\/\/oip-luxware.com\/de\/wp-json\/wp\/v2\/pages\/13442\/revisions"}],"predecessor-version":[{"id":14275,"href":"https:\/\/oip-luxware.com\/de\/wp-json\/wp\/v2\/pages\/13442\/revisions\/14275"}],"wp:attachment":[{"href":"https:\/\/oip-luxware.com\/de\/wp-json\/wp\/v2\/media?parent=13442"}],"curies":[{"name":"wp","href":"https:\/\/api.w.org\/{rel}","templated":true}]}}