{"id":13928,"date":"2023-08-15T21:11:22","date_gmt":"2023-08-15T19:11:22","guid":{"rendered":"https:\/\/oip-luxware.com\/?page_id=13928"},"modified":"2023-12-18T21:32:33","modified_gmt":"2023-12-18T20:32:33","slug":"inakustikcablesandplugs-2","status":"publish","type":"page","link":"https:\/\/oip-luxware.com\/de\/inakustikcablesandplugs-2\/","title":{"rendered":"Wireworld . High-End Cables &#038; Plugs"},"content":{"rendered":"<section class=\"wpb-content-wrapper\"><div class=\"vc-custom-col-spacing clearfix vc-col-spacing-30\"><section class=\"wpb_row vc_row-fluid no-padding row-content-position-Default\"><div class=\"row-inner clearfix\"><div class=\"wpb_column vc_column_container vc_col-sm-12\"><div class=\"vc_column-inner\"><div class=\"wpb_wrapper\"><div class=\"prelude-simple-image simple  img-stretch\" style=\"text-align:center; margin:0 auto;\">\r\n\t\t\t\t<img alt=\"image\" src=\"https:\/\/oip-luxware.com\/wp-content\/uploads\/2023\/09\/Hero_PEP_b-scaled.jpg\" \/> \r\n\t\t\t<\/div><\/div><\/div><\/div><\/div><\/section><\/div><div class=\"vc-custom-col-spacing clearfix vc-col-spacing-30\"><section class=\"wpb_row vc_row-fluid row-content-position-Default\"><div class=\"prelude-container\"><div class=\"row-inner clearfix\"><div class=\"wpb_column vc_column_container vc_col-sm-12\"><div class=\"vc_column-inner\"><div class=\"wpb_wrapper\">\r\n\t<div class=\"prelude-spacer clearfix\" data-desktop=\"97\" data-mobi=\"60\" data-smobi=\"60\"><\/div><div class=\"prelude-headings clearfix\" data-font=\"14\" style=\"\"><h3 class=\"heading clearfix  accent\" style=\"font-weight:500;letter-spacing:0.25px;margin-bottom:15px;font-size:14px;\">\r\n\t\tWireWorld-Kabel und -Stecker - Erh\u00f6hen Sie Ihr Audio-Erlebnis!\r\n\t<\/h3><\/div>\n\t<div class=\"wpb_text_column wpb_content_element\" >\n\t\t<div class=\"wpb_wrapper\">\n\t\t\t<h2 style=\"max-width: 700px; font-weight: 600; margin-bottom: 0;\"><b>WIREWORLD \u2013 Kabel &amp; Stecker<\/b><\/h2>\n\n\t\t<\/div>\n\t<\/div>\n\r\n\t<div class=\"prelude-spacer clearfix\" data-desktop=\"80\" data-mobi=\"50\" data-smobi=\"50\"><\/div><div class=\"prelude-content-box clearfix\" ><div class=\"vc-custom-col-inner-spacing clearfix vc-col-inner-spacing-30\"><div class=\"wpb_row vc_inner vc_row-fluid\"><div class=\"wpb_column vc_column_container vc_col-sm-12\"><div class=\"vc_column-inner\"><div class=\"wpb_wrapper\">\n\t<div class=\"wpb_text_column wpb_content_element\" >\n\t\t<div class=\"wpb_wrapper\">\n\t\t\t<p>Haben Sie genug von minderwertiger Audioqualit\u00e4t und st\u00e4ndigen Signalst\u00f6rungen? Dann ist es an der Zeit, auf WireWorld umzusteigen, dem Branchenf\u00fchrer f\u00fcr hochwertige Audiokabel und Stecker.<\/p>\n<p>Warum WireWorld w\u00e4hlen?<\/p>\n<p>Un\u00fcbertroffene Klangklarheit: Erleben Sie Musik und Klang wie nie zuvor. Unser fortschrittliches Design und unsere Materialien liefern einen kristallklaren Klang, der es Ihnen erm\u00f6glicht, jede Nuance und jedes Detail Ihrer Lieblingssongs zu h\u00f6ren.<\/p>\n<p>Pr\u00e4zisionsgefertigte Anschl\u00fcsse: Verabschieden Sie sich von losen Verbindungen und Signalverlusten. WireWorld-Stecker werden sorgf\u00e4ltig hergestellt, um eine perfekte Passform zu gew\u00e4hrleisten und jedes Mal eine zuverl\u00e4ssige und stabile Verbindung zu liefern.<\/p>\n<p>Hochmoderne Technologie: Unsere Ingenieure sind bestrebt, die Grenzen der Audiotechnologie zu erweitern. WireWorld-Kabel und -Stecker zeichnen sich durch innovative Designs und Materialien aus, die den Wettbewerb \u00fcbertreffen.<\/p>\n<p>Ein Kabel f\u00fcr jeden Bedarf: Von HDMI- und USB-Kabeln bis hin zu Lautsprecher- und Verbindungskabeln decken wir Ihren Audio- und Videobedarf ab. Unser umfassendes Angebot garantiert, dass Sie die perfekte L\u00f6sung f\u00fcr jedes Setup finden.<\/p>\n<p>Langlebig: Qualit\u00e4t ist wichtig! WireWorld-Kabel und -Stecker sind so gebaut, dass sie dem Test der Zeit standhalten. Langlebig, zuverl\u00e4ssig und durch unser Engagement f\u00fcr Qualit\u00e4t unterst\u00fctzt, k\u00f6nnen Sie darauf vertrauen, dass WireWorld eine dauerhafte Erg\u00e4nzung f\u00fcr Ihr Audiosystem darstellt.<\/p>\n<p>Erh\u00f6hen Sie Ihr Audioerlebnis Verwandeln Sie Ihr Heimkino, Audiosystem oder Studio mit WireWorld. Sie werden sich fragen, wie Sie jemals Ihre Lieblingsmedien ohne unsere Kabel und Stecker genie\u00dfen konnten. Schlie\u00dfen Sie sich noch heute der Audio-Revolution an! Entdecken Sie, warum Audiophile, Musikprofis und Home-Entertainment-Fans WireWorld vertrauen. Besuchen Sie unsere Website www:\/\/wireworldcable.com\/ und erkunden Sie unsere umfangreiche Produktpalette. Verbessern Sie Ihr Audioerlebnis mit WireWorld Kabeln und Steckern - wo Innovation auf Perfektion trifft. Geben Sie sich nicht mit weniger als au\u00dfergew\u00f6hnlichem Klang zufrieden. <a href=\"https:\/\/wireworldcable.com\/\">www:\/\/wireworldcable.com\/<\/a> and explore our extensive product range. Upgrade your audio experience with WireWorld Cables and Plugs \u2013 where innovation meets perfection. Don&#8217;t settle for anything less than extraordinary sound.<\/p>\n<p>OIP Luxware ist Ihr offizieller und autorisierter Vertriebspartner f\u00fcr Wireworld-Produkte in Nigeria. Unser Vertrieb wird zu gegebener Zeit auf weitere afrikanische L\u00e4nder ausgeweitet werden.<\/p>\n\n\t\t<\/div>\n\t<\/div>\n\r\n\t<div class=\"prelude-spacer clearfix\" data-desktop=\"80\" data-mobi=\"50\" data-smobi=\"50\"><\/div><\/div><\/div><\/div><\/div><\/div><\/div><div class=\"prelude-images-grid clearfix\" data-layout=\"slider\" data-column=\"4\" data-column2=\"3\" data-column3=\"2\" data-column4=\"1\" data-gaph=\"0\" data-gapv=\"0\"><div id=\"images-wrap\" class=\"cbp\"><div class=\"cbp-item\"><div class=\"item-wrap\" style=\"\"><a class=\"zoom-popup cbp-lightbox\" href=\"https:\/\/oip-luxware.com\/wp-content\/uploads\/2023\/09\/MEPS.jpg\"><\/a><img src=\"https:\/\/oip-luxware.com\/wp-content\/uploads\/2023\/09\/MEPS.jpg\" alt=\"image\" \/><\/div><\/div><div class=\"cbp-item\"><div class=\"item-wrap\" style=\"\"><a class=\"zoom-popup cbp-lightbox\" href=\"https:\/\/oip-luxware.com\/wp-content\/uploads\/2023\/09\/Hero_S3AB-scaled.jpeg\"><\/a><img src=\"https:\/\/oip-luxware.com\/wp-content\/uploads\/2023\/09\/Hero_S3AB-scaled.jpeg\" alt=\"image\" \/><\/div><\/div><div class=\"cbp-item\"><div class=\"item-wrap\" style=\"\"><a class=\"zoom-popup cbp-lightbox\" href=\"https:\/\/oip-luxware.com\/wp-content\/uploads\/2023\/09\/BANLK04-1.jpg\"><\/a><img src=\"https:\/\/oip-luxware.com\/wp-content\/uploads\/2023\/09\/BANLK04-1.jpg\" alt=\"image\" \/><\/div><\/div><div class=\"cbp-item\"><div class=\"item-wrap\" style=\"\"><a class=\"zoom-popup cbp-lightbox\" href=\"https:\/\/oip-luxware.com\/wp-content\/uploads\/2023\/09\/BANGCRP-1.jpg\"><\/a><img src=\"https:\/\/oip-luxware.com\/wp-content\/uploads\/2023\/09\/BANGCRP-1.jpg\" alt=\"image\" \/><\/div><\/div><div class=\"cbp-item\"><div class=\"item-wrap\" style=\"\"><a class=\"zoom-popup cbp-lightbox\" href=\"https:\/\/oip-luxware.com\/wp-content\/uploads\/2023\/09\/PCSVRUS.jpg\"><\/a><img src=\"https:\/\/oip-luxware.com\/wp-content\/uploads\/2023\/09\/PCSVRUS.jpg\" alt=\"image\" \/><\/div><\/div><div class=\"cbp-item\"><div class=\"item-wrap\" style=\"\"><a class=\"zoom-popup cbp-lightbox\" href=\"https:\/\/oip-luxware.com\/wp-content\/uploads\/2023\/09\/RCAMPEI-1.jpg\"><\/a><img src=\"https:\/\/oip-luxware.com\/wp-content\/uploads\/2023\/09\/RCAMPEI-1.jpg\" alt=\"image\" \/><\/div><\/div><div class=\"cbp-item\"><div class=\"item-wrap\" style=\"\"><a class=\"zoom-popup cbp-lightbox\" href=\"https:\/\/oip-luxware.com\/wp-content\/uploads\/2023\/09\/PRT8.jpg\"><\/a><img src=\"https:\/\/oip-luxware.com\/wp-content\/uploads\/2023\/09\/PRT8.jpg\" alt=\"image\" \/><\/div><\/div><div class=\"cbp-item\"><div class=\"item-wrap\" style=\"\"><a class=\"zoom-popup cbp-lightbox\" href=\"https:\/\/oip-luxware.com\/wp-content\/uploads\/2023\/09\/PEP_7_Cross-1.jpg\"><\/a><img src=\"https:\/\/oip-luxware.com\/wp-content\/uploads\/2023\/09\/PEP_7_Cross-1.jpg\" alt=\"image\" \/><\/div><\/div><div class=\"cbp-item\"><div class=\"item-wrap\" style=\"\"><a class=\"zoom-popup cbp-lightbox\" href=\"https:\/\/oip-luxware.com\/wp-content\/uploads\/2023\/09\/20AmpIEC-scaled.jpg\"><\/a><img src=\"https:\/\/oip-luxware.com\/wp-content\/uploads\/2023\/09\/20AmpIEC-scaled.jpg\" alt=\"image\" \/><\/div><\/div><div class=\"cbp-item\"><div class=\"item-wrap\" style=\"\"><a class=\"zoom-popup cbp-lightbox\" href=\"https:\/\/oip-luxware.com\/wp-content\/uploads\/2023\/09\/ELP_Hero2_b-scaled.jpg\"><\/a><img src=\"https:\/\/oip-luxware.com\/wp-content\/uploads\/2023\/09\/ELP_Hero2_b-scaled.jpg\" alt=\"image\" \/><\/div><\/div><div class=\"cbp-item\"><div class=\"item-wrap\" style=\"\"><a class=\"zoom-popup cbp-lightbox\" href=\"https:\/\/oip-luxware.com\/wp-content\/uploads\/2023\/09\/SpacePort_HeroBlack-2_b-scaled.jpg\"><\/a><img src=\"https:\/\/oip-luxware.com\/wp-content\/uploads\/2023\/09\/SpacePort_HeroBlack-2_b-scaled.jpg\" alt=\"image\" \/><\/div><\/div><\/div><\/div><\/div><\/div><\/div><\/div><\/div><\/section><\/div><div class=\"vc-custom-col-spacing clearfix vc-col-spacing-30\"><section class=\"wpb_row vc_row-fluid row-content-position-Default\"><div class=\"prelude-container\"><div class=\"row-inner clearfix\"><div class=\"wpb_column vc_column_container vc_col-sm-12\"><div class=\"vc_column-inner\"><div class=\"wpb_wrapper\">\r\n\t<div class=\"prelude-spacer clearfix\" data-desktop=\"90\" data-mobi=\"40\" data-smobi=\"30\"><\/div><\/div><\/div><\/div><\/div><\/div><\/section><\/div><div class=\"vc-custom-col-spacing clearfix vc-col-spacing-30\"><section class=\"wpb_row vc_row-fluid row-content-position-Default\"><div class=\"prelude-container\"><div class=\"row-inner clearfix\"><div class=\"wpb_column vc_column_container vc_col-sm-6\"><div class=\"vc_column-inner\"><div class=\"wpb_wrapper\"><div class=\"button-wrap icon-right\" style=\"\" ><a href=\"https:\/\/oip-luxware.com\/de\/contact-us\/\" target=\"_self\" class=\"prelude-button btn-223136955 medium no_icon custom custom outline solid custom\" style=\"border-width:1px;\"  data-background=\"\" data-text=\"\" data-border=\"\">\r\n\t\t<span style=\"\">Hier anfragen <\/span>\r\n\t<\/a><\/div><\/div><\/div><\/div><div class=\"wpb_column vc_column_container vc_col-sm-6\"><div class=\"vc_column-inner\"><div class=\"wpb_wrapper\"><div class=\"button-wrap icon-right\" style=\"\" ><a href=\"https:\/\/wireworldcable.com\/\" target=\"_blank\" class=\"prelude-button btn-1553291461 medium no_icon custom custom outline solid custom\" style=\"border-width:1px;\"  data-background=\"\" data-text=\"\" data-border=\"\">\r\n\t\t<span style=\"\">Siehe weitere Details auf der WireWorld-Website <\/span>\r\n\t<\/a><\/div><\/div><\/div><\/div><\/div><\/div><\/section><\/div><div class=\"vc-custom-col-spacing clearfix vc-col-spacing-30\"><section class=\"wpb_row vc_row-fluid row-content-position-Default\"><div class=\"prelude-container\"><div class=\"row-inner clearfix\"><div class=\"wpb_column vc_column_container vc_col-sm-12\"><div class=\"vc_column-inner\"><div class=\"wpb_wrapper\">\r\n\t<div class=\"prelude-spacer clearfix\" data-desktop=\"100\" data-mobi=\"80\" data-smobi=\"80\"><\/div><\/div><\/div><\/div><\/div><\/div><\/section><\/div>\n<\/section>","protected":false},"excerpt":{"rendered":"Introducing WireWorld Cables and Plugs \u2013 Elevate Your Audio Experience! Wireworld Cables &amp; Plugs Are you tired of subpar audio quality and constant signal interference? It's time to upgrade to WireWorld, the industry leader in premium audio cables and plugs. Why Choose WireWorld? Unparalleled Sound Clarity: Experience music and sound","protected":false},"author":5,"featured_media":0,"parent":0,"menu_order":0,"comment_status":"closed","ping_status":"closed","template":"","meta":[],"_links":{"self":[{"href":"https:\/\/oip-luxware.com\/de\/wp-json\/wp\/v2\/pages\/13928"}],"collection":[{"href":"https:\/\/oip-luxware.com\/de\/wp-json\/wp\/v2\/pages"}],"about":[{"href":"https:\/\/oip-luxware.com\/de\/wp-json\/wp\/v2\/types\/page"}],"author":[{"embeddable":true,"href":"https:\/\/oip-luxware.com\/de\/wp-json\/wp\/v2\/users\/5"}],"replies":[{"embeddable":true,"href":"https:\/\/oip-luxware.com\/de\/wp-json\/wp\/v2\/comments?post=13928"}],"version-history":[{"count":14,"href":"https:\/\/oip-luxware.com\/de\/wp-json\/wp\/v2\/pages\/13928\/revisions"}],"predecessor-version":[{"id":14302,"href":"https:\/\/oip-luxware.com\/de\/wp-json\/wp\/v2\/pages\/13928\/revisions\/14302"}],"wp:attachment":[{"href":"https:\/\/oip-luxware.com\/de\/wp-json\/wp\/v2\/media?parent=13928"}],"curies":[{"name":"wp","href":"https:\/\/api.w.org\/{rel}","templated":true}]}}