{"id":14071,"date":"2023-09-08T16:34:25","date_gmt":"2023-09-08T14:34:25","guid":{"rendered":"https:\/\/oip-luxware.com\/?page_id=14071"},"modified":"2023-11-11T18:20:43","modified_gmt":"2023-11-11T17:20:43","slug":"stromtank-s1000","status":"publish","type":"page","link":"https:\/\/oip-luxware.com\/de\/stromtank-s1000\/","title":{"rendered":"STROMTANK S1000"},"content":{"rendered":"<section class=\"wpb-content-wrapper\"><div class=\"vc-custom-col-spacing clearfix vc-col-spacing-30\"><section class=\"wpb_row vc_row-fluid no-padding row-content-position-Default\"><div class=\"row-inner clearfix\"><div class=\"wpb_column vc_column_container vc_col-sm-12\"><div class=\"vc_column-inner\"><div class=\"wpb_wrapper\"><div class=\"prelude-simple-image simple\" style=\"\">\r\n\t\t\t\t<img alt=\"image\" src=\"https:\/\/oip-luxware.com\/wp-content\/uploads\/2023\/09\/S1000_11b-scaled.jpg\" \/> \r\n\t\t\t<\/div><\/div><\/div><\/div><\/div><\/section><\/div><div class=\"vc-custom-col-spacing clearfix vc-col-spacing-30\"><section class=\"wpb_row vc_row-fluid row-content-position-Default\"><div class=\"prelude-container\"><div class=\"row-inner clearfix\"><div class=\"wpb_column vc_column_container vc_col-sm-12\"><div class=\"vc_column-inner\"><div class=\"wpb_wrapper\">\r\n\t<div class=\"prelude-spacer clearfix\" data-desktop=\"97\" data-mobi=\"60\" data-smobi=\"60\"><\/div><div class=\"prelude-headings clearfix\" data-font=\"14\" style=\"\"><h3 class=\"heading clearfix  accent\" style=\"font-weight:500;letter-spacing:0.25px;margin-bottom:15px;font-size:14px;\">\r\n\t\tWir stellen den Stromtank S1000 vor: Erh\u00f6hen Sie Ihr Audioerlebnis!\r\n\t<\/h3><\/div>\n\t<div class=\"wpb_text_column wpb_content_element\" >\n\t\t<div class=\"wpb_wrapper\">\n\t\t\t<h2 style=\"max-width: 700px; font-weight: 600; margin-bottom: 0;\"><b>STROMTANK S1000<\/b><\/h2>\n\n\t\t<\/div>\n\t<\/div>\n\r\n\t<div class=\"prelude-spacer clearfix\" data-desktop=\"80\" data-mobi=\"50\" data-smobi=\"50\"><\/div><div class=\"prelude-content-box clearfix\" ><div class=\"vc-custom-col-inner-spacing clearfix vc-col-inner-spacing-30\"><div class=\"wpb_row vc_inner vc_row-fluid\"><div class=\"wpb_column vc_column_container vc_col-sm-12\"><div class=\"vc_column-inner\"><div class=\"wpb_wrapper\">\n\t<div class=\"wpb_text_column wpb_content_element\" >\n\t\t<div class=\"wpb_wrapper\">\n\t\t\t<p>Sind Sie es leid, dass Ihr High-End-Audiosystem durch unzuverl\u00e4ssige Stromquellen behindert wird? Tr\u00e4umen Sie davon, die reinste, immersivste Klangqualit\u00e4t zu erreichen, die man sich vorstellen kann? Suchen Sie nicht weiter - der Stromtank S1000 ist hier, um Ihr Audioerlebnis zu revolutionieren! Entfesseln Sie die Kraft des Pr\u00e4zisionsklangs. Hergestellt in Berlin, Deutschland, sorgf\u00e4ltig entworfen und mit Stolz hergestellt im Herzen Berlins von Stromtank, einem Namen, der f\u00fcr Qualit\u00e4t und Pr\u00e4zision in der Elektrotechnik steht. Der Stromtank S1000 ist Ihr ultimativer Stromspeicher, der eine konstante und saubere Leistung von 700Watt (@25\u00b0C) f\u00fcr Ihr hochwertiges Audiosystem liefert. Auch w\u00e4hrend des Ladevorgangs liefert dieser Stromspeicher kontinuierlich 450Watt (@25\u00b0C). Verabschieden Sie sich von Stromunterbrechungen und freuen Sie sich auf einen ununterbrochenen H\u00f6rgenuss. 1800Watt Spitzenleistung f\u00fcr 3 Sekunden, wenn Sie den Extra-Punch brauchen! Der S1000 kann erstaunliche 1800 Watt Spitzenleistung f\u00fcr 3 Sekunden liefern und stellt damit sicher, dass Ihr Audiosystem selbst die anspruchsvollsten musikalischen Spitzen mit Leichtigkeit bew\u00e4ltigen kann. Mit dem Stromtank S1000 k\u00f6nnen Sie ununterbrochenen Klang genie\u00dfen und erleben. Mit dieser un\u00fcbertroffenen Audio Fidelity k\u00f6nnen Sie sich von Hintergrundger\u00e4uschen und Leistungsschwankungen verabschieden. Ihr Audiosystem l\u00e4uft auf Hochtouren und liefert einen kristallklaren Sound und naturgetreue Details. Egal, ob Sie zu Hause, unterwegs oder bei einem High-End-Audio-Event in der freien Natur sind, der Stromtank S1000 mit seiner Off-Grid-Flexibilit\u00e4t sorgt daf\u00fcr, dass Ihre Musik immer spielt, egal wo Sie sind. Genie\u00dfen Sie die Freiheit des netzunabh\u00e4ngigen H\u00f6rens! Der Stromtank S1000 ist f\u00fcr die Langlebigkeit Ihres Audiosystems konzipiert und zeichnet sich durch eine unvergleichliche Zuverl\u00e4ssigkeit aus. Seine robuste Bauweise und die hochmoderne Technologie sind ein Beweis f\u00fcr die hervorragende Qualit\u00e4t deutscher Ingenieurskunst. Schlie\u00dfen Sie sich der Audio-Revolution an und heben Sie Ihr Audioerlebnis mit dem Stromtank S1000 auf ein neues Niveau. Machen Sie keine Kompromisse bei der Qualit\u00e4t Ihres Sounds. Investieren Sie in das Beste und erleben Sie Musik so, wie sie geh\u00f6rt werden soll. Bestellen Sie Ihren Stromtank S1000 noch heute und machen Sie den ersten Schritt ins Audio-Nirwana. Wenden Sie sich an OIP Luxware (siehe Link unten) als Ihren lokalen autorisierten Vertriebspartner f\u00fcr Nigeria, um sich Ihren Stromtank S1000 zu sichern und Ihr Klangerlebnis auf eine nie dagewesene Weise zu steigern. Erfahren Sie mehr und erhalten Sie detaillierte technische Spezifikationen, Kundenrezensionen und mehr auf der STROMTANK Website www.stromtank.com\/s1000. <a href=\"http:\/\/www.stromtank.com\/s1000\">www.stromtank.com\/s1000<\/a>.<\/p>\n<p><strong>Stromtank S1000: Wo deutsche Ingenieurskunst auf audiophile Exzellenz trifft. Verbessern Sie Ihren Klang noch heute!<\/strong><\/p>\n\n\t\t<\/div>\n\t<\/div>\n\r\n\t<div class=\"prelude-spacer clearfix\" data-desktop=\"80\" data-mobi=\"50\" data-smobi=\"50\"><\/div><\/div><\/div><\/div><\/div><\/div><\/div><\/div><\/div><\/div><\/div><\/div><\/section><\/div><div class=\"vc-custom-col-spacing clearfix vc-col-spacing-30\"><section class=\"wpb_row vc_row-fluid row-content-position-Default\"><div class=\"prelude-container\"><div class=\"row-inner clearfix\"><div class=\"wpb_column vc_column_container vc_col-sm-12\"><div class=\"vc_column-inner\"><div class=\"wpb_wrapper\"><div class=\"prelude-images-grid clearfix\" data-layout=\"slider\" data-column=\"4\" data-column2=\"3\" data-column3=\"2\" data-column4=\"1\" data-gaph=\"0\" data-gapv=\"0\"><div id=\"images-wrap\" class=\"cbp\"><div class=\"cbp-item\"><div class=\"item-wrap\" style=\"\"><a class=\"zoom-popup cbp-lightbox\" href=\"https:\/\/oip-luxware.com\/wp-content\/uploads\/2023\/09\/S1000_01-scaled.jpg\"><\/a><img src=\"https:\/\/oip-luxware.com\/wp-content\/uploads\/2023\/09\/S1000_01-570x570.jpg\" alt=\"image\" \/><\/div><\/div><div class=\"cbp-item\"><div class=\"item-wrap\" style=\"\"><a class=\"zoom-popup cbp-lightbox\" href=\"https:\/\/oip-luxware.com\/wp-content\/uploads\/2023\/09\/S1000_08-scaled.jpg\"><\/a><img src=\"https:\/\/oip-luxware.com\/wp-content\/uploads\/2023\/09\/S1000_08-570x570.jpg\" alt=\"image\" \/><\/div><\/div><div class=\"cbp-item\"><div class=\"item-wrap\" style=\"\"><a class=\"zoom-popup cbp-lightbox\" href=\"https:\/\/oip-luxware.com\/wp-content\/uploads\/2023\/09\/S1000_09-scaled.jpg\"><\/a><img src=\"https:\/\/oip-luxware.com\/wp-content\/uploads\/2023\/09\/S1000_09-570x570.jpg\" alt=\"image\" \/><\/div><\/div><div class=\"cbp-item\"><div class=\"item-wrap\" style=\"\"><a class=\"zoom-popup cbp-lightbox\" href=\"https:\/\/oip-luxware.com\/wp-content\/uploads\/2023\/09\/IR_remote_02-scaled.jpg\"><\/a><img src=\"https:\/\/oip-luxware.com\/wp-content\/uploads\/2023\/09\/IR_remote_02-570x570.jpg\" alt=\"image\" \/><\/div><\/div><div class=\"cbp-item\"><div class=\"item-wrap\" style=\"\"><a class=\"zoom-popup cbp-lightbox\" href=\"https:\/\/oip-luxware.com\/wp-content\/uploads\/2023\/09\/S1000_11-scaled.jpg\"><\/a><img src=\"https:\/\/oip-luxware.com\/wp-content\/uploads\/2023\/09\/S1000_11-570x570.jpg\" alt=\"image\" \/><\/div><\/div><div class=\"cbp-item\"><div class=\"item-wrap\" style=\"\"><a class=\"zoom-popup cbp-lightbox\" href=\"https:\/\/oip-luxware.com\/wp-content\/uploads\/2023\/09\/S1000_12-scaled.jpg\"><\/a><img src=\"https:\/\/oip-luxware.com\/wp-content\/uploads\/2023\/09\/S1000_12-570x570.jpg\" alt=\"image\" \/><\/div><\/div><div class=\"cbp-item\"><div class=\"item-wrap\" style=\"\"><a class=\"zoom-popup cbp-lightbox\" href=\"https:\/\/oip-luxware.com\/wp-content\/uploads\/2023\/09\/S1000_15-scaled.jpg\"><\/a><img src=\"https:\/\/oip-luxware.com\/wp-content\/uploads\/2023\/09\/S1000_15-570x570.jpg\" alt=\"image\" \/><\/div><\/div><div class=\"cbp-item\"><div class=\"item-wrap\" style=\"\"><a class=\"zoom-popup cbp-lightbox\" href=\"https:\/\/oip-luxware.com\/wp-content\/uploads\/2023\/09\/S1000_06-scaled.jpg\"><\/a><img src=\"https:\/\/oip-luxware.com\/wp-content\/uploads\/2023\/09\/S1000_06-570x570.jpg\" alt=\"image\" \/><\/div><\/div><div class=\"cbp-item\"><div class=\"item-wrap\" style=\"\"><a class=\"zoom-popup cbp-lightbox\" href=\"https:\/\/oip-luxware.com\/wp-content\/uploads\/2023\/09\/S1000_10-scaled.jpg\"><\/a><img src=\"https:\/\/oip-luxware.com\/wp-content\/uploads\/2023\/09\/S1000_10-570x570.jpg\" alt=\"image\" \/><\/div><\/div><\/div><\/div>\r\n\t<div class=\"prelude-spacer clearfix\" data-desktop=\"90\" data-mobi=\"40\" data-smobi=\"30\"><\/div><\/div><\/div><\/div><\/div><\/div><\/section><\/div><div class=\"vc-custom-col-spacing clearfix vc-col-spacing-30\"><section class=\"wpb_row vc_row-fluid row-content-position-Default\"><div class=\"prelude-container\"><div class=\"row-inner clearfix\"><div class=\"wpb_column vc_column_container vc_col-sm-6\"><div class=\"vc_column-inner\"><div class=\"wpb_wrapper\"><div class=\"button-wrap icon-right\" style=\"\" ><a href=\"https:\/\/oip-luxware.com\/de\/contact-us\/\" target=\"_self\" class=\"prelude-button btn-525440927 medium no_icon custom custom outline solid custom\" style=\"border-width:1px;\"  data-background=\"\" data-text=\"\" data-border=\"\">\r\n\t\t<span style=\"\">Hier anfragen <\/span>\r\n\t<\/a><\/div><\/div><\/div><\/div><div class=\"wpb_column vc_column_container vc_col-sm-6\"><div class=\"vc_column-inner\"><div class=\"wpb_wrapper\"><div class=\"button-wrap icon-right\" style=\"\" ><a href=\"https:\/\/stromtank.com\/s1000\/#text\" target=\"_blank\" class=\"prelude-button btn-968807995 medium no_icon custom custom outline solid custom\" style=\"border-width:1px;\"  data-background=\"\" data-text=\"\" data-border=\"\">\r\n\t\t<span style=\"\">Siehe weitere Details auf der STROMTANK Website <\/span>\r\n\t<\/a><\/div><\/div><\/div><\/div><\/div><\/div><\/section><\/div><div class=\"vc-custom-col-spacing clearfix vc-col-spacing-30\"><section class=\"wpb_row vc_row-fluid row-content-position-Default\"><div class=\"prelude-container\"><div class=\"row-inner clearfix\"><div class=\"wpb_column vc_column_container vc_col-sm-12\"><div class=\"vc_column-inner\"><div class=\"wpb_wrapper\">\r\n\t<div class=\"prelude-spacer clearfix\" data-desktop=\"100\" data-mobi=\"80\" data-smobi=\"80\"><\/div><\/div><\/div><\/div><\/div><\/div><\/section><\/div>\n<\/section>","protected":false},"excerpt":{"rendered":"Introducing the Stromtank S1000: Elevate Your Audio Experience! STROMTANK S1000 Are you tired of your high-end audio system being held back by unreliable power sources? Do you dream of achieving the purest, most immersive sound quality imaginable? Look no further \u2013 the Stromtank S1000 is here to revolutionize your audio","protected":false},"author":5,"featured_media":0,"parent":0,"menu_order":0,"comment_status":"closed","ping_status":"closed","template":"","meta":[],"_links":{"self":[{"href":"https:\/\/oip-luxware.com\/de\/wp-json\/wp\/v2\/pages\/14071"}],"collection":[{"href":"https:\/\/oip-luxware.com\/de\/wp-json\/wp\/v2\/pages"}],"about":[{"href":"https:\/\/oip-luxware.com\/de\/wp-json\/wp\/v2\/types\/page"}],"author":[{"embeddable":true,"href":"https:\/\/oip-luxware.com\/de\/wp-json\/wp\/v2\/users\/5"}],"replies":[{"embeddable":true,"href":"https:\/\/oip-luxware.com\/de\/wp-json\/wp\/v2\/comments?post=14071"}],"version-history":[{"count":4,"href":"https:\/\/oip-luxware.com\/de\/wp-json\/wp\/v2\/pages\/14071\/revisions"}],"predecessor-version":[{"id":14230,"href":"https:\/\/oip-luxware.com\/de\/wp-json\/wp\/v2\/pages\/14071\/revisions\/14230"}],"wp:attachment":[{"href":"https:\/\/oip-luxware.com\/de\/wp-json\/wp\/v2\/media?parent=14071"}],"curies":[{"name":"wp","href":"https:\/\/api.w.org\/{rel}","templated":true}]}}