{"id":14079,"date":"2023-09-08T16:49:41","date_gmt":"2023-09-08T14:49:41","guid":{"rendered":"https:\/\/oip-luxware.com\/?page_id=14079"},"modified":"2023-11-11T18:24:01","modified_gmt":"2023-11-11T17:24:01","slug":"stromtank-s4000","status":"publish","type":"page","link":"https:\/\/oip-luxware.com\/de\/stromtank-s4000\/","title":{"rendered":"STROMTANK S4000 Pro Power"},"content":{"rendered":"<section class=\"wpb-content-wrapper\"><div class=\"vc-custom-col-spacing clearfix vc-col-spacing-30\"><section class=\"wpb_row vc_row-fluid no-padding row-content-position-Default\"><div class=\"row-inner clearfix\"><div class=\"wpb_column vc_column_container vc_col-sm-12\"><div class=\"vc_column-inner\"><div class=\"wpb_wrapper\"><div class=\"prelude-simple-image simple\" style=\"\">\r\n\t\t\t\t<img alt=\"image\" src=\"https:\/\/oip-luxware.com\/wp-content\/uploads\/2023\/09\/S4000_14b-scaled.jpg\" \/> \r\n\t\t\t<\/div><\/div><\/div><\/div><\/div><\/section><\/div><div class=\"vc-custom-col-spacing clearfix vc-col-spacing-30\"><section class=\"wpb_row vc_row-fluid row-content-position-Default\"><div class=\"prelude-container\"><div class=\"row-inner clearfix\"><div class=\"wpb_column vc_column_container vc_col-sm-12\"><div class=\"vc_column-inner\"><div class=\"wpb_wrapper\">\r\n\t<div class=\"prelude-spacer clearfix\" data-desktop=\"97\" data-mobi=\"60\" data-smobi=\"60\"><\/div><div class=\"prelude-headings clearfix\" data-font=\"14\" style=\"\"><h3 class=\"heading clearfix  accent\" style=\"font-weight:500;letter-spacing:0.25px;margin-bottom:15px;font-size:14px;\">\r\n\t\tErh\u00f6hen Sie Ihr audiophiles Erlebnis mit Stromtank S4000 Pro Power: Entfesseln Sie Extravaganz und ununterbrochenen Klang!\r\n\t<\/h3><\/div>\n\t<div class=\"wpb_text_column wpb_content_element\" >\n\t\t<div class=\"wpb_wrapper\">\n\t\t\t<h2 style=\"max-width: 700px; font-weight: 600; margin-bottom: 0;\"><b>STROMTANK S4000 <strong>Pro Power<\/strong><\/b><\/h2>\n\n\t\t<\/div>\n\t<\/div>\n\r\n\t<div class=\"prelude-spacer clearfix\" data-desktop=\"80\" data-mobi=\"50\" data-smobi=\"50\"><\/div><div class=\"prelude-content-box clearfix\" ><div class=\"vc-custom-col-inner-spacing clearfix vc-col-inner-spacing-30\"><div class=\"wpb_row vc_inner vc_row-fluid\"><div class=\"wpb_column vc_column_container vc_col-sm-12\"><div class=\"vc_column-inner\"><div class=\"wpb_wrapper\">\n\t<div class=\"wpb_text_column wpb_content_element\" >\n\t\t<div class=\"wpb_wrapper\">\n\t\t\t<p>Tauchen Sie ein in die Welt der unverf\u00e4lschten Audioleistung, die von Stromtank, einem Namen, der f\u00fcr Exzellenz und Innovation in der Elektrotechnik steht, im Herzen von Berlin, Deutschland, sorgf\u00e4ltig entwickelt wurde. G\u00f6nnen Sie sich eine un\u00fcbertroffene Leistung f\u00fcr anspruchsvolle Audiophile mit einem Sinn f\u00fcr Luxus. Der Stromtank S4000 Pro Power setzt neue Ma\u00dfst\u00e4be f\u00fcr Audioleistung mit der immensen F\u00e4higkeit, 1500W (Watt) netzunabh\u00e4ngige Stromversorgung f\u00fcr 30 Minuten (@25\u00b0C) mit einer vollen Ladung zu liefern.<\/p>\n<p>Erleben Sie Musik ohne Grenzen, angetrieben mit einer kontinuierlichen elektrischen Leistung. Dieses Kraftpaket liefert eine kontinuierliche Ausgangsleistung von 950Watt und versorgt Ihr High-End-Audiosystem mit einer stabilen und zuverl\u00e4ssigen Energiequelle f\u00fcr ein unvergleichliches H\u00f6rerlebnis. Mit einer kolossalen Speicherkapazit\u00e4t von 2700Wh (Wattstunden) ist das S4000 Pro Power das Reservoir Ihrer Wahl f\u00fcr reine, ununterbrochene Energie, bereit, das volle Potenzial Ihres Audiosystems zu entfalten. Wenn Ihr Audiosystem einen Leistungsschub ben\u00f6tigt, liefert der S4000 Pro Power eine Spitzenleistung von 3700W f\u00fcr 3 Sekunden (bei 25 \u00b0C) und sorgt daf\u00fcr, dass Ihr Audiosystem auch die dynamischsten und anspruchsvollsten Musikpassagen mit Spitzenleistungsanforderungen m\u00fchelos bew\u00e4ltigt.<\/p>\n<p>Ausgestattet mit einem computergesteuerten Lithium-Eisen-Phosphat-Akku (LiFePO4), ist der S4000 Pro Power auf dauerhafte Leistung und eine auff\u00e4llige Optik ausgelegt. Genie\u00dfen Sie jahrelang zuverl\u00e4ssige Leistung, ohne Kompromisse bei der Qualit\u00e4t einzugehen.<\/p>\n<p>On-The-Fly aufladen: Dieser bemerkenswerte Stromspeicher kann aufgeladen werden, w\u00e4hrend er weiterhin die hochwertige Leistung liefert, die f\u00fcr ein ununterbrochenes und dauerhaftes Musikerlebnis erforderlich ist. Mit dem Stromtank S4000 Pro Power erleben Sie eine kompromisslose Klangqualit\u00e4t! Verabschieden Sie sich von elektrischem Rauschen und Leistungsschwankungen. Ihr Audiosystem wird den Klang mit erstaunlicher Klarheit, Tiefe und Pr\u00e4zision wiedergeben und die Absicht des K\u00fcnstlers wie nie zuvor einfangen.<\/p>\n<p>Ganz gleich, ob Sie zu Hause, in einem abgelegenen Refugium oder bei einem exklusiven Audio-Event sind, das S4000 Pro Power befreit Ihr Audiosystem von den Beschr\u00e4nkungen des Stromnetzes. Dieses Spitzenprodukt der deutschen Ingenieurskunst garantiert die Langlebigkeit Ihres Audiosystems und sorgt f\u00fcr ein nahtloses Musikerlebnis \u00fcber Jahre hinweg. Steigen Sie mit dem Stromtank S4000 Pro Power in die Audio-Elite auf und genie\u00dfen Sie ein unvergleichliches Klangerlebnis. Gehen Sie keine Kompromisse bei der Klangqualit\u00e4t ein - investieren Sie in das Beste und lassen Sie Ihre Musik in den Mittelpunkt r\u00fccken.<\/p>\n<p>Bestellen Sie Ihren Stromtank S4000 Pro Power noch heute und werden Sie von der weltweiten Audio-Elite beneidet. Wenden Sie sich an OIP Luxware (siehe Link unten) als Ihren lokalen autorisierten Vertriebspartner f\u00fcr Nigeria, um sich Ihren Stromtank S4000 Pro Power zu sichern und Ihr Audioerlebnis in unvergleichliche H\u00f6hen zu heben. Ausf\u00fchrliche technische Daten, Erfahrungsberichte von Kunden und mehr finden Sie auf der STROMTANK Website https:\/\/stromtank.com\/s4000\/. <a href=\"https:\/\/stromtank.com\/s4000\/\">https:\/\/stromtank.com\/s4000\/<\/a>.<\/p>\n<p><strong>Stromtank S4000 Pro Power: Wo deutsche Ingenieurskunst auf audiophilen Luxus trifft. Erh\u00f6hen Sie Ihren Klang, erh\u00f6hen Sie Ihr Leben!<\/strong><\/p>\n\n\t\t<\/div>\n\t<\/div>\n\r\n\t<div class=\"prelude-spacer clearfix\" data-desktop=\"80\" data-mobi=\"50\" data-smobi=\"50\"><\/div><\/div><\/div><\/div><\/div><\/div><\/div><\/div><\/div><\/div><\/div><\/div><\/section><\/div><div class=\"vc-custom-col-spacing clearfix vc-col-spacing-30\"><section class=\"wpb_row vc_row-fluid row-content-position-Default\"><div class=\"prelude-container\"><div class=\"row-inner clearfix\"><div class=\"wpb_column vc_column_container vc_col-sm-12\"><div class=\"vc_column-inner\"><div class=\"wpb_wrapper\"><div class=\"prelude-images-grid clearfix\" data-layout=\"slider\" data-column=\"4\" data-column2=\"3\" data-column3=\"2\" data-column4=\"1\" data-gaph=\"0\" data-gapv=\"0\"><div id=\"images-wrap\" class=\"cbp\"><div class=\"cbp-item\"><div class=\"item-wrap\" style=\"\"><a class=\"zoom-popup cbp-lightbox\" href=\"https:\/\/oip-luxware.com\/wp-content\/uploads\/2023\/09\/S4000_03-scaled.jpg\"><\/a><img src=\"https:\/\/oip-luxware.com\/wp-content\/uploads\/2023\/09\/S4000_03-570x570.jpg\" alt=\"image\" \/><\/div><\/div><div class=\"cbp-item\"><div class=\"item-wrap\" style=\"\"><a class=\"zoom-popup cbp-lightbox\" href=\"https:\/\/oip-luxware.com\/wp-content\/uploads\/2023\/09\/S4000_06-scaled.jpg\"><\/a><img src=\"https:\/\/oip-luxware.com\/wp-content\/uploads\/2023\/09\/S4000_06-570x570.jpg\" alt=\"image\" \/><\/div><\/div><div class=\"cbp-item\"><div class=\"item-wrap\" style=\"\"><a class=\"zoom-popup cbp-lightbox\" href=\"https:\/\/oip-luxware.com\/wp-content\/uploads\/2023\/09\/S4000_02-scaled.jpg\"><\/a><img src=\"https:\/\/oip-luxware.com\/wp-content\/uploads\/2023\/09\/S4000_02-570x570.jpg\" alt=\"image\" \/><\/div><\/div><div class=\"cbp-item\"><div class=\"item-wrap\" style=\"\"><a class=\"zoom-popup cbp-lightbox\" href=\"https:\/\/oip-luxware.com\/wp-content\/uploads\/2023\/09\/S4000_10-scaled.jpg\"><\/a><img src=\"https:\/\/oip-luxware.com\/wp-content\/uploads\/2023\/09\/S4000_10-570x570.jpg\" alt=\"image\" \/><\/div><\/div><div class=\"cbp-item\"><div class=\"item-wrap\" style=\"\"><a class=\"zoom-popup cbp-lightbox\" href=\"https:\/\/oip-luxware.com\/wp-content\/uploads\/2023\/09\/S4000_09-1-scaled.jpg\"><\/a><img src=\"https:\/\/oip-luxware.com\/wp-content\/uploads\/2023\/09\/S4000_09-1-570x570.jpg\" alt=\"image\" \/><\/div><\/div><div class=\"cbp-item\"><div class=\"item-wrap\" style=\"\"><a class=\"zoom-popup cbp-lightbox\" href=\"https:\/\/oip-luxware.com\/wp-content\/uploads\/2023\/09\/S4000_14-scaled.jpg\"><\/a><img src=\"https:\/\/oip-luxware.com\/wp-content\/uploads\/2023\/09\/S4000_14-570x570.jpg\" alt=\"image\" \/><\/div><\/div><div class=\"cbp-item\"><div class=\"item-wrap\" style=\"\"><a class=\"zoom-popup cbp-lightbox\" href=\"https:\/\/oip-luxware.com\/wp-content\/uploads\/2023\/09\/S4000_16-scaled.jpg\"><\/a><img src=\"https:\/\/oip-luxware.com\/wp-content\/uploads\/2023\/09\/S4000_16-570x570.jpg\" alt=\"image\" \/><\/div><\/div><div class=\"cbp-item\"><div class=\"item-wrap\" style=\"\"><a class=\"zoom-popup cbp-lightbox\" href=\"https:\/\/oip-luxware.com\/wp-content\/uploads\/2023\/09\/S4000_08-scaled.jpg\"><\/a><img src=\"https:\/\/oip-luxware.com\/wp-content\/uploads\/2023\/09\/S4000_08-570x570.jpg\" alt=\"image\" \/><\/div><\/div><div class=\"cbp-item\"><div class=\"item-wrap\" style=\"\"><a class=\"zoom-popup cbp-lightbox\" href=\"https:\/\/oip-luxware.com\/wp-content\/uploads\/2023\/09\/S4000_11-scaled.jpg\"><\/a><img src=\"https:\/\/oip-luxware.com\/wp-content\/uploads\/2023\/09\/S4000_11-570x570.jpg\" alt=\"image\" \/><\/div><\/div><div class=\"cbp-item\"><div class=\"item-wrap\" style=\"\"><a class=\"zoom-popup cbp-lightbox\" href=\"https:\/\/oip-luxware.com\/wp-content\/uploads\/2023\/09\/S4000_12-scaled.jpg\"><\/a><img src=\"https:\/\/oip-luxware.com\/wp-content\/uploads\/2023\/09\/S4000_12-570x570.jpg\" alt=\"image\" \/><\/div><\/div><div class=\"cbp-item\"><div class=\"item-wrap\" style=\"\"><a class=\"zoom-popup cbp-lightbox\" href=\"https:\/\/oip-luxware.com\/wp-content\/uploads\/2023\/09\/S4000_13-scaled.jpg\"><\/a><img src=\"https:\/\/oip-luxware.com\/wp-content\/uploads\/2023\/09\/S4000_13-570x570.jpg\" alt=\"image\" \/><\/div><\/div><div class=\"cbp-item\"><div class=\"item-wrap\" style=\"\"><a class=\"zoom-popup cbp-lightbox\" href=\"https:\/\/oip-luxware.com\/wp-content\/uploads\/2023\/09\/S4000_17-scaled.jpg\"><\/a><img src=\"https:\/\/oip-luxware.com\/wp-content\/uploads\/2023\/09\/S4000_17-570x570.jpg\" alt=\"image\" \/><\/div><\/div><\/div><\/div>\r\n\t<div class=\"prelude-spacer clearfix\" data-desktop=\"90\" data-mobi=\"40\" data-smobi=\"30\"><\/div><\/div><\/div><\/div><\/div><\/div><\/section><\/div><div class=\"vc-custom-col-spacing clearfix vc-col-spacing-30\"><section class=\"wpb_row vc_row-fluid row-content-position-Default\"><div class=\"prelude-container\"><div class=\"row-inner clearfix\"><div class=\"wpb_column vc_column_container vc_col-sm-6\"><div class=\"vc_column-inner\"><div class=\"wpb_wrapper\"><div class=\"button-wrap icon-right\" style=\"\" ><a href=\"https:\/\/oip-luxware.com\/de\/contact-us\/\" target=\"_self\" class=\"prelude-button btn-1502542029 medium no_icon custom custom outline solid custom\" style=\"border-width:1px;\"  data-background=\"\" data-text=\"\" data-border=\"\">\r\n\t\t<span style=\"\">Hier anfragen <\/span>\r\n\t<\/a><\/div><\/div><\/div><\/div><div class=\"wpb_column vc_column_container vc_col-sm-6\"><div class=\"vc_column-inner\"><div class=\"wpb_wrapper\"><div class=\"button-wrap icon-right\" style=\"\" ><a href=\"https:\/\/stromtank.com\/s4000\/\" target=\"_blank\" class=\"prelude-button btn-917079033 medium no_icon custom custom outline solid custom\" style=\"border-width:1px;\"  data-background=\"\" data-text=\"\" data-border=\"\">\r\n\t\t<span style=\"\">Siehe weitere Details auf der STROMTANK Website <\/span>\r\n\t<\/a><\/div><\/div><\/div><\/div><\/div><\/div><\/section><\/div><div class=\"vc-custom-col-spacing clearfix vc-col-spacing-30\"><section class=\"wpb_row vc_row-fluid row-content-position-Default\"><div class=\"prelude-container\"><div class=\"row-inner clearfix\"><div class=\"wpb_column vc_column_container vc_col-sm-12\"><div class=\"vc_column-inner\"><div class=\"wpb_wrapper\">\r\n\t<div class=\"prelude-spacer clearfix\" data-desktop=\"100\" data-mobi=\"80\" data-smobi=\"80\"><\/div><\/div><\/div><\/div><\/div><\/div><\/section><\/div>\n<\/section>","protected":false},"excerpt":{"rendered":"Elevate Your Audiophile Experience with Stromtank S4000 Pro Power: Unleash Extravagance, Uninterrupted Sound! STROMTANK S4000 Pro Power Immerse yourself in the world of pristine audio power, meticulously engineered in the heart of Berlin, Germany by Stromtank, a name synonymous with excellence and innovation in electrical engineering. Indulge yourself with an","protected":false},"author":5,"featured_media":0,"parent":0,"menu_order":0,"comment_status":"closed","ping_status":"closed","template":"","meta":[],"_links":{"self":[{"href":"https:\/\/oip-luxware.com\/de\/wp-json\/wp\/v2\/pages\/14079"}],"collection":[{"href":"https:\/\/oip-luxware.com\/de\/wp-json\/wp\/v2\/pages"}],"about":[{"href":"https:\/\/oip-luxware.com\/de\/wp-json\/wp\/v2\/types\/page"}],"author":[{"embeddable":true,"href":"https:\/\/oip-luxware.com\/de\/wp-json\/wp\/v2\/users\/5"}],"replies":[{"embeddable":true,"href":"https:\/\/oip-luxware.com\/de\/wp-json\/wp\/v2\/comments?post=14079"}],"version-history":[{"count":9,"href":"https:\/\/oip-luxware.com\/de\/wp-json\/wp\/v2\/pages\/14079\/revisions"}],"predecessor-version":[{"id":14232,"href":"https:\/\/oip-luxware.com\/de\/wp-json\/wp\/v2\/pages\/14079\/revisions\/14232"}],"wp:attachment":[{"href":"https:\/\/oip-luxware.com\/de\/wp-json\/wp\/v2\/media?parent=14079"}],"curies":[{"name":"wp","href":"https:\/\/api.w.org\/{rel}","templated":true}]}}